{"id":1982,"date":"2025-05-13T09:58:22","date_gmt":"2025-05-13T07:58:22","guid":{"rendered":"https:\/\/kastelmeble.radom.pl\/bisparkiet\/?post_type=product&#038;p=1982"},"modified":"2025-05-13T09:58:39","modified_gmt":"2025-05-13T07:58:39","slug":"deska-tarasowa-garapa-21x145mm","status":"publish","type":"product","link":"https:\/\/kastelmeble.radom.pl\/bisparkiet\/produkt\/deska-tarasowa-garapa-21x145mm\/","title":{"rendered":"Deska tarasowa Garapa 21x145mm"},"content":{"rendered":"<p>Deska tarasowa Garapa 21x145mm<\/p>\n<p>Profil: drobno g\u0142adki<br \/>\nGrubo\u015b\u0107: 21 mm<br \/>\nSzeroko\u015b\u0107:\u00a0145 mm<\/p>\n<p>Dost\u0119pna w d\u0142ugo\u015bciach: 2,15 m- 3,97 m<\/p>\n<p>&nbsp;<\/p>\n<p><strong> Garapa<\/strong> to bardzo twardy i wytrzyma\u0142y gatunek drewna egzotycznego o wysokiej naturalnej trwa\u0142o\u015bci.\u00a0 Drewno Garapa jest w pi\u0119knym naturalnym kolorze \u017c\u00f3\u0142to br\u0105zowym . Powy\u017csze atuty oraz du\u017ca odporno\u015b\u0107 na rozk\u0142ad przez grzyby i mikroorganizmy oraz ataki owad\u00f3w, predysponuje drewno Garapa jako \u015bwietny materia\u0142 do zastosowa\u0144 na deski tarasowe.<\/p>\n","protected":false},"excerpt":{"rendered":"<p>(352z\u0142\/m2)Brutto<br \/>\nCena dotyczy 1mb deski tarasowej Garapa<\/p>\n<p>Profil: drobno g\u0142adki<br \/>\nGrubo\u015b\u0107: 21 mm<br \/>\nSzeroko\u015b\u0107:\u00a0145 mm<\/p>\n","protected":false},"featured_media":2002,"comment_status":"open","ping_status":"closed","template":"","meta":[],"product_brand":[],"product_cat":[36,32],"product_tag":[],"class_list":{"0":"post-1982","1":"product","2":"type-product","3":"status-publish","4":"has-post-thumbnail","6":"product_cat-deski-tarasowe-egzotyczne","7":"product_cat-tarasy","9":"first","10":"instock","11":"shipping-taxable","12":"purchasable","13":"product-type-simple"},"_links":{"self":[{"href":"https:\/\/kastelmeble.radom.pl\/bisparkiet\/wp-json\/wp\/v2\/product\/1982","targetHints":{"allow":["GET"]}}],"collection":[{"href":"https:\/\/kastelmeble.radom.pl\/bisparkiet\/wp-json\/wp\/v2\/product"}],"about":[{"href":"https:\/\/kastelmeble.radom.pl\/bisparkiet\/wp-json\/wp\/v2\/types\/product"}],"replies":[{"embeddable":true,"href":"https:\/\/kastelmeble.radom.pl\/bisparkiet\/wp-json\/wp\/v2\/comments?post=1982"}],"wp:featuredmedia":[{"embeddable":true,"href":"https:\/\/kastelmeble.radom.pl\/bisparkiet\/wp-json\/wp\/v2\/media\/2002"}],"wp:attachment":[{"href":"https:\/\/kastelmeble.radom.pl\/bisparkiet\/wp-json\/wp\/v2\/media?parent=1982"}],"wp:term":[{"taxonomy":"product_brand","embeddable":true,"href":"https:\/\/kastelmeble.radom.pl\/bisparkiet\/wp-json\/wp\/v2\/product_brand?post=1982"},{"taxonomy":"product_cat","embeddable":true,"href":"https:\/\/kastelmeble.radom.pl\/bisparkiet\/wp-json\/wp\/v2\/product_cat?post=1982"},{"taxonomy":"product_tag","embeddable":true,"href":"https:\/\/kastelmeble.radom.pl\/bisparkiet\/wp-json\/wp\/v2\/product_tag?post=1982"}],"curies":[{"name":"wp","href":"https:\/\/api.w.org\/{rel}","templated":true}]}}