{"id":1979,"date":"2025-05-13T09:58:22","date_gmt":"2025-05-13T07:58:22","guid":{"rendered":"https:\/\/kastelmeble.radom.pl\/bisparkiet\/?post_type=product&#038;p=1979"},"modified":"2025-05-13T10:05:20","modified_gmt":"2025-05-13T08:05:20","slug":"deska-elewacyjna-kompozyt-uh46-ultrashield-25x1215x2800","status":"publish","type":"product","link":"https:\/\/kastelmeble.radom.pl\/bisparkiet\/produkt\/deska-elewacyjna-kompozyt-uh46-ultrashield-25x1215x2800\/","title":{"rendered":"Deska elewacyjna kompozyt UH46 Ultrashield 25&#215;121,5&#215;2800"},"content":{"rendered":"<p><b>Deska elewacyjna kompozytowa 3D\u00a0 25x121x2800mm<\/b><\/p>\n<p><strong>Grubo\u015b\u0107:<\/strong> 25 mm<\/p>\n<p><strong>Szeroko\u015b\u0107:<\/strong> 121 mm<\/p>\n<p><strong>Dost\u0119pna w d\u0142ugo\u015bciach:<\/strong>\u00a0 2800 mm<\/p>\n<p>&nbsp;<\/p>\n<p>Deski elewacyjne Ultrashield Naturale oraz kompozytowe deski elewacyjne sk\u0142adaj\u0105 si\u0119 z mieszanki: 60% m\u0105czki drzewnej oraz 30% polimer\u00f3w HDPE. Dzi\u0119ki takim proporcjom zawarto\u015bci drewna w materiale, deski elewacyjne maj\u0105 powierzchni\u0119 oraz struktur\u0119 przypominaj\u0105c\u0105 w dotyku naturalne drewno. Polimery wchodz\u0105ce w sk\u0142ad mieszanki odpowiadaj\u0105 natomiast za odporno\u015b\u0107 na warunki atmosferyczne, trwa\u0142o\u015b\u0107 oraz kolor. Ca\u0142y system desek elewacyjnych po\u0142\u0105czony jest za pomoc\u0105 niewidocznych klips\u00f3w, kt\u00f3re s\u0105 przykr\u0119cane bezpo\u015brednio do legar\u00f3w.<\/p>\n","protected":false},"excerpt":{"rendered":"<p>Cena dotyczy 1mb deski elewacyjnej kompozytowej Ultrashield 25&#215;121,5&#215;2800 mm<\/p>\n<p><strong>Grubo\u015b\u0107:<\/strong> 25 mm<\/p>\n<p><strong>Szeroko\u015b\u0107:<\/strong> 121,5 mm<\/p>\n<p><strong>Dost\u0119pna w d\u0142ugo\u015bciach:<\/strong>\u00a0 2800 mm<\/p>\n<p>&nbsp;<\/p>\n","protected":false},"featured_media":2000,"comment_status":"open","ping_status":"closed","template":"","meta":[],"product_brand":[],"product_cat":[61,55],"product_tag":[],"class_list":{"0":"post-1979","1":"product","2":"type-product","3":"status-publish","4":"has-post-thumbnail","6":"product_cat-deska-kompozytowa","7":"product_cat-elewacje","9":"first","10":"instock","11":"shipping-taxable","12":"purchasable","13":"product-type-variable"},"_links":{"self":[{"href":"https:\/\/kastelmeble.radom.pl\/bisparkiet\/wp-json\/wp\/v2\/product\/1979","targetHints":{"allow":["GET"]}}],"collection":[{"href":"https:\/\/kastelmeble.radom.pl\/bisparkiet\/wp-json\/wp\/v2\/product"}],"about":[{"href":"https:\/\/kastelmeble.radom.pl\/bisparkiet\/wp-json\/wp\/v2\/types\/product"}],"replies":[{"embeddable":true,"href":"https:\/\/kastelmeble.radom.pl\/bisparkiet\/wp-json\/wp\/v2\/comments?post=1979"}],"wp:featuredmedia":[{"embeddable":true,"href":"https:\/\/kastelmeble.radom.pl\/bisparkiet\/wp-json\/wp\/v2\/media\/2000"}],"wp:attachment":[{"href":"https:\/\/kastelmeble.radom.pl\/bisparkiet\/wp-json\/wp\/v2\/media?parent=1979"}],"wp:term":[{"taxonomy":"product_brand","embeddable":true,"href":"https:\/\/kastelmeble.radom.pl\/bisparkiet\/wp-json\/wp\/v2\/product_brand?post=1979"},{"taxonomy":"product_cat","embeddable":true,"href":"https:\/\/kastelmeble.radom.pl\/bisparkiet\/wp-json\/wp\/v2\/product_cat?post=1979"},{"taxonomy":"product_tag","embeddable":true,"href":"https:\/\/kastelmeble.radom.pl\/bisparkiet\/wp-json\/wp\/v2\/product_tag?post=1979"}],"curies":[{"name":"wp","href":"https:\/\/api.w.org\/{rel}","templated":true}]}}