{"id":1976,"date":"2025-05-13T09:58:22","date_gmt":"2025-05-13T07:58:22","guid":{"rendered":"https:\/\/kastelmeble.radom.pl\/bisparkiet\/?post_type=product&#038;p=1976"},"modified":"2025-05-13T09:58:44","modified_gmt":"2025-05-13T07:58:44","slug":"osmo-lazura-olejna-do-ochrony-drewna-25l","status":"publish","type":"product","link":"https:\/\/kastelmeble.radom.pl\/bisparkiet\/produkt\/osmo-lazura-olejna-do-ochrony-drewna-25l\/","title":{"rendered":"Osmo Lazura olejna do ochrony drewna 2,5L"},"content":{"rendered":"<p>[vc_row][vc_column][vc_column_text text_larger=&#8221;no&#8221;]<\/p>\n<div class=\"summary entry-summary\">\n<div class=\"woocommerce-product-details__short-description\">\n<p>Lazura Olejna do Ochrony Drewna to dekoracyjna, transparentnie barwi\u0105ca pow\u0142oka do ochrony drewna na zewn\u0105trz. Zosta\u0142a opracowana na bazie naturalnych olej\u00f3w ro\u015blinnych, kt\u00f3re wnikaj\u0105 g\u0142\u0119boko w drewno, zachowuj\u0105c jego elastyczno\u015b\u0107 i zdrowy wygl\u0105d. Lazura nadaje drewnu pi\u0119kny kolor, pozostawiaj\u0105c doskonale widoczny rysunek s\u0142oj\u00f3w drewna.<br \/>\nTa mikroporowata pow\u0142oka pozwala drewnu swobodnie oddycha\u0107, redukuj\u0105c jego p\u0119cznienie i kurczenie si\u0119. Dzi\u0119ki temu nigdy nie p\u0119ka, nie wybrzusza si\u0119, ani nie odpryskuje. Lazura dzia\u0142a hydrofobowo i jest nadzwyczaj odporna na warunki atmosferyczne oraz promienie UV.<br \/>\nW celu od\u015bwie\u017cenia wystarczy j\u0105 po prostu oczy\u015bci\u0107 i powt\u00f3rnie przemalowa\u0107; szlifowanie i gruntowanie powierzchni nie jest konieczne.<br \/>\nTa nowoczesna i wydajna lazura do drewna jest bardzo \u0142atwa w aplikacji i renowacji \u2013 nie rozwarstwia si\u0119 ani nie zasycha podczas nak\u0142adania.<\/p>\n<p>Lazura Olejna do Ochrony Drewna zawiera aktywne sk\u0142adniki chroni\u0105ce j\u0105 przed atakiem ple\u015bni, alg i grzyb\u00f3w i sprawdza si\u0119 od dziesi\u0119cioleci, r\u00f3wnie\u017c w ekstremalnych warunkach klimatycznych.<\/p>\n<\/div>\n<\/div>\n<p>[\/vc_column_text][\/vc_column][\/vc_row][vc_row][vc_column width=&#8221;1\/3&#8243;][vc_column_text text_larger=&#8221;no&#8221;]<\/p>\n<div class=\"content-column one_third kolumna-0\">\n<div id=\"envira-gallery-wrap-511\" class=\"envira-gallery-wrap envira-gallery-theme-captioned envira-lightbox-theme-base_dark\">\n<div id=\"envira-gallery-511\" class=\"envira-gallery-public envira-gallery-4-columns envira-clear\" data-row-height=\"\" data-justified-margins=\"\" data-gallery-theme=\"\" data-envira-columns=\"4\">\n<div id=\"envira-gallery-item-513\" class=\"envira-gallery-item enviratope-item envira-gallery-item-1\">\n<div class=\"envira-gallery-item-inner\">\n<div class=\"envira-gallery-item-inner\">\n<div class=\"envira-gallery-captioned-data\">\n<p><strong>ZASTOSOWANIE<\/strong><\/p>\n<p><img decoding=\"async\" class=\"alignnone size-full wp-image-8657\" src=\"https:\/\/bisparkiet.pl\/wp-content\/uploads\/2021\/04\/kropkaa.jpg\" alt=\"\" width=\"14\" height=\"14\" \/> do zabezpieczenia i transparentnego barwienia drewna na zewn\u0105trz<br \/>\n<img decoding=\"async\" class=\"alignnone size-full wp-image-8657\" src=\"https:\/\/bisparkiet.pl\/wp-content\/uploads\/2021\/04\/kropkaa.jpg\" alt=\"\" width=\"14\" height=\"14\" \/> idealna do fasad, elewacji, wiat gara\u017cowych, balkon\u00f3w, taras\u00f3w, bram, pergoli, mebli ogrodowych, altanek (elementy niestabilne wymiarowo) do drzwi, okien i okiennic (elementy stabilne wymiarowo)<\/p>\n<\/div>\n<\/div>\n<\/div>\n<\/div>\n<\/div>\n<\/div>\n<\/div>\n<p>[\/vc_column_text][\/vc_column][vc_column width=&#8221;1\/3&#8243;][vc_column_text text_larger=&#8221;no&#8221;]<\/p>\n<div class=\"content-column one_third kolumna-1\">\n<div>\n<p><strong>ZALETY<\/strong><\/p>\n<p><img decoding=\"async\" class=\"alignnone size-full wp-image-8657\" src=\"https:\/\/bisparkiet.pl\/wp-content\/uploads\/2021\/04\/kropkaa.jpg\" alt=\"\" width=\"14\" height=\"14\" \/> grunt i lazura do drewna w jednej, innowacyjnej pow\u0142oce<br \/>\n<img decoding=\"async\" class=\"alignnone size-full wp-image-8657\" src=\"https:\/\/bisparkiet.pl\/wp-content\/uploads\/2021\/04\/kropkaa.jpg\" alt=\"\" width=\"14\" height=\"14\" \/> hydrofobowa, odporna na dzia\u0142anie czynnik\u00f3w atmosferycznych i promieni UV<br \/>\n<img decoding=\"async\" class=\"alignnone size-full wp-image-8657\" src=\"https:\/\/bisparkiet.pl\/wp-content\/uploads\/2021\/04\/kropkaa.jpg\" alt=\"\" width=\"14\" height=\"14\" \/> chroni drewno przed wod\u0105 i brudem<br \/>\n<img decoding=\"async\" class=\"alignnone size-full wp-image-8657\" src=\"https:\/\/bisparkiet.pl\/wp-content\/uploads\/2021\/04\/kropkaa.jpg\" alt=\"\" width=\"14\" height=\"14\" \/> mikroporowata pow\u0142oka pozwala drewnu swobodnie oddycha\u0107<br \/>\n<img decoding=\"async\" class=\"alignnone size-full wp-image-8657\" src=\"https:\/\/bisparkiet.pl\/wp-content\/uploads\/2021\/04\/kropkaa.jpg\" alt=\"\" width=\"14\" height=\"14\" \/> redukuje p\u0119cznienie i kurczenie si\u0119 drewna \u2013\u00a0nie p\u0119ka, nie \u0142uszczy, ani nie odpryskuje<br \/>\n<img decoding=\"async\" class=\"alignnone size-full wp-image-8657\" src=\"https:\/\/bisparkiet.pl\/wp-content\/uploads\/2021\/04\/kropkaa.jpg\" alt=\"\" width=\"14\" height=\"14\" \/> \u0142atwa aplikacja i renowacja \u2013\u00a0nie wymaga szlifowania ani gruntowania<br \/>\n<img decoding=\"async\" class=\"alignnone size-full wp-image-8657\" src=\"https:\/\/bisparkiet.pl\/wp-content\/uploads\/2021\/04\/kropkaa.jpg\" alt=\"\" width=\"14\" height=\"14\" \/> aktywne sk\u0142adniki chroni\u0105 pow\u0142ok\u0119 przed atakiem ple\u015bni, glon\u00f3w i grzyb\u00f3w<br \/>\n<img decoding=\"async\" class=\"alignnone size-full wp-image-8657\" src=\"https:\/\/bisparkiet.pl\/wp-content\/uploads\/2021\/04\/kropkaa.jpg\" alt=\"\" width=\"14\" height=\"14\" \/> bardzo wydajna<\/p>\n<\/div>\n<\/div>\n<p>[\/vc_column_text][\/vc_column][vc_column width=&#8221;1\/3&#8243;][vc_column_text text_larger=&#8221;no&#8221;]<strong>SPOS\u00d3B APLIKACJI<\/strong><\/p>\n<p><img decoding=\"async\" class=\"alignnone size-full wp-image-8756\" src=\"https:\/\/bisparkiet.pl\/wp-content\/uploads\/2021\/04\/walekpacapedzel.jpg\" alt=\"\" width=\"266\" height=\"63\" \/>[\/vc_column_text][vc_column_text text_larger=&#8221;no&#8221;]<strong>DO POBRANIA<br \/>\n<\/strong><\/p>\n<p><a href=\"https:\/\/osmo.com.pl\/wp-content\/uploads\/7XX_Lazura-olejna-do-ochrony-drewna.pdf\" target=\"_blank\" rel=\"noopener\" data-wp-editing=\"1\"><img decoding=\"async\" class=\"alignnone size-full wp-image-8642\" src=\"https:\/\/bisparkiet.pl\/wp-content\/uploads\/2021\/04\/FireShot-Capture-340-WOSK-TWARDY-OLEJNY-ORIGINAL-Osmo-Impregnaty-do-drewna-osmo.com_.pl_.png\" alt=\"\" width=\"20\" height=\"24\" \/> Karta produktu<\/a><br \/>\n<a href=\"https:\/\/osmo.com.pl\/wp-content\/uploads\/700-1415_Lazura_Olejna_do_Ochrony_Drewna-PL-18.0.pdf\" target=\"_blank\" rel=\"noopener\"><img decoding=\"async\" class=\"alignnone size-full wp-image-8642\" src=\"https:\/\/bisparkiet.pl\/wp-content\/uploads\/2021\/04\/FireShot-Capture-340-WOSK-TWARDY-OLEJNY-ORIGINAL-Osmo-Impregnaty-do-drewna-osmo.com_.pl_.png\" alt=\"\" width=\"20\" height=\"24\" \/> Karta charakterystyki<\/a><br \/>\n<a href=\"https:\/\/osmo.com.pl\/wp-content\/uploads\/701_Lazura_Olejna_do_Ochrony_Drewna-PL-18.1.pdf\" target=\"_blank\" rel=\"noopener\"><img decoding=\"async\" class=\"alignnone size-full wp-image-8642\" src=\"https:\/\/bisparkiet.pl\/wp-content\/uploads\/2021\/04\/FireShot-Capture-340-WOSK-TWARDY-OLEJNY-ORIGINAL-Osmo-Impregnaty-do-drewna-osmo.com_.pl_.png\" alt=\"\" width=\"20\" height=\"24\" \/> Karta charakterystyki<\/a>[\/vc_column_text][vc_single_image image=&#8221;8737&#8243; img_size=&#8221;full&#8221; parallax_scroll=&#8221;no&#8221;][\/vc_column][\/vc_row][vc_row][vc_column][\/vc_column][\/vc_row]<\/p>\n","protected":false},"excerpt":{"rendered":"<p>Wosk Twardy Olejny Original to bezbarwna pow\u0142oka na bazie naturalnych olej\u00f3w i wosk\u00f3w, opracowana specjalnie z my\u015bl\u0105 o profesjonalnym wyko\u0144czeniu pod\u0142\u00f3g i innych silnie obci\u0105\u017conych powierzchni drewnianych.<\/p>\n","protected":false},"featured_media":1999,"comment_status":"open","ping_status":"closed","template":"","meta":[],"product_brand":[],"product_cat":[43,63],"product_tag":[],"class_list":{"0":"post-1976","1":"product","2":"type-product","3":"status-publish","4":"has-post-thumbnail","6":"product_cat-impregnaty-do-drewna","7":"product_cat-lazury-do-drewna","8":"product_shipping_class-lekkie-produkty","10":"first","11":"instock","12":"shipping-taxable","13":"purchasable","14":"product-type-variable"},"_links":{"self":[{"href":"https:\/\/kastelmeble.radom.pl\/bisparkiet\/wp-json\/wp\/v2\/product\/1976","targetHints":{"allow":["GET"]}}],"collection":[{"href":"https:\/\/kastelmeble.radom.pl\/bisparkiet\/wp-json\/wp\/v2\/product"}],"about":[{"href":"https:\/\/kastelmeble.radom.pl\/bisparkiet\/wp-json\/wp\/v2\/types\/product"}],"replies":[{"embeddable":true,"href":"https:\/\/kastelmeble.radom.pl\/bisparkiet\/wp-json\/wp\/v2\/comments?post=1976"}],"wp:featuredmedia":[{"embeddable":true,"href":"https:\/\/kastelmeble.radom.pl\/bisparkiet\/wp-json\/wp\/v2\/media\/1999"}],"wp:attachment":[{"href":"https:\/\/kastelmeble.radom.pl\/bisparkiet\/wp-json\/wp\/v2\/media?parent=1976"}],"wp:term":[{"taxonomy":"product_brand","embeddable":true,"href":"https:\/\/kastelmeble.radom.pl\/bisparkiet\/wp-json\/wp\/v2\/product_brand?post=1976"},{"taxonomy":"product_cat","embeddable":true,"href":"https:\/\/kastelmeble.radom.pl\/bisparkiet\/wp-json\/wp\/v2\/product_cat?post=1976"},{"taxonomy":"product_tag","embeddable":true,"href":"https:\/\/kastelmeble.radom.pl\/bisparkiet\/wp-json\/wp\/v2\/product_tag?post=1976"}],"curies":[{"name":"wp","href":"https:\/\/api.w.org\/{rel}","templated":true}]}}