{"id":1973,"date":"2025-05-13T09:58:21","date_gmt":"2025-05-13T07:58:21","guid":{"rendered":"https:\/\/kastelmeble.radom.pl\/bisparkiet\/?post_type=product&#038;p=1973"},"modified":"2025-05-13T09:58:44","modified_gmt":"2025-05-13T07:58:44","slug":"osmo-lazura-jednorazowa-hs-plus-25l","status":"publish","type":"product","link":"https:\/\/kastelmeble.radom.pl\/bisparkiet\/produkt\/osmo-lazura-jednorazowa-hs-plus-25l\/","title":{"rendered":"Osmo Lazura Jednorazowa HS Plus 2,5L"},"content":{"rendered":"<p>[vc_row][vc_column][vc_column_text text_larger=&#8221;no&#8221;]Niezwykle wydajna, transparentnie barwi\u0105ca pow\u0142oka do ochrony wszelkiego drewna na zewn\u0105trz. Opracowana na bazie naturalnych olej\u00f3w ro\u015blinnych, kt\u00f3re wnikaj\u0105 g\u0142\u0119boko w drewno, zachowuj\u0105c jego elastyczno\u015b\u0107 i zdrowy wygl\u0105d. Charakteryzuje si\u0119 niezwykle wysok\u0105 zawarto\u015bci\u0105 substancji sta\u0142ych, co sprawia, \u017ce jest niezwykle wydajna. Ju\u017c jedna, cienka warstwa zapewnia optymaln\u0105 ochron\u0119 powierzchni. Nada drewnu delikatny, trwa\u0142y kolor, pozostawiaj\u0105c doskonale widoczny rysunek s\u0142oj\u00f3w drewna.<br \/>\nTa mikroporowata pow\u0142oka pozwala drewnu swobodnie oddycha\u0107, redukuj\u0105c jego p\u0119cznienie i kurczenie si\u0119. Dzi\u0119ki temu nigdy nie p\u0119ka, nie wybrzusza si\u0119, ani nie odpryskuje. Dzia\u0142a hydrofobowo i jest nadzwyczaj odporna na warunki atmosferyczne oraz promienie UV.<br \/>\nCelem od\u015bwie\u017cenia wystarczy j\u0105 po prostu oczy\u015bci\u0107 i powt\u00f3rnie przemalowa\u0107; szlifowanie i gruntowanie powierzchni nie jest konieczne.<br \/>\n\u0141atwa i szybka aplikacja i renowacja \u2013 wystarcza jedna warstwa. Nie zasycha podczas nak\u0142adania. Lazura jednorazowa HSPlus zawiera znikome ilo\u015bci rozpuszczalnik\u00f3w, nie zawiera biocyd\u00f3w ani \u015brodk\u00f3w konserwuj\u0105cych \u2013 a wi\u0119c jes szczeg\u00f3lnie przyjazna dla \u015brodowiska. Pow\u0142oka po wyschni\u0119ciu jest bezpieczna dla ludzi, zwierz\u0105t i ro\u015blin (odporna na \u015blin\u0119 i pot zgodnie z DIN 53160; bezpieczna pow\u0142oka zabawek dzieci\u0119cych zgodnie z EN 71.3).[\/vc_column_text][\/vc_column][\/vc_row][vc_row][vc_column width=&#8221;1\/3&#8243;][vc_column_text text_larger=&#8221;no&#8221;]<\/p>\n<div class=\"content-column one_third kolumna-0\">\n<div id=\"envira-gallery-wrap-511\" class=\"envira-gallery-wrap envira-gallery-theme-captioned envira-lightbox-theme-base_dark\">\n<div id=\"envira-gallery-511\" class=\"envira-gallery-public envira-gallery-4-columns envira-clear\" data-row-height=\"\" data-justified-margins=\"\" data-gallery-theme=\"\" data-envira-columns=\"4\">\n<div id=\"envira-gallery-item-513\" class=\"envira-gallery-item enviratope-item envira-gallery-item-1\">\n<div class=\"envira-gallery-item-inner\">\n<div class=\"envira-gallery-item-inner\">\n<div class=\"envira-gallery-captioned-data\">\n<p><strong>ZASTOSOWANIE<\/strong><\/p>\n<p><img decoding=\"async\" class=\"alignnone size-full wp-image-8657\" src=\"https:\/\/bisparkiet.pl\/wp-content\/uploads\/2021\/04\/kropkaa.jpg\" alt=\"\" width=\"14\" height=\"14\" \/> do ochrony i transparentnego barwienia drewna na zewn\u0105trz<br \/>\n<img decoding=\"async\" class=\"alignnone size-full wp-image-8657\" src=\"https:\/\/bisparkiet.pl\/wp-content\/uploads\/2021\/04\/kropkaa.jpg\" alt=\"\" width=\"14\" height=\"14\" \/> idealna fasad, wiat gara\u017cowych, balkon\u00f3w, bram, pergoli, mebli ogrodowych i altanek<br \/>\n<img decoding=\"async\" class=\"alignnone size-full wp-image-8657\" src=\"https:\/\/bisparkiet.pl\/wp-content\/uploads\/2021\/04\/kropkaa.jpg\" alt=\"\" width=\"14\" height=\"14\" \/> nadaje si\u0119 r\u00f3wnie\u017c do drewna do wewn\u0105trz (po wyschni\u0119ciu jest bezpieczna dla ludzi, zwierz\u0105t i ro\u015blin)<\/p>\n<\/div>\n<\/div>\n<\/div>\n<\/div>\n<\/div>\n<\/div>\n<\/div>\n<p>[\/vc_column_text][\/vc_column][vc_column width=&#8221;1\/3&#8243;][vc_column_text text_larger=&#8221;no&#8221;]<\/p>\n<div class=\"content-column one_third kolumna-1\">\n<div>\n<p><strong>ZALETY<\/strong><\/p>\n<p><img decoding=\"async\" class=\"alignnone size-full wp-image-8657\" src=\"https:\/\/bisparkiet.pl\/wp-content\/uploads\/2021\/04\/kropkaa.jpg\" alt=\"\" width=\"14\" height=\"14\" \/> ju\u017c jedna pow\u0142oka zapewnia optymaln\u0105 ochron\u0119 drewna<br \/>\n<img decoding=\"async\" class=\"alignnone size-full wp-image-8657\" src=\"https:\/\/bisparkiet.pl\/wp-content\/uploads\/2021\/04\/kropkaa.jpg\" alt=\"\" width=\"14\" height=\"14\" \/> dzi\u0119ki wysokiej wydajno\u015bci niezwykle niska cena za metr kwadratowy<br \/>\n<img decoding=\"async\" class=\"alignnone size-full wp-image-8657\" src=\"https:\/\/bisparkiet.pl\/wp-content\/uploads\/2021\/04\/kropkaa.jpg\" alt=\"\" width=\"14\" height=\"14\" \/> hydrofobowa, odporna na dzia\u0142anie czynnik\u00f3w atmosferycznych i promieni UV<br \/>\n<img decoding=\"async\" class=\"alignnone size-full wp-image-8657\" src=\"https:\/\/bisparkiet.pl\/wp-content\/uploads\/2021\/04\/kropkaa.jpg\" alt=\"\" width=\"14\" height=\"14\" \/> chroni drewno przed wod\u0105 i brudem<br \/>\n<img decoding=\"async\" class=\"alignnone size-full wp-image-8657\" src=\"https:\/\/bisparkiet.pl\/wp-content\/uploads\/2021\/04\/kropkaa.jpg\" alt=\"\" width=\"14\" height=\"14\" \/> mikroporowata pow\u0142oka pozwala drewnu swobodnie oddycha\u0107<br \/>\n<img decoding=\"async\" class=\"alignnone size-full wp-image-8657\" src=\"https:\/\/bisparkiet.pl\/wp-content\/uploads\/2021\/04\/kropkaa.jpg\" alt=\"\" width=\"14\" height=\"14\" \/> redukuje p\u0119cznienie i kurczenie si\u0119 drewna \u2013 nie p\u0119ka, nie \u0142uszczy, ani nie odpryskuje<br \/>\n<img decoding=\"async\" class=\"alignnone size-full wp-image-8657\" src=\"https:\/\/bisparkiet.pl\/wp-content\/uploads\/2021\/04\/kropkaa.jpg\" alt=\"\" width=\"14\" height=\"14\" \/> \u0142atwa aplikacja i renowacja \u2013 nie wymaga szlifowania ani gruntowania<\/p>\n<\/div>\n<\/div>\n<p>[\/vc_column_text][\/vc_column][vc_column width=&#8221;1\/3&#8243;][vc_column_text text_larger=&#8221;no&#8221;]<strong>SPOS\u00d3B APLIKACJI<\/strong><\/p>\n<p><img decoding=\"async\" class=\"alignnone size-full wp-image-8735\" src=\"https:\/\/bisparkiet.pl\/wp-content\/uploads\/2021\/04\/walek-pedzel.jpg\" alt=\"\" width=\"266\" height=\"63\" \/>[\/vc_column_text][vc_column_text text_larger=&#8221;no&#8221;]<strong>DO POBRANIA<br \/>\n<\/strong><\/p>\n<p><a href=\"https:\/\/osmo.com.pl\/wp-content\/uploads\/92XX_Lazura_Jednorazowa_HSPLUS.pdf\" target=\"_blank\" rel=\"noopener\" data-wp-editing=\"1\"><img decoding=\"async\" class=\"alignnone size-full wp-image-8642\" src=\"https:\/\/bisparkiet.pl\/wp-content\/uploads\/2021\/04\/FireShot-Capture-340-WOSK-TWARDY-OLEJNY-ORIGINAL-Osmo-Impregnaty-do-drewna-osmo.com_.pl_.png\" alt=\"\" width=\"20\" height=\"24\" \/> Karta produktu<\/a><br \/>\n<a href=\"https:\/\/osmo.com.pl\/wp-content\/uploads\/9211-9271_Lazura_jednorazowa_HS-PL-15.0.pdf\" target=\"_blank\" rel=\"noopener\"><img decoding=\"async\" class=\"alignnone size-full wp-image-8642\" src=\"https:\/\/bisparkiet.pl\/wp-content\/uploads\/2021\/04\/FireShot-Capture-340-WOSK-TWARDY-OLEJNY-ORIGINAL-Osmo-Impregnaty-do-drewna-osmo.com_.pl_.png\" alt=\"\" width=\"20\" height=\"24\" \/> Karta charakterystyki<\/a>[\/vc_column_text][vc_single_image image=&#8221;8737&#8243; img_size=&#8221;full&#8221; parallax_scroll=&#8221;no&#8221;][\/vc_column][\/vc_row][vc_row][vc_column][\/vc_column][\/vc_row]<\/p>\n","protected":false},"excerpt":{"rendered":"<p>Wosk Twardy Olejny Original to bezbarwna pow\u0142oka na bazie naturalnych olej\u00f3w i wosk\u00f3w, opracowana specjalnie z my\u015bl\u0105 o profesjonalnym wyko\u0144czeniu pod\u0142\u00f3g i innych silnie obci\u0105\u017conych powierzchni drewnianych.<\/p>\n","protected":false},"featured_media":1998,"comment_status":"open","ping_status":"closed","template":"","meta":[],"product_brand":[],"product_cat":[43,63],"product_tag":[],"class_list":{"0":"post-1973","1":"product","2":"type-product","3":"status-publish","4":"has-post-thumbnail","6":"product_cat-impregnaty-do-drewna","7":"product_cat-lazury-do-drewna","8":"product_shipping_class-lekkie-produkty","10":"first","11":"instock","12":"shipping-taxable","13":"purchasable","14":"product-type-variable"},"_links":{"self":[{"href":"https:\/\/kastelmeble.radom.pl\/bisparkiet\/wp-json\/wp\/v2\/product\/1973","targetHints":{"allow":["GET"]}}],"collection":[{"href":"https:\/\/kastelmeble.radom.pl\/bisparkiet\/wp-json\/wp\/v2\/product"}],"about":[{"href":"https:\/\/kastelmeble.radom.pl\/bisparkiet\/wp-json\/wp\/v2\/types\/product"}],"replies":[{"embeddable":true,"href":"https:\/\/kastelmeble.radom.pl\/bisparkiet\/wp-json\/wp\/v2\/comments?post=1973"}],"wp:featuredmedia":[{"embeddable":true,"href":"https:\/\/kastelmeble.radom.pl\/bisparkiet\/wp-json\/wp\/v2\/media\/1998"}],"wp:attachment":[{"href":"https:\/\/kastelmeble.radom.pl\/bisparkiet\/wp-json\/wp\/v2\/media?parent=1973"}],"wp:term":[{"taxonomy":"product_brand","embeddable":true,"href":"https:\/\/kastelmeble.radom.pl\/bisparkiet\/wp-json\/wp\/v2\/product_brand?post=1973"},{"taxonomy":"product_cat","embeddable":true,"href":"https:\/\/kastelmeble.radom.pl\/bisparkiet\/wp-json\/wp\/v2\/product_cat?post=1973"},{"taxonomy":"product_tag","embeddable":true,"href":"https:\/\/kastelmeble.radom.pl\/bisparkiet\/wp-json\/wp\/v2\/product_tag?post=1973"}],"curies":[{"name":"wp","href":"https:\/\/api.w.org\/{rel}","templated":true}]}}