{"id":1958,"date":"2025-05-13T09:57:58","date_gmt":"2025-05-13T07:57:58","guid":{"rendered":"https:\/\/kastelmeble.radom.pl\/bisparkiet\/?post_type=product&#038;p=1958"},"modified":"2025-05-13T09:58:44","modified_gmt":"2025-05-13T07:58:44","slug":"osmo-wosk-dekoracyjny-transparentny-075l","status":"publish","type":"product","link":"https:\/\/kastelmeble.radom.pl\/bisparkiet\/produkt\/osmo-wosk-dekoracyjny-transparentny-075l\/","title":{"rendered":"Osmo wosk dekoracyjny transparentny 0,75L"},"content":{"rendered":"<p>[vc_row][vc_column][vc_column_text text_larger=&#8221;no&#8221;]Transparentny Wosk Dekoracyjny firmy Osmo to nie tradycyjny olej do drewna czy lakier do parkietu.<br \/>\nZapewniaj\u0105 odpowiedni\u0105 ochron\u0119 drewna, nadaj\u0105c mu r\u00f3wnocze\u015bnie pi\u0119kny kolor. Przejrzysta lub p\u00f3\u0142przejrzysta pow\u0142oka barwi pozostawiaj\u0105c doskonale widoczny rysunek us\u0142ojenia i tekstur\u0119 drewna. Trudno o lepsze podkre\u015blenie naturalnego pi\u0119kna tego szlachetnego surowca.<br \/>\nWosk Dekoracyjny jest hydrofobowy, odporny na \u015bcieranie, zabrudzenia i plamy (zgodnie z norm\u0105 DIN 68861 \u2013 1C), a pokryta nim powierzchnia staje si\u0119 przyjemna w dotyku. Ta porowata pozwala drewnu swobodnie oddycha\u0107, redukuj\u0105c p\u0119cznienie i kurczenie si\u0119. Dzi\u0119ki temu nie p\u0119ka, nie \u0142uszczy si\u0119, nie rozwarstwia si\u0119 ani nie odpryskuje jak tradycyjny lakier do drewna.<br \/>\nWykorzystanie naturalnych sk\u0142adnik\u00f3w ro\u015blinnych pozwala osi\u0105gn\u0105\u0107 r\u00f3wnomierne zabarwienie i harmonijne pokrycie powierzchni. Dzi\u0119ki temu aplikacja jest \u0142atwa i szybka, mo\u017cna te\u017c podda\u0107 j\u0105 miejscowej renowacji.<br \/>\nJest r\u00f3wnie\u017c ekologiczna i ze spokojem mo\u017cna ni\u0105 wyko\u0144czy\u0107 zabawki i meble dla dzieci.[\/vc_column_text][\/vc_column][\/vc_row][vc_row][vc_column width=&#8221;1\/3&#8243;][vc_column_text text_larger=&#8221;no&#8221;]<\/p>\n<div class=\"content-column one_third kolumna-0\">\n<div id=\"envira-gallery-wrap-511\" class=\"envira-gallery-wrap envira-gallery-theme-captioned envira-lightbox-theme-base_dark\">\n<div id=\"envira-gallery-511\" class=\"envira-gallery-public envira-gallery-4-columns envira-clear\" data-row-height=\"\" data-justified-margins=\"\" data-gallery-theme=\"\" data-envira-columns=\"4\">\n<div id=\"envira-gallery-item-513\" class=\"envira-gallery-item enviratope-item envira-gallery-item-1\">\n<div class=\"envira-gallery-item-inner\">\n<div class=\"envira-gallery-item-inner\">\n<div class=\"envira-gallery-captioned-data\">\n<p class=\"envira-gallery-captioned-text\"><strong>ZASTOSOWANIE<\/strong><\/p>\n<\/div>\n<\/div>\n<\/div>\n<\/div>\n<\/div>\n<\/div>\n<div class=\"content-column one_third kolumna-0\">\n<p><img decoding=\"async\" class=\"alignnone size-full wp-image-8657\" src=\"https:\/\/bisparkiet.pl\/wp-content\/uploads\/2021\/04\/kropkaa.jpg\" alt=\"\" width=\"14\" height=\"14\" \/> przeznaczony do dekoracyjnego wyko\u0144czenia i ochrony drewna wewn\u0105trz<br \/>\n<img decoding=\"async\" class=\"alignnone size-full wp-image-8657\" src=\"https:\/\/bisparkiet.pl\/wp-content\/uploads\/2021\/04\/kropkaa.jpg\" alt=\"\" width=\"14\" height=\"14\" \/> do paneli \u015bciennych, drzwi, listew i boazerii drewnianej<br \/>\n<img decoding=\"async\" class=\"alignnone size-full wp-image-8657\" src=\"https:\/\/bisparkiet.pl\/wp-content\/uploads\/2021\/04\/kropkaa.jpg\" alt=\"\" width=\"14\" height=\"14\" \/> do przemalowania pociemnia\u0142ych powierzchni drewnianych<br \/>\n<img decoding=\"async\" class=\"alignnone size-full wp-image-8657\" src=\"https:\/\/bisparkiet.pl\/wp-content\/uploads\/2021\/04\/kropkaa.jpg\" alt=\"\" width=\"14\" height=\"14\" \/> jako transparentnie barwi\u0105cy grunt do pod\u0142\u00f3g<br \/>\n<img decoding=\"async\" class=\"alignnone size-full wp-image-8657\" src=\"https:\/\/bisparkiet.pl\/wp-content\/uploads\/2021\/04\/kropkaa.jpg\" alt=\"\" width=\"14\" height=\"14\" \/> nadaje si\u0119 do p\u0142yt wi\u00f3rowych, MDF, drewna klejonego<br \/>\n<img decoding=\"async\" class=\"alignnone size-full wp-image-8657\" src=\"https:\/\/bisparkiet.pl\/wp-content\/uploads\/2021\/04\/kropkaa.jpg\" alt=\"\" width=\"14\" height=\"14\" \/> szczeg\u00f3lnie zalecany do mebli i zabawek<\/p>\n<\/div>\n<\/div>\n<p>[\/vc_column_text][\/vc_column][vc_column width=&#8221;1\/3&#8243;][vc_column_text text_larger=&#8221;no&#8221;]<\/p>\n<div class=\"content-column one_third kolumna-1\">\n<div>\n<p><strong>ZALETY<\/strong><\/p>\n<p><img decoding=\"async\" class=\"alignnone size-full wp-image-8657\" src=\"https:\/\/bisparkiet.pl\/wp-content\/uploads\/2021\/04\/kropkaa.jpg\" alt=\"\" width=\"14\" height=\"14\" \/> du\u017cy wyb\u00f3r naturalnych kolor\u00f3w<br \/>\n<img decoding=\"async\" class=\"alignnone size-full wp-image-8657\" src=\"https:\/\/bisparkiet.pl\/wp-content\/uploads\/2021\/04\/kropkaa.jpg\" alt=\"\" width=\"14\" height=\"14\" \/> nadaje drewnu jednolity kolor i zapewnia harmonijne pokrycie powierzchni bez zak\u0142adek<br \/>\n<img decoding=\"async\" class=\"alignnone size-full wp-image-8657\" src=\"https:\/\/bisparkiet.pl\/wp-content\/uploads\/2021\/04\/kropkaa.jpg\" alt=\"\" width=\"14\" height=\"14\" \/> \u0142atwa aplikacja<br \/>\n<img decoding=\"async\" class=\"alignnone size-full wp-image-8657\" src=\"https:\/\/bisparkiet.pl\/wp-content\/uploads\/2021\/04\/kropkaa.jpg\" alt=\"\" width=\"14\" height=\"14\" \/> mikroporowaty \u2013 pozwala drewnu oddycha\u0107<br \/>\n<img decoding=\"async\" class=\"alignnone size-full wp-image-8657\" src=\"https:\/\/bisparkiet.pl\/wp-content\/uploads\/2021\/04\/kropkaa.jpg\" alt=\"\" width=\"14\" height=\"14\" \/> odporny na brud i domowe \u015brodki czysto\u015bci<br \/>\n<img decoding=\"async\" class=\"alignnone size-full wp-image-8657\" src=\"https:\/\/bisparkiet.pl\/wp-content\/uploads\/2021\/04\/kropkaa.jpg\" alt=\"\" width=\"14\" height=\"14\" \/> odporny na \u015blin\u0119 i pot \u2013 bezpieczna pow\u0142oka dla zabawek dzieci\u0119cych<\/p>\n<\/div>\n<\/div>\n<p>[\/vc_column_text][\/vc_column][vc_column width=&#8221;1\/3&#8243;][vc_column_text text_larger=&#8221;no&#8221;]<strong>SPOS\u00d3B APLIKACJI<\/strong><\/p>\n<p><img decoding=\"async\" class=\"alignnone size-medium wp-image-8690\" src=\"https:\/\/bisparkiet.pl\/wp-content\/uploads\/2021\/04\/Bez-nazwy-7-300x63.jpg\" alt=\"\" width=\"300\" height=\"63\" \/>[\/vc_column_text][vc_column_text text_larger=&#8221;no&#8221;]<strong>DO POBRANIA<br \/>\n<\/strong><\/p>\n<p><a href=\"https:\/\/osmo.com.pl\/wp-content\/uploads\/Wosk-Dekoracyjny-_Transparentne_Intensywne-1.pdf\" target=\"_blank\" rel=\"noopener\" data-wp-editing=\"1\"><img decoding=\"async\" class=\"alignnone size-full wp-image-8642\" src=\"https:\/\/bisparkiet.pl\/wp-content\/uploads\/2021\/04\/FireShot-Capture-340-WOSK-TWARDY-OLEJNY-ORIGINAL-Osmo-Impregnaty-do-drewna-osmo.com_.pl_.png\" alt=\"\" width=\"20\" height=\"24\" \/> Karta produktu<\/a><br \/>\n<a href=\"https:\/\/osmo.com.pl\/wp-content\/uploads\/3101-3188_Wosk_Dekoracyjny-PL-2.0-1.pdf\" target=\"_blank\" rel=\"noopener\"><img decoding=\"async\" class=\"alignnone size-full wp-image-8642\" src=\"https:\/\/bisparkiet.pl\/wp-content\/uploads\/2021\/04\/FireShot-Capture-340-WOSK-TWARDY-OLEJNY-ORIGINAL-Osmo-Impregnaty-do-drewna-osmo.com_.pl_.png\" alt=\"\" width=\"20\" height=\"24\" \/> Karta charakterystyki<\/a>[\/vc_column_text][vc_single_image image=&#8221;8665&#8243; img_size=&#8221;full&#8221; parallax_scroll=&#8221;no&#8221;][\/vc_column][\/vc_row][vc_row][vc_column][vc_column_text text_larger=&#8221;no&#8221;]UWAGA!: Efekt ko\u0144cowy zale\u017cy od gatunku drewna i jego parametr\u00f3w (np. typu powierzchni), dlatego przed aplikacj\u0105 zawsze nale\u017cy wykona\u0107 pr\u00f3b\u0119.[\/vc_column_text][\/vc_column][\/vc_row]<\/p>\n","protected":false},"excerpt":{"rendered":"<p>Wosk Twardy Olejny Original to bezbarwna pow\u0142oka na bazie naturalnych olej\u00f3w i wosk\u00f3w, opracowana specjalnie z my\u015bl\u0105 o profesjonalnym wyko\u0144czeniu pod\u0142\u00f3g i innych silnie obci\u0105\u017conych powierzchni drewnianych.<\/p>\n","protected":false},"featured_media":1996,"comment_status":"open","ping_status":"closed","template":"","meta":[],"product_brand":[],"product_cat":[45,64],"product_tag":[],"class_list":{"0":"post-1958","1":"product","2":"type-product","3":"status-publish","4":"has-post-thumbnail","6":"product_cat-chemia-parkieciarska","7":"product_cat-oleje-i-woski","8":"product_shipping_class-lekkie-produkty","10":"first","11":"instock","12":"shipping-taxable","13":"purchasable","14":"product-type-variable"},"_links":{"self":[{"href":"https:\/\/kastelmeble.radom.pl\/bisparkiet\/wp-json\/wp\/v2\/product\/1958","targetHints":{"allow":["GET"]}}],"collection":[{"href":"https:\/\/kastelmeble.radom.pl\/bisparkiet\/wp-json\/wp\/v2\/product"}],"about":[{"href":"https:\/\/kastelmeble.radom.pl\/bisparkiet\/wp-json\/wp\/v2\/types\/product"}],"replies":[{"embeddable":true,"href":"https:\/\/kastelmeble.radom.pl\/bisparkiet\/wp-json\/wp\/v2\/comments?post=1958"}],"wp:featuredmedia":[{"embeddable":true,"href":"https:\/\/kastelmeble.radom.pl\/bisparkiet\/wp-json\/wp\/v2\/media\/1996"}],"wp:attachment":[{"href":"https:\/\/kastelmeble.radom.pl\/bisparkiet\/wp-json\/wp\/v2\/media?parent=1958"}],"wp:term":[{"taxonomy":"product_brand","embeddable":true,"href":"https:\/\/kastelmeble.radom.pl\/bisparkiet\/wp-json\/wp\/v2\/product_brand?post=1958"},{"taxonomy":"product_cat","embeddable":true,"href":"https:\/\/kastelmeble.radom.pl\/bisparkiet\/wp-json\/wp\/v2\/product_cat?post=1958"},{"taxonomy":"product_tag","embeddable":true,"href":"https:\/\/kastelmeble.radom.pl\/bisparkiet\/wp-json\/wp\/v2\/product_tag?post=1958"}],"curies":[{"name":"wp","href":"https:\/\/api.w.org\/{rel}","templated":true}]}}