{"id":1956,"date":"2025-05-13T09:57:57","date_gmt":"2025-05-13T07:57:57","guid":{"rendered":"https:\/\/kastelmeble.radom.pl\/bisparkiet\/?post_type=product&#038;p=1956"},"modified":"2025-05-13T09:58:44","modified_gmt":"2025-05-13T07:58:44","slug":"osmo-top-olej-do-blatow-kuchennych-05l","status":"publish","type":"product","link":"https:\/\/kastelmeble.radom.pl\/bisparkiet\/produkt\/osmo-top-olej-do-blatow-kuchennych-05l\/","title":{"rendered":"Osmo Top olej do blat\u00f3w kuchennych 0,5L"},"content":{"rendered":"<p>[vc_row][vc_column][vc_column_text text_larger=&#8221;no&#8221;]Top-Olej do blat\u00f3w kuchennych Osmo to pow\u0142oka na bazie naturalnych olej\u00f3w i wosk\u00f3w opracowana specjalnie do drewnianych blat\u00f3w kuchennych i mebli. Zosta\u0142 stworzony na bazie naturalnych olej\u00f3w i wosk\u00f3w ro\u015blinnych. Pozwala drewnu swobodnie oddycha\u0107, nie p\u0119ka, nie \u0142uszczy si\u0119, ani nie odpryskuje. Pokryta nim powierzchnia jest odporna na zabrudzenia z wina, piwa, coli, kawy, herbaty, sok\u00f3w owocowych, mleka, wody itd. zgodnie z norm\u0105 DIN 68861-1A. Zachowuje naturalne pi\u0119kno drewnianych powierzchni, chroni\u0105c je przed wilgoci\u0105 i powstawaniem plam.<br \/>\nPo wyschni\u0119ciu ta ekologiczna pow\u0142oka jest bezpieczna dla ludzi, zwierz\u0105t i ro\u015blin (jest bezpieczn\u0105 pow\u0142ok\u0105 zabawek dzieci\u0119cych zgodnie z EN 71.3 oraz odporna na \u015blin\u0119 i pot zgodnie z DIN 53160). Zosta\u0142a te\u017c dopuszczona do kontaktu z \u017cywno\u015bci\u0105.[\/vc_column_text][\/vc_column][\/vc_row][vc_row][vc_column width=&#8221;1\/3&#8243;][vc_column_text text_larger=&#8221;no&#8221;]<\/p>\n<div class=\"content-column one_third kolumna-0\">\n<div id=\"envira-gallery-wrap-511\" class=\"envira-gallery-wrap envira-gallery-theme-captioned envira-lightbox-theme-base_dark\">\n<div id=\"envira-gallery-511\" class=\"envira-gallery-public envira-gallery-4-columns envira-clear\" data-row-height=\"\" data-justified-margins=\"\" data-gallery-theme=\"\" data-envira-columns=\"4\">\n<div id=\"envira-gallery-item-513\" class=\"envira-gallery-item enviratope-item envira-gallery-item-1\">\n<div class=\"envira-gallery-item-inner\">\n<div class=\"envira-gallery-item-inner\">\n<div class=\"envira-gallery-captioned-data\">\n<p class=\"envira-gallery-captioned-text\"><strong>ZASTOSOWANIE<\/strong><\/p>\n<\/div>\n<\/div>\n<\/div>\n<\/div>\n<\/div>\n<\/div>\n<div class=\"content-column one_third kolumna-0\">\n<p><img decoding=\"async\" class=\"alignnone size-full wp-image-8657\" src=\"https:\/\/bisparkiet.pl\/wp-content\/uploads\/2021\/04\/kropkaa.jpg\" alt=\"\" width=\"14\" height=\"14\" \/> wyko\u0144czenie drewnianych blat\u00f3w kuchennych i front\u00f3w meblowych z drewna litego lub klejonego<br \/>\n<img decoding=\"async\" class=\"alignnone size-full wp-image-8657\" src=\"https:\/\/bisparkiet.pl\/wp-content\/uploads\/2021\/04\/kropkaa.jpg\" alt=\"\" width=\"14\" height=\"14\" \/> wyko\u0144czenie drewnianych blat\u00f3w roboczych i mebli z drewna litego lub klejonego (biurka, p\u00f3\u0142ki itp.)<br \/>\n<img decoding=\"async\" class=\"alignnone size-full wp-image-8657\" src=\"https:\/\/bisparkiet.pl\/wp-content\/uploads\/2021\/04\/kropkaa.jpg\" alt=\"\" width=\"14\" height=\"14\" \/> nadaje si\u0119 r\u00f3wnie\u017c do drewna korkowego i OSB<\/p>\n<\/div>\n<\/div>\n<p>[\/vc_column_text][\/vc_column][vc_column width=&#8221;1\/3&#8243;][vc_column_text text_larger=&#8221;no&#8221;]<\/p>\n<div class=\"content-column one_third kolumna-1\">\n<div>\n<p><strong>ZALETY<\/strong><\/p>\n<p><img decoding=\"async\" class=\"alignnone size-full wp-image-8657\" src=\"https:\/\/bisparkiet.pl\/wp-content\/uploads\/2021\/04\/kropkaa.jpg\" alt=\"\" width=\"14\" height=\"14\" \/> dopuszczony do kontaktu z \u017cywno\u015bci\u0105<br \/>\n<img decoding=\"async\" class=\"alignnone size-full wp-image-8657\" src=\"https:\/\/bisparkiet.pl\/wp-content\/uploads\/2021\/04\/kropkaa.jpg\" alt=\"\" width=\"14\" height=\"14\" \/> hydrofobowy<br \/>\n<img decoding=\"async\" class=\"alignnone size-full wp-image-8657\" src=\"https:\/\/bisparkiet.pl\/wp-content\/uploads\/2021\/04\/kropkaa.jpg\" alt=\"\" width=\"14\" height=\"14\" \/> mikroporowata pow\u0142oka pozwala drewnu oddycha\u0107<br \/>\n<img decoding=\"async\" class=\"alignnone size-full wp-image-8657\" src=\"https:\/\/bisparkiet.pl\/wp-content\/uploads\/2021\/04\/kropkaa.jpg\" alt=\"\" width=\"14\" height=\"14\" \/> odporny na \u015bcieranie<br \/>\n<img decoding=\"async\" class=\"alignnone size-full wp-image-8657\" src=\"https:\/\/bisparkiet.pl\/wp-content\/uploads\/2021\/04\/kropkaa.jpg\" alt=\"\" width=\"14\" height=\"14\" \/> odporny na \u015blin\u0119 i pot \u2013 bezpieczny dla zabawek dzieci\u0119cych<br \/>\n<img decoding=\"async\" class=\"alignnone size-full wp-image-8657\" src=\"https:\/\/bisparkiet.pl\/wp-content\/uploads\/2021\/04\/kropkaa.jpg\" alt=\"\" width=\"14\" height=\"14\" \/> bezpieczny dla ludzi, zwierz\u0105t i ro\u015blin<br \/>\n<img decoding=\"async\" class=\"alignnone size-full wp-image-8657\" src=\"https:\/\/bisparkiet.pl\/wp-content\/uploads\/2021\/04\/kropkaa.jpg\" alt=\"\" width=\"14\" height=\"14\" \/> nie p\u0119ka, nie \u0142uszczy si\u0119 ani nie odpryskuje jak tradycyjny lakier do drewna<\/p>\n<\/div>\n<\/div>\n<p>[\/vc_column_text][\/vc_column][vc_column width=&#8221;1\/3&#8243;][vc_column_text text_larger=&#8221;no&#8221;]<strong>SPOS\u00d3B APLIKACJI<\/strong><\/p>\n<p><img decoding=\"async\" class=\"alignnone size-full wp-image-8679\" src=\"https:\/\/bisparkiet.pl\/wp-content\/uploads\/2021\/04\/indeks.png\" alt=\"\" width=\"278\" height=\"74\" \/>[\/vc_column_text][vc_column_text text_larger=&#8221;no&#8221;]<strong>DO POBRANIA<br \/>\n<\/strong><\/p>\n<p><a href=\"https:\/\/osmo.com.pl\/wp-content\/uploads\/TOP-OLEJ-do-blat%C3%B3w-kuchennych-1.pdf\" target=\"_blank\" rel=\"noopener\" data-wp-editing=\"1\"><img decoding=\"async\" class=\"alignnone size-full wp-image-8642\" src=\"https:\/\/bisparkiet.pl\/wp-content\/uploads\/2021\/04\/FireShot-Capture-340-WOSK-TWARDY-OLEJNY-ORIGINAL-Osmo-Impregnaty-do-drewna-osmo.com_.pl_.png\" alt=\"\" width=\"20\" height=\"24\" \/> Karta produktu<\/a><br \/>\n<a href=\"https:\/\/osmo.com.pl\/wp-content\/uploads\/SDB_TOP_3028-3068-Osmo-Top-Olej-PL-15-1.pdf\" target=\"_blank\" rel=\"noopener\"><img decoding=\"async\" class=\"alignnone size-full wp-image-8642\" src=\"https:\/\/bisparkiet.pl\/wp-content\/uploads\/2021\/04\/FireShot-Capture-340-WOSK-TWARDY-OLEJNY-ORIGINAL-Osmo-Impregnaty-do-drewna-osmo.com_.pl_.png\" alt=\"\" width=\"20\" height=\"24\" \/> Karta charakterystyki<\/a>[\/vc_column_text][vc_single_image image=&#8221;8677&#8243; img_size=&#8221;full&#8221; parallax_scroll=&#8221;no&#8221;][\/vc_column][\/vc_row][vc_row][vc_column][vc_column_text text_larger=&#8221;no&#8221;]UWAGA!: Efekt ko\u0144cowy zale\u017cy od gatunku drewna i jego parametr\u00f3w (np. typu powierzchni), dlatego przed aplikacj\u0105 zawsze nale\u017cy wykona\u0107 pr\u00f3b\u0119.[\/vc_column_text][\/vc_column][\/vc_row]<\/p>\n","protected":false},"excerpt":{"rendered":"<p>Wosk Twardy Olejny Original to bezbarwna pow\u0142oka na bazie naturalnych olej\u00f3w i wosk\u00f3w, opracowana specjalnie z my\u015bl\u0105 o profesjonalnym wyko\u0144czeniu pod\u0142\u00f3g i innych silnie obci\u0105\u017conych powierzchni drewnianych.<\/p>\n","protected":false},"featured_media":1970,"comment_status":"open","ping_status":"closed","template":"","meta":[],"product_brand":[],"product_cat":[45,64],"product_tag":[],"class_list":{"0":"post-1956","1":"product","2":"type-product","3":"status-publish","4":"has-post-thumbnail","6":"product_cat-chemia-parkieciarska","7":"product_cat-oleje-i-woski","8":"product_shipping_class-lekkie-produkty","10":"first","11":"instock","12":"shipping-taxable","13":"purchasable","14":"product-type-variable","15":"has-default-attributes"},"_links":{"self":[{"href":"https:\/\/kastelmeble.radom.pl\/bisparkiet\/wp-json\/wp\/v2\/product\/1956","targetHints":{"allow":["GET"]}}],"collection":[{"href":"https:\/\/kastelmeble.radom.pl\/bisparkiet\/wp-json\/wp\/v2\/product"}],"about":[{"href":"https:\/\/kastelmeble.radom.pl\/bisparkiet\/wp-json\/wp\/v2\/types\/product"}],"replies":[{"embeddable":true,"href":"https:\/\/kastelmeble.radom.pl\/bisparkiet\/wp-json\/wp\/v2\/comments?post=1956"}],"wp:featuredmedia":[{"embeddable":true,"href":"https:\/\/kastelmeble.radom.pl\/bisparkiet\/wp-json\/wp\/v2\/media\/1970"}],"wp:attachment":[{"href":"https:\/\/kastelmeble.radom.pl\/bisparkiet\/wp-json\/wp\/v2\/media?parent=1956"}],"wp:term":[{"taxonomy":"product_brand","embeddable":true,"href":"https:\/\/kastelmeble.radom.pl\/bisparkiet\/wp-json\/wp\/v2\/product_brand?post=1956"},{"taxonomy":"product_cat","embeddable":true,"href":"https:\/\/kastelmeble.radom.pl\/bisparkiet\/wp-json\/wp\/v2\/product_cat?post=1956"},{"taxonomy":"product_tag","embeddable":true,"href":"https:\/\/kastelmeble.radom.pl\/bisparkiet\/wp-json\/wp\/v2\/product_tag?post=1956"}],"curies":[{"name":"wp","href":"https:\/\/api.w.org\/{rel}","templated":true}]}}