{"id":1953,"date":"2025-05-13T09:57:57","date_gmt":"2025-05-13T07:57:57","guid":{"rendered":"https:\/\/kastelmeble.radom.pl\/bisparkiet\/?post_type=product&#038;p=1953"},"modified":"2025-05-13T09:58:20","modified_gmt":"2025-05-13T07:58:20","slug":"osmo-wosk-twardy-olejny-kolor-075l","status":"publish","type":"product","link":"https:\/\/kastelmeble.radom.pl\/bisparkiet\/produkt\/osmo-wosk-twardy-olejny-kolor-075l\/","title":{"rendered":"Osmo Wosk Twardy Olejny Kolor 0,75L"},"content":{"rendered":"<p>[vc_row][vc_column][vc_column_text text_larger=&#8221;no&#8221;]Wosk Twardy Olejny Kolor to transparentnie barwi\u0105cy wariant sprawdzonego Wosku Twardego Olejnego Original.<br \/>\nIdealny do indywidualnego barwienia drewna do wewn\u0105trz \u2013 znacznie \u0142atwiejszy w obr\u00f3bce ni\u017c tradycyjna, wodna bejca do drewna czy te\u017c olejne farby do drewna.<br \/>\nDzi\u0119ki wysokiej zawarto\u015bci olej\u00f3w i wosk\u00f3w, ka\u017cdy majsterkowicz bez problemu zabarwi pod\u0142og\u0119, uzyskuj\u0105c pi\u0119kny, jednolity kolor i harmonijne pokrycie powierzchni.<br \/>\nWosk Twardy Olejny Kolor nie tylko barwi, ale r\u00f3wnie\u017c chroni drewno \u2013 tworzy mikroporowat\u0105 pow\u0142ok\u0119, kt\u00f3ra zabezpiecza drewno przed wnikaniem brudu, wod\u0105 i plamami, jednocze\u015bnie pozwala drewnu oddycha\u0107, dzi\u0119ki czemu nie rozwarstwia si\u0119, nie p\u0119ka, ani nie \u0142uszczy si\u0119, jak lakiery do drewna.<br \/>\nTa ekologiczna pow\u0142oka jest r\u00f3wnie\u017c bardzo ch\u0119tnie jest wykorzystywana wyko\u0144czenia mebli dzieci\u0119cych i zabawek.[\/vc_column_text][\/vc_column][\/vc_row][vc_row][vc_column width=&#8221;1\/3&#8243;][vc_column_text text_larger=&#8221;no&#8221;]<\/p>\n<div class=\"content-column one_third kolumna-0\">\n<div id=\"envira-gallery-wrap-511\" class=\"envira-gallery-wrap envira-gallery-theme-captioned envira-lightbox-theme-base_dark\">\n<div id=\"envira-gallery-511\" class=\"envira-gallery-public envira-gallery-4-columns envira-clear\" data-row-height=\"\" data-justified-margins=\"\" data-gallery-theme=\"\" data-envira-columns=\"4\">\n<div id=\"envira-gallery-item-513\" class=\"envira-gallery-item enviratope-item envira-gallery-item-1\">\n<div class=\"envira-gallery-item-inner\">\n<div class=\"envira-gallery-item-inner\">\n<div class=\"envira-gallery-captioned-data\">\n<p class=\"envira-gallery-captioned-text\"><strong>ZASTOSOWANIE<\/strong><\/p>\n<\/div>\n<\/div>\n<\/div>\n<\/div>\n<\/div>\n<\/div>\n<div class=\"content-column one_third kolumna-0\">\n<p><img decoding=\"async\" class=\"alignnone size-full wp-image-8657\" src=\"https:\/\/bisparkiet.pl\/wp-content\/uploads\/2021\/04\/kropkaa.jpg\" alt=\"\" width=\"14\" height=\"14\" \/> barwienie i dekoracyjne wyko\u0144czenie wewn\u0119trznych powierzchni drewnianych<br \/>\n<img decoding=\"async\" class=\"alignnone size-full wp-image-8657\" src=\"https:\/\/bisparkiet.pl\/wp-content\/uploads\/2021\/04\/kropkaa.jpg\" alt=\"\" width=\"14\" height=\"14\" \/> do wszystkich rodzaj\u00f3w pod\u0142\u00f3g drewnianych: z desek litych, warstwowych, pok\u0142adowych, OSB, pod\u0142\u00f3g korowych i parkiet\u00f3w oraz mebli, stolarki wewn\u0119trznej i zabawek<br \/>\n<img decoding=\"async\" class=\"alignnone size-full wp-image-8657\" src=\"https:\/\/bisparkiet.pl\/wp-content\/uploads\/2021\/04\/kropkaa.jpg\" alt=\"\" width=\"14\" height=\"14\" \/> zasadniczo rekomendowany do jasnych gatunk\u00f3w drewna<br \/>\n<img decoding=\"async\" class=\"alignnone size-full wp-image-8657\" src=\"https:\/\/bisparkiet.pl\/wp-content\/uploads\/2021\/04\/kropkaa.jpg\" alt=\"\" width=\"14\" height=\"14\" \/> silnie obci\u0105\u017cone powierzchnie (pod\u0142ogi, schody) po zabarwieniu Woskiem Twardym Olejnym Kolor wymagaj\u0105 na\u0142o\u017cenia pow\u0142oki wyko\u0144czeniowej z jednego z bezbarwnych Wosk\u00f3w Twardych Olejnych<\/p>\n<\/div>\n<\/div>\n<p>[\/vc_column_text][\/vc_column][vc_column width=&#8221;1\/3&#8243;][vc_column_text text_larger=&#8221;no&#8221;]<\/p>\n<div class=\"content-column one_third kolumna-1\">\n<div>\n<p><strong>ZALETY<\/strong><\/p>\n<p><img decoding=\"async\" class=\"alignnone size-full wp-image-8657\" src=\"https:\/\/bisparkiet.pl\/wp-content\/uploads\/2021\/04\/kropkaa.jpg\" alt=\"\" width=\"14\" height=\"14\" \/> chroni i barwi drewno<br \/>\n<img decoding=\"async\" class=\"alignnone size-full wp-image-8657\" src=\"https:\/\/bisparkiet.pl\/wp-content\/uploads\/2021\/04\/kropkaa.jpg\" alt=\"\" width=\"14\" height=\"14\" \/> pozostawia dobrze widoczn\u0105 struktur\u0119 drewna i rys s\u0142oj\u00f3w<br \/>\n<img decoding=\"async\" class=\"alignnone size-full wp-image-8657\" src=\"https:\/\/bisparkiet.pl\/wp-content\/uploads\/2021\/04\/kropkaa.jpg\" alt=\"\" width=\"14\" height=\"14\" \/> mikroporowaty \u2013 pozwala drewnu oddycha\u0107<br \/>\n<img decoding=\"async\" class=\"alignnone size-full wp-image-8657\" src=\"https:\/\/bisparkiet.pl\/wp-content\/uploads\/2021\/04\/kropkaa.jpg\" alt=\"\" width=\"14\" height=\"14\" \/> hydrofobowy i odporny na brud<br \/>\n<img decoding=\"async\" class=\"alignnone size-full wp-image-8657\" src=\"https:\/\/bisparkiet.pl\/wp-content\/uploads\/2021\/04\/kropkaa.jpg\" alt=\"\" width=\"14\" height=\"14\" \/> odporny na plamy z kawy, wina i coli<br \/>\n<img decoding=\"async\" class=\"alignnone size-full wp-image-8657\" src=\"https:\/\/bisparkiet.pl\/wp-content\/uploads\/2021\/04\/kropkaa.jpg\" alt=\"\" width=\"14\" height=\"14\" \/> bezpieczna pow\u0142oka dla zabawek dzieci\u0119cych \u2013 jest odporny na \u015blin\u0119 i pot<\/p>\n<\/div>\n<\/div>\n<p>[\/vc_column_text][\/vc_column][vc_column width=&#8221;1\/3&#8243;][vc_column_text text_larger=&#8221;no&#8221;]<strong>SPOS\u00d3B APLIKACJI<\/strong><\/p>\n<p><strong><img decoding=\"async\" class=\"alignnone size-full wp-image-8641\" src=\"https:\/\/bisparkiet.pl\/wp-content\/uploads\/2021\/04\/ikony.jpg\" alt=\"\" width=\"266\" height=\"63\" \/><\/strong><\/p>\n<p>[\/vc_column_text][vc_column_text text_larger=&#8221;no&#8221;]<strong>DO POBRANIA<br \/>\n<\/strong><\/p>\n<p><a href=\"https:\/\/osmo.com.pl\/wp-content\/uploads\/Wosk-Twardy-Olejny-KOLOR-3040_3071_3072.pdf\" target=\"_blank\" rel=\"noopener\" data-wp-editing=\"1\"><img decoding=\"async\" class=\"alignnone size-full wp-image-8642\" src=\"https:\/\/bisparkiet.pl\/wp-content\/uploads\/2021\/04\/FireShot-Capture-340-WOSK-TWARDY-OLEJNY-ORIGINAL-Osmo-Impregnaty-do-drewna-osmo.com_.pl_.png\" alt=\"\" width=\"20\" height=\"24\" \/> Karta produktu<\/a><br \/>\n<a href=\"https:\/\/osmo.com.pl\/wp-content\/uploads\/3040-3075_Wosk_Twardy_Olejny_KOLOR-PL-6.0.pdf\" target=\"_blank\" rel=\"noopener\"><img decoding=\"async\" class=\"alignnone size-full wp-image-8642\" src=\"https:\/\/bisparkiet.pl\/wp-content\/uploads\/2021\/04\/FireShot-Capture-340-WOSK-TWARDY-OLEJNY-ORIGINAL-Osmo-Impregnaty-do-drewna-osmo.com_.pl_.png\" alt=\"\" width=\"20\" height=\"24\" \/> Karta charakterystyki<\/a>[\/vc_column_text][vc_single_image image=&#8221;8665&#8243; img_size=&#8221;full&#8221; parallax_scroll=&#8221;no&#8221;][\/vc_column][\/vc_row][vc_row][vc_column][vc_column_text text_larger=&#8221;no&#8221;]UWAGA!: Efekt ko\u0144cowy zale\u017cy od gatunku drewna i jego parametr\u00f3w (np. typu powierzchni), dlatego przed aplikacj\u0105 zawsze nale\u017cy wykona\u0107 pr\u00f3b\u0119.[\/vc_column_text][\/vc_column][\/vc_row]<\/p>\n","protected":false},"excerpt":{"rendered":"<p>Wosk Twardy Olejny Original to bezbarwna pow\u0142oka na bazie naturalnych olej\u00f3w i wosk\u00f3w, opracowana specjalnie z my\u015bl\u0105 o profesjonalnym wyko\u0144czeniu pod\u0142\u00f3g i innych silnie obci\u0105\u017conych powierzchni drewnianych.<\/p>\n","protected":false},"featured_media":1969,"comment_status":"open","ping_status":"closed","template":"","meta":[],"product_brand":[],"product_cat":[45,64],"product_tag":[],"class_list":{"0":"post-1953","1":"product","2":"type-product","3":"status-publish","4":"has-post-thumbnail","6":"product_cat-chemia-parkieciarska","7":"product_cat-oleje-i-woski","8":"product_shipping_class-lekkie-produkty","10":"first","11":"instock","12":"shipping-taxable","13":"purchasable","14":"product-type-variable"},"_links":{"self":[{"href":"https:\/\/kastelmeble.radom.pl\/bisparkiet\/wp-json\/wp\/v2\/product\/1953","targetHints":{"allow":["GET"]}}],"collection":[{"href":"https:\/\/kastelmeble.radom.pl\/bisparkiet\/wp-json\/wp\/v2\/product"}],"about":[{"href":"https:\/\/kastelmeble.radom.pl\/bisparkiet\/wp-json\/wp\/v2\/types\/product"}],"replies":[{"embeddable":true,"href":"https:\/\/kastelmeble.radom.pl\/bisparkiet\/wp-json\/wp\/v2\/comments?post=1953"}],"wp:featuredmedia":[{"embeddable":true,"href":"https:\/\/kastelmeble.radom.pl\/bisparkiet\/wp-json\/wp\/v2\/media\/1969"}],"wp:attachment":[{"href":"https:\/\/kastelmeble.radom.pl\/bisparkiet\/wp-json\/wp\/v2\/media?parent=1953"}],"wp:term":[{"taxonomy":"product_brand","embeddable":true,"href":"https:\/\/kastelmeble.radom.pl\/bisparkiet\/wp-json\/wp\/v2\/product_brand?post=1953"},{"taxonomy":"product_cat","embeddable":true,"href":"https:\/\/kastelmeble.radom.pl\/bisparkiet\/wp-json\/wp\/v2\/product_cat?post=1953"},{"taxonomy":"product_tag","embeddable":true,"href":"https:\/\/kastelmeble.radom.pl\/bisparkiet\/wp-json\/wp\/v2\/product_tag?post=1953"}],"curies":[{"name":"wp","href":"https:\/\/api.w.org\/{rel}","templated":true}]}}