{"id":1947,"date":"2025-05-13T09:57:57","date_gmt":"2025-05-13T07:57:57","guid":{"rendered":"https:\/\/kastelmeble.radom.pl\/bisparkiet\/?post_type=product&#038;p=1947"},"modified":"2025-05-13T09:58:20","modified_gmt":"2025-05-13T07:58:20","slug":"osmo-wosk-twardy-olejny-original-075l","status":"publish","type":"product","link":"https:\/\/kastelmeble.radom.pl\/bisparkiet\/produkt\/osmo-wosk-twardy-olejny-original-075l\/","title":{"rendered":"Osmo Wosk Twardy olejny Original 0,75L"},"content":{"rendered":"<p>[vc_row][vc_column][vc_column_text]Wosk Twardy Olejny Original to bezbarwna pow\u0142oka na bazie naturalnych olej\u00f3w i wosk\u00f3w, opracowana specjalnie z my\u015bl\u0105 o profesjonalnym wyko\u0144czeniu pod\u0142\u00f3g i innych silnie obci\u0105\u017conych powierzchni drewnianych.<br \/>\nTo oryginalny olejowosk, a nie tradycyjny lakier czy olej do drewna, jakich wiele w marketach budowlanych. Wosk Twardy Olejny Original tworzy mikroporowat\u0105 pow\u0142ok\u0119, kt\u00f3ra chroni drewno, pozwalaj\u0105c mu jednocze\u015bnie swobodnie oddycha\u0107. Dzi\u0119ki temu reguluje przyjmowanie i oddawanie wilgoci oraz pomaga utrzyma\u0107 w wn\u0119trzach korzystny mikroklimat.<br \/>\nWosk Twardy Olejny Original skutecznie zabezpiecza drewno przed \u015bcieraniem, wnikaniem brudu wod\u0105 i plamami. Pokryta nim powierzchnia jest ekologiczna, przyjemna w dotyku i \u0142atwa do utrzymania w czysto\u015bci. Przy olejowaniu pod\u0142ogi tworzy trwa\u0142\u0105 pow\u0142ok\u0119, kt\u00f3ra nie rozwarstwia si\u0119, nie p\u0119ka, ani nie \u0142uszczy (zupe\u0142nie inaczej ni\u017c ka\u017cdy lakier do drewna). A w przypadku uszkodzenia mo\u017cna j\u0105 bez problemu podda\u0107 miejscowej renowacji \u2013 bez konieczno\u015bci cyklinowania ca\u0142ej pod\u0142ogi.[\/vc_column_text][\/vc_column][\/vc_row][vc_row][vc_column width=&#8221;1\/3&#8243;][vc_column_text text_larger=&#8221;no&#8221;]<\/p>\n<div class=\"content-column one_third kolumna-0\">\n<p><strong>ZASTOSOWANIE<\/strong><\/p>\n<p><img decoding=\"async\" class=\"alignnone size-full wp-image-8657\" src=\"https:\/\/bisparkiet.pl\/wp-content\/uploads\/2021\/04\/kropkaa.jpg\" alt=\"\" width=\"14\" height=\"14\" \/> bezbarwne wyko\u0144czenie powierzchni drewnianych<br \/>\n<img decoding=\"async\" class=\"alignnone size-full wp-image-8657\" src=\"https:\/\/bisparkiet.pl\/wp-content\/uploads\/2021\/04\/kropkaa.jpg\" alt=\"\" width=\"14\" height=\"14\" \/> wyko\u0144czenie obci\u0105\u017conych powierzchni pokrytych uprzednio jedn\u0105 z barwi\u0105cych pow\u0142ok Osmo<br \/>\n<img decoding=\"async\" class=\"alignnone size-full wp-image-8657\" src=\"https:\/\/bisparkiet.pl\/wp-content\/uploads\/2021\/04\/kropkaa.jpg\" alt=\"\" width=\"14\" height=\"14\" \/> do pod\u0142\u00f3g drewnianych z desek litych, warstwowych, pok\u0142adowych, p\u0142yt OSB, parkiet\u00f3w, pod\u0142\u00f3g korkowych<br \/>\n<img decoding=\"async\" class=\"alignnone size-full wp-image-8657\" src=\"https:\/\/bisparkiet.pl\/wp-content\/uploads\/2021\/04\/kropkaa.jpg\" alt=\"\" width=\"14\" height=\"14\" \/> do schod\u00f3w, mebli i zabawek i innych powierzchni wewn\u0119trznych<\/p>\n<\/div>\n<p>[\/vc_column_text][\/vc_column][vc_column width=&#8221;1\/3&#8243;][vc_column_text text_larger=&#8221;no&#8221;]<\/p>\n<div class=\"content-column one_third kolumna-1\">\n<div>\n<p><strong>ZALETY<\/strong><\/p>\n<p><img decoding=\"async\" class=\"alignnone size-full wp-image-8657\" src=\"https:\/\/bisparkiet.pl\/wp-content\/uploads\/2021\/04\/kropkaa.jpg\" alt=\"\" width=\"14\" height=\"14\" \/> nadzwyczaj trwa\u0142y i wytrzyma\u0142y<br \/>\n<img decoding=\"async\" class=\"alignnone size-full wp-image-8657\" src=\"https:\/\/bisparkiet.pl\/wp-content\/uploads\/2021\/04\/kropkaa.jpg\" alt=\"\" width=\"14\" height=\"14\" \/> zachowuje naturalne pi\u0119kno drewnianej powierzchni<br \/>\n<img decoding=\"async\" class=\"alignnone size-full wp-image-8657\" src=\"https:\/\/bisparkiet.pl\/wp-content\/uploads\/2021\/04\/kropkaa.jpg\" alt=\"\" width=\"14\" height=\"14\" \/> chroni powierzchni\u0119 przed \u015bcieraniem, wnikaniem brudu i wod\u0105<br \/>\n<img decoding=\"async\" class=\"alignnone size-full wp-image-8657\" src=\"https:\/\/bisparkiet.pl\/wp-content\/uploads\/2021\/04\/kropkaa.jpg\" alt=\"\" width=\"14\" height=\"14\" \/> odporny na plamy z kawy, wina i coli<br \/>\n<img decoding=\"async\" class=\"alignnone size-full wp-image-8657\" src=\"https:\/\/bisparkiet.pl\/wp-content\/uploads\/2021\/04\/kropkaa.jpg\" alt=\"\" width=\"14\" height=\"14\" \/> tworzy mikroporowat\u0105 pow\u0142ok\u0119, kt\u00f3ra pozwala drewnu oddycha\u0107<br \/>\n<img decoding=\"async\" class=\"alignnone size-full wp-image-8657\" src=\"https:\/\/bisparkiet.pl\/wp-content\/uploads\/2021\/04\/kropkaa.jpg\" alt=\"\" width=\"14\" height=\"14\" \/> bezpieczna pow\u0142oka dla zabawek dzieci\u0119cych (zgodnie z EN 71.3)<br \/>\n<img decoding=\"async\" class=\"alignnone size-full wp-image-8657\" src=\"https:\/\/bisparkiet.pl\/wp-content\/uploads\/2021\/04\/kropkaa.jpg\" alt=\"\" width=\"14\" height=\"14\" \/> odporna na \u015blin\u0119 i pot (zgodnie z DIN 53160)<br \/>\n<img decoding=\"async\" class=\"alignnone size-full wp-image-8657\" src=\"https:\/\/bisparkiet.pl\/wp-content\/uploads\/2021\/04\/kropkaa.jpg\" alt=\"\" width=\"14\" height=\"14\" \/> \u0142atwy w aplikacji, czyszczeniu i konserwacji<br \/>\n<img decoding=\"async\" class=\"alignnone size-full wp-image-8657\" src=\"https:\/\/bisparkiet.pl\/wp-content\/uploads\/2021\/04\/kropkaa.jpg\" alt=\"\" width=\"14\" height=\"14\" \/> mo\u017cliwa cz\u0119\u015bciowa renowacji pow\u0142oki<\/p>\n<\/div>\n<\/div>\n<p>[\/vc_column_text][\/vc_column][vc_column width=&#8221;1\/3&#8243;][vc_column_text text_larger=&#8221;no&#8221;]<strong>SPOS\u00d3B APLIKACJI<\/strong><\/p>\n<p><strong><img decoding=\"async\" class=\"alignnone size-full wp-image-8641\" src=\"https:\/\/bisparkiet.pl\/wp-content\/uploads\/2021\/04\/ikony.jpg\" alt=\"\" width=\"266\" height=\"63\" \/><\/strong><\/p>\n<p>[\/vc_column_text][vc_column_text text_larger=&#8221;no&#8221;]<strong>DO POBRANIA<br \/>\n<\/strong><\/p>\n<p><a href=\"https:\/\/bisparkiet.pl\/wp-content\/uploads\/2021\/04\/Wosk-Twardy-Olejny-ORIGINAL-3011_3032_3062_3065-1.pdf\" target=\"_blank\" rel=\"noopener\" data-wp-editing=\"1\"><img decoding=\"async\" class=\"alignnone size-full wp-image-8642\" src=\"https:\/\/bisparkiet.pl\/wp-content\/uploads\/2021\/04\/FireShot-Capture-340-WOSK-TWARDY-OLEJNY-ORIGINAL-Osmo-Impregnaty-do-drewna-osmo.com_.pl_.png\" alt=\"\" width=\"20\" height=\"24\" \/> Karta produktu<\/a><br \/>\n<a href=\"https:\/\/bisparkiet.pl\/wp-content\/uploads\/2021\/04\/3011-3065_Wosk_Twardy_Olejny_ORIGINAL_PL-16.0.pdf\" target=\"_blank\" rel=\"noopener\"><img decoding=\"async\" class=\"alignnone size-full wp-image-8642\" src=\"https:\/\/bisparkiet.pl\/wp-content\/uploads\/2021\/04\/FireShot-Capture-340-WOSK-TWARDY-OLEJNY-ORIGINAL-Osmo-Impregnaty-do-drewna-osmo.com_.pl_.png\" alt=\"\" width=\"20\" height=\"24\" \/> Karta charakterystyki<\/a>[\/vc_column_text][\/vc_column][\/vc_row][vc_row][vc_column][vc_column_text text_larger=&#8221;no&#8221;]UWAGA!: Efekt ko\u0144cowy zale\u017cy od gatunku drewna i jego parametr\u00f3w (np. typu powierzchni), dlatego przed aplikacj\u0105 zawsze nale\u017cy wykona\u0107 pr\u00f3b\u0119.[\/vc_column_text][\/vc_column][\/vc_row]<\/p>\n","protected":false},"excerpt":{"rendered":"<p>Wosk Twardy Olejny Original to bezbarwna pow\u0142oka na bazie naturalnych olej\u00f3w i wosk\u00f3w, opracowana specjalnie z my\u015bl\u0105 o profesjonalnym wyko\u0144czeniu pod\u0142\u00f3g i innych silnie obci\u0105\u017conych powierzchni drewnianych.<\/p>\n","protected":false},"featured_media":1968,"comment_status":"open","ping_status":"closed","template":"","meta":[],"product_brand":[],"product_cat":[45,64],"product_tag":[],"class_list":{"0":"post-1947","1":"product","2":"type-product","3":"status-publish","4":"has-post-thumbnail","6":"product_cat-chemia-parkieciarska","7":"product_cat-oleje-i-woski","8":"product_shipping_class-lekkie-produkty","10":"first","11":"instock","12":"shipping-taxable","13":"purchasable","14":"product-type-variable"},"_links":{"self":[{"href":"https:\/\/kastelmeble.radom.pl\/bisparkiet\/wp-json\/wp\/v2\/product\/1947","targetHints":{"allow":["GET"]}}],"collection":[{"href":"https:\/\/kastelmeble.radom.pl\/bisparkiet\/wp-json\/wp\/v2\/product"}],"about":[{"href":"https:\/\/kastelmeble.radom.pl\/bisparkiet\/wp-json\/wp\/v2\/types\/product"}],"replies":[{"embeddable":true,"href":"https:\/\/kastelmeble.radom.pl\/bisparkiet\/wp-json\/wp\/v2\/comments?post=1947"}],"wp:featuredmedia":[{"embeddable":true,"href":"https:\/\/kastelmeble.radom.pl\/bisparkiet\/wp-json\/wp\/v2\/media\/1968"}],"wp:attachment":[{"href":"https:\/\/kastelmeble.radom.pl\/bisparkiet\/wp-json\/wp\/v2\/media?parent=1947"}],"wp:term":[{"taxonomy":"product_brand","embeddable":true,"href":"https:\/\/kastelmeble.radom.pl\/bisparkiet\/wp-json\/wp\/v2\/product_brand?post=1947"},{"taxonomy":"product_cat","embeddable":true,"href":"https:\/\/kastelmeble.radom.pl\/bisparkiet\/wp-json\/wp\/v2\/product_cat?post=1947"},{"taxonomy":"product_tag","embeddable":true,"href":"https:\/\/kastelmeble.radom.pl\/bisparkiet\/wp-json\/wp\/v2\/product_tag?post=1947"}],"curies":[{"name":"wp","href":"https:\/\/api.w.org\/{rel}","templated":true}]}}