{"id":1942,"date":"2025-05-13T09:57:57","date_gmt":"2025-05-13T07:57:57","guid":{"rendered":"https:\/\/kastelmeble.radom.pl\/bisparkiet\/?post_type=product&#038;p=1942"},"modified":"2025-05-13T10:06:04","modified_gmt":"2025-05-13T08:06:04","slug":"deska-tarasowa-thermo-sosna-26x118mm-d45j-pac-system","status":"publish","type":"product","link":"https:\/\/kastelmeble.radom.pl\/bisparkiet\/produkt\/deska-tarasowa-thermo-sosna-26x118mm-d45j-pac-system\/","title":{"rendered":"Deska tarasowa thermo sosna 26x118mm D45J pac system"},"content":{"rendered":"<p><strong>Deska tarasowa\u00a0 thermo sosna 26&#215;118 mm<\/strong><\/p>\n<p><strong>Profil:\u00a0 (D45J) <\/strong>pac system<\/p>\n<p><strong>Grubo\u015b\u0107:<\/strong> 26 mm<\/p>\n<p><strong>Szeroko\u015b\u0107:<\/strong> 118 mm<\/p>\n<p><strong>Dost\u0119pne d\u0142ugo\u015bci:<\/strong> 3000, 3300, 3600, 4200, 4800 mm<\/p>\n<p><strong>System monta\u017cu:<\/strong>\u00a0niewidoczny<\/p>\n<p>Deska tarasowa thermo sosna poddana obr\u00f3bce termicznej\u00a0 jest odporna na warunki atmosferyczne, dzi\u0119ki czemu materia\u0142 jest trwa\u0142y i stabilny, zaliczany do 2 klasy odporno\u015bci.<\/p>\n<p>Nie wymaga zabezpieczania ani impregnowania. W celu zachowania oryginalnego koloru b\u0105d\u017a wybarwieniu deski na inny kolor mo\u017cna zastosowa\u0107 olejowanie. Bez olejowania drewno pod wp\u0142ywem promieni UV i deszczu spatynuje na szaro. Proces patynowania nie wp\u0142ywa na trwa\u0142o\u015b\u0107 i stabilno\u015b\u0107 drewna.<\/p>\n<p>&nbsp;<\/p>\n","protected":false},"excerpt":{"rendered":"<p>Cena za mb\u00a0 30,21z\u0142 \/mb brutto<\/p>\n<p><strong>Cena dotyczy 1szt deski tarasowej\u00a0 thermo sosna 26&#215;118\u00a0 mm\u00a0<\/strong><\/p>\n<p><strong>Profil: (D45J) <\/strong>pac system<\/p>\n<p><strong>Grubo\u015b\u0107:<\/strong> 26 mm<\/p>\n<p><strong>Szeroko\u015b\u0107:<\/strong> 118 mm<\/p>\n<p><strong>Klasa:<\/strong> Natur<\/p>\n","protected":false},"featured_media":1963,"comment_status":"open","ping_status":"closed","template":"","meta":[],"product_brand":[],"product_cat":[33,32],"product_tag":[],"class_list":{"0":"post-1942","1":"product","2":"type-product","3":"status-publish","4":"has-post-thumbnail","6":"product_cat-deski-tarasowe-thermo","7":"product_cat-tarasy","8":"product_shipping_class-ponadgabarytowe","10":"first","11":"instock","12":"shipping-taxable","13":"purchasable","14":"product-type-variable"},"_links":{"self":[{"href":"https:\/\/kastelmeble.radom.pl\/bisparkiet\/wp-json\/wp\/v2\/product\/1942","targetHints":{"allow":["GET"]}}],"collection":[{"href":"https:\/\/kastelmeble.radom.pl\/bisparkiet\/wp-json\/wp\/v2\/product"}],"about":[{"href":"https:\/\/kastelmeble.radom.pl\/bisparkiet\/wp-json\/wp\/v2\/types\/product"}],"replies":[{"embeddable":true,"href":"https:\/\/kastelmeble.radom.pl\/bisparkiet\/wp-json\/wp\/v2\/comments?post=1942"}],"wp:featuredmedia":[{"embeddable":true,"href":"https:\/\/kastelmeble.radom.pl\/bisparkiet\/wp-json\/wp\/v2\/media\/1963"}],"wp:attachment":[{"href":"https:\/\/kastelmeble.radom.pl\/bisparkiet\/wp-json\/wp\/v2\/media?parent=1942"}],"wp:term":[{"taxonomy":"product_brand","embeddable":true,"href":"https:\/\/kastelmeble.radom.pl\/bisparkiet\/wp-json\/wp\/v2\/product_brand?post=1942"},{"taxonomy":"product_cat","embeddable":true,"href":"https:\/\/kastelmeble.radom.pl\/bisparkiet\/wp-json\/wp\/v2\/product_cat?post=1942"},{"taxonomy":"product_tag","embeddable":true,"href":"https:\/\/kastelmeble.radom.pl\/bisparkiet\/wp-json\/wp\/v2\/product_tag?post=1942"}],"curies":[{"name":"wp","href":"https:\/\/api.w.org\/{rel}","templated":true}]}}