{"id":1905,"date":"2025-05-13T09:57:38","date_gmt":"2025-05-13T07:57:38","guid":{"rendered":"https:\/\/kastelmeble.radom.pl\/bisparkiet\/?post_type=product&#038;p=1905"},"modified":"2025-05-13T09:57:55","modified_gmt":"2025-05-13T07:57:55","slug":"ecoolie-koopmans-olej-impregnujacy-do-drewna-25-l","status":"publish","type":"product","link":"https:\/\/kastelmeble.radom.pl\/bisparkiet\/produkt\/ecoolie-koopmans-olej-impregnujacy-do-drewna-25-l\/","title":{"rendered":"Ecoolie Koopmans Olej impregnuj\u0105cy do drewna 2,5 l"},"content":{"rendered":"<h2>Ecoolie Koopmans Olej impregnuj\u0105cy do drewna 2,5 l<\/h2>\n<p>Wodorozcie\u0144czalny olej impregnuj\u0105cy do drewna<br \/>\nCharakterystyka<br \/>\nNiezwykle \u0142atwy w aplikacji impregnuj\u0105cy i koloryzuj\u0105cy \u015brodek do ochrony drewna na bazie naturalnego oleju<br \/>\nlnianego.<br \/>\nProdukt znakomicie impregnuje i zabezpiecza drewno, reguluje jego wilgotno\u015b\u0107, u\u0142atwia jego swobodne oddychanie<br \/>\noraz pozwala uzyska\u0107 g\u0142adk\u0105, jedwabist\u0105 i mi\u0142\u0105 w dotyku powierzchni\u0119, bezpieczn\u0105 dla \u015brodowiska.<br \/>\nDzi\u0119ki zawarto\u015bci oleju lnianego produkt doskonale podkre\u015bla naturaln\u0105 struktur\u0119 drewna.<\/p>\n<p>Produkt mo\u017cna pokrywa\u0107 lakierami linii Koopmans \/ Nelf.<br \/>\nProdukt oparty na surowcach odnawianych (BIO).<br \/>\nProdukt atestowany wed\u0142ug normy PN-EN 71-3 \u201eBezpiecze\u0144stwo zabawek Cz\u0119\u015b\u0107 3\u201d.<\/p>\n<p><strong>Cechy<\/strong><br \/>\n&#8211; ochrona drewna do 6 lat<br \/>\n&#8211; nie \u0142uszczy si\u0119<br \/>\n&#8211; \u0142atwa aplikacja<br \/>\n&#8211; wysoka przyczepno\u015b\u0107 do drewna<br \/>\n&#8211; wysoka elastyczno\u015b\u0107 i trwa\u0142o\u015b\u0107 pow\u0142oki<br \/>\n&#8211; reguluje wilgotno\u015b\u0107 drewna<br \/>\n&#8211; bezzapachowy<br \/>\n&#8211; stworzony na bazie surowc\u00f3w odnawialnych (BIO)<br \/>\n&#8211; przyjazny dla \u015brodowiska oraz dzieci<br \/>\n&#8211; odporny na dzia\u0142anie czynnik\u00f3w atmosferycznych<br \/>\n&#8211; podkre\u015bla naturalne pi\u0119kno drewna<br \/>\n&#8211; zapewnia wysok\u0105 ochron\u0119 przed biodegradacj\u0105<\/p>\n<p><strong>Zastosowanie<\/strong><br \/>\n&#8211; tarasy<br \/>\n&#8211; architektura ogrodowa (domy, p\u0142oty, pergole, altanki, mostki itp.)<br \/>\n&#8211; meble ogrodowe<br \/>\n&#8211; drewniane elementy fasadowe<br \/>\n&#8211; place zabaw<\/p>\n<p><strong>Opakowania<\/strong><br \/>\n2,5 l<br \/>\nInformacja o aktualnych pojemno\u015bciach opakowa\u0144 znajduje si\u0119 w cenniku, katalogach \/ ulotkach produktu<br \/>\n<strong>Wydajno\u015b\u0107<\/strong><br \/>\n10-15 m\u00b2 \/ 1 l, silnie uzale\u017cniona od gatunku i rodzaju drewna oraz sposobu aplikacji<\/p>\n","protected":false},"excerpt":{"rendered":"<p><strong>Opakowania <\/strong>2,5 l<br \/>\n<strong>Wydajno\u015b\u0107 <\/strong>10-15 m\u00b2 \/ 1 l, silnie uzale\u017cniona od gatunku i rodzaju drewna oraz sposobu aplikacji<\/p>\n","protected":false},"featured_media":1929,"comment_status":"open","ping_status":"closed","template":"","meta":[],"product_brand":[],"product_cat":[43,62],"product_tag":[],"class_list":{"0":"post-1905","1":"product","2":"type-product","3":"status-publish","4":"has-post-thumbnail","6":"product_cat-impregnaty-do-drewna","7":"product_cat-oleje-do-drewna","8":"product_shipping_class-lekkie-produkty","10":"first","11":"instock","12":"shipping-taxable","13":"purchasable","14":"product-type-variable","15":"has-default-attributes"},"_links":{"self":[{"href":"https:\/\/kastelmeble.radom.pl\/bisparkiet\/wp-json\/wp\/v2\/product\/1905","targetHints":{"allow":["GET"]}}],"collection":[{"href":"https:\/\/kastelmeble.radom.pl\/bisparkiet\/wp-json\/wp\/v2\/product"}],"about":[{"href":"https:\/\/kastelmeble.radom.pl\/bisparkiet\/wp-json\/wp\/v2\/types\/product"}],"replies":[{"embeddable":true,"href":"https:\/\/kastelmeble.radom.pl\/bisparkiet\/wp-json\/wp\/v2\/comments?post=1905"}],"wp:featuredmedia":[{"embeddable":true,"href":"https:\/\/kastelmeble.radom.pl\/bisparkiet\/wp-json\/wp\/v2\/media\/1929"}],"wp:attachment":[{"href":"https:\/\/kastelmeble.radom.pl\/bisparkiet\/wp-json\/wp\/v2\/media?parent=1905"}],"wp:term":[{"taxonomy":"product_brand","embeddable":true,"href":"https:\/\/kastelmeble.radom.pl\/bisparkiet\/wp-json\/wp\/v2\/product_brand?post=1905"},{"taxonomy":"product_cat","embeddable":true,"href":"https:\/\/kastelmeble.radom.pl\/bisparkiet\/wp-json\/wp\/v2\/product_cat?post=1905"},{"taxonomy":"product_tag","embeddable":true,"href":"https:\/\/kastelmeble.radom.pl\/bisparkiet\/wp-json\/wp\/v2\/product_tag?post=1905"}],"curies":[{"name":"wp","href":"https:\/\/api.w.org\/{rel}","templated":true}]}}