{"id":1901,"date":"2025-05-13T09:57:37","date_gmt":"2025-05-13T07:57:37","guid":{"rendered":"https:\/\/kastelmeble.radom.pl\/bisparkiet\/?post_type=product&#038;p=1901"},"modified":"2025-05-13T09:57:55","modified_gmt":"2025-05-13T07:57:55","slug":"koopmans-ecoleum-impregnat-do-drewna-25-l","status":"publish","type":"product","link":"https:\/\/kastelmeble.radom.pl\/bisparkiet\/produkt\/koopmans-ecoleum-impregnat-do-drewna-25-l\/","title":{"rendered":"Koopmans Ecoleum Impregnat do drewna 2,5 L"},"content":{"rendered":"<h2><strong>Koopmans Ecoleum Impregnat do drewna 2,5 L<\/strong><\/h2>\n<p><span style=\"font-weight: 400;\">\u00a0\u015arodek do ochrony drewna na bazie naturalnego oleju lnianego (z dodatkiem wosku) o du\u017cej zawarto\u015bci substancji sta\u0142ych.\u00a0<\/span><\/p>\n<p><span style=\"font-weight: 400;\">Mocno impregnuje drewno, mimo wysokiej zawarto\u015bci substancji sta\u0142ych, tworz\u0105c trwa\u0142e pow\u0142oki odporne na dzia\u0142anie promieni UV.\u00a0\u00a0<\/span><\/p>\n<p><span style=\"font-weight: 400;\">ECOLEUM zawiera\u00a0 du\u017c\u0105 ilo\u015b\u0107 ekstraktu &#8211; do 90%, zatem na litr zawiera tylko ok. 10% rozpuszczalnika (wi\u0119kszo\u015b\u0107 bejc ogrodowych ok. 50-70%). W rezultacie jedna warstwa ECOLEUM o niskiej zawarto\u015bci rozpuszczalnika odpowiada 3-4 warstwom zwyk\u0142ej bejcy ogrodowej.\u00a0<\/span><\/p>\n<p><strong>Cechy\u00a0<\/strong><\/p>\n<p><span style=\"font-weight: 400;\">&#8211; \u00a0 dwukrotnie wi\u0119ksza wydajno\u015b\u0107 od produkt\u00f3w standardowych<\/span><\/p>\n<p><span style=\"font-weight: 400;\">&#8211; \u00a0 wystarczy tylko jedna warstwa\u00a0<\/span><\/p>\n<p><span style=\"font-weight: 400;\">&#8211; \u00a0 do stosowania w szczeg\u00f3lno\u015bci na drewnie nieszlifowanym<\/span><\/p>\n<p><span style=\"font-weight: 400;\">&#8211; \u00a0 intensywna ochrona<\/span><\/p>\n<p><span style=\"font-weight: 400;\">&#8211; \u00a0 g\u0142\u0119boka impregnacja<\/span><\/p>\n<p><span style=\"font-weight: 400;\">&#8211; \u00a0 \u0142atwa aplikacja<\/span><\/p>\n<p><span style=\"font-weight: 400;\">&#8211; \u00a0 przyjazny dla \u015brodowiska<\/span><\/p>\n<p><span style=\"font-weight: 400;\">&#8211; \u00a0 odporny na dzia\u0142anie czynnik\u00f3w atmosferycznych<\/span><\/p>\n<p><span style=\"font-weight: 400;\">&#8211; \u00a0 podkre\u015bla naturalne pi\u0119kno drewna<\/span><\/p>\n<p><span style=\"font-weight: 400;\">&#8211; \u00a0 zapewnia wysok\u0105 ochron\u0119 przed biodegradacj\u0105 w systemie z impregnatem technicznym<\/span><\/p>\n<p><strong>Zastosowanie<\/strong><\/p>\n<p><span style=\"font-weight: 400;\">&#8211; \u00a0 architektura ogrodowa (p\u0142oty, pergole, altanki, mostki itp.)<\/span><\/p>\n<p><span style=\"font-weight: 400;\">&#8211; \u00a0 domy z bali<\/span><\/p>\n<p><span style=\"font-weight: 400;\">&#8211; \u00a0 gonty drewniane<\/span><\/p>\n<p><span style=\"font-weight: 400;\">&#8211; \u00a0 drewniane elementy fasadowe<\/span><\/p>\n<p><strong>Opakowania<\/strong><\/p>\n<p><span style=\"font-weight: 400;\">2,5 l \/ 10 l\u00a0<\/span><\/p>\n<p><span style=\"font-weight: 400;\">Informacja o aktualnych pojemno\u015bciach opakowa\u0144 znajduje si\u0119 w cenniku, katalogach \/ ulotkach produktu\u00a0<\/span><\/p>\n<p><strong>Wydajno\u015b\u0107<\/strong><\/p>\n<p><span style=\"font-weight: 400;\">15-25 m<\/span><span style=\"font-weight: 400;\">\u00b2<\/span><span style=\"font-weight: 400;\"> \/ 1 l, silnie uzale\u017cniona od gatunku i rodzaju drewna oraz sposobu aplikacji<\/span><\/p>\n","protected":false},"excerpt":{"rendered":"<p><strong>Opakowania <\/strong>2,5 l \/ 10 l<br \/>\n<strong>Wydajno\u015b\u0107 <\/strong>15-25 m\u00b2 \/ 1 l, silnie uzale\u017cniona od gatunku i rodzaju drewna oraz sposobu aplikacji<\/p>\n","protected":false},"featured_media":1927,"comment_status":"open","ping_status":"closed","template":"","meta":[],"product_brand":[],"product_cat":[43,63],"product_tag":[],"class_list":{"0":"post-1901","1":"product","2":"type-product","3":"status-publish","4":"has-post-thumbnail","6":"product_cat-impregnaty-do-drewna","7":"product_cat-lazury-do-drewna","8":"product_shipping_class-lekkie-produkty","10":"first","11":"instock","12":"shipping-taxable","13":"purchasable","14":"product-type-variable","15":"has-default-attributes"},"_links":{"self":[{"href":"https:\/\/kastelmeble.radom.pl\/bisparkiet\/wp-json\/wp\/v2\/product\/1901","targetHints":{"allow":["GET"]}}],"collection":[{"href":"https:\/\/kastelmeble.radom.pl\/bisparkiet\/wp-json\/wp\/v2\/product"}],"about":[{"href":"https:\/\/kastelmeble.radom.pl\/bisparkiet\/wp-json\/wp\/v2\/types\/product"}],"replies":[{"embeddable":true,"href":"https:\/\/kastelmeble.radom.pl\/bisparkiet\/wp-json\/wp\/v2\/comments?post=1901"}],"wp:featuredmedia":[{"embeddable":true,"href":"https:\/\/kastelmeble.radom.pl\/bisparkiet\/wp-json\/wp\/v2\/media\/1927"}],"wp:attachment":[{"href":"https:\/\/kastelmeble.radom.pl\/bisparkiet\/wp-json\/wp\/v2\/media?parent=1901"}],"wp:term":[{"taxonomy":"product_brand","embeddable":true,"href":"https:\/\/kastelmeble.radom.pl\/bisparkiet\/wp-json\/wp\/v2\/product_brand?post=1901"},{"taxonomy":"product_cat","embeddable":true,"href":"https:\/\/kastelmeble.radom.pl\/bisparkiet\/wp-json\/wp\/v2\/product_cat?post=1901"},{"taxonomy":"product_tag","embeddable":true,"href":"https:\/\/kastelmeble.radom.pl\/bisparkiet\/wp-json\/wp\/v2\/product_tag?post=1901"}],"curies":[{"name":"wp","href":"https:\/\/api.w.org\/{rel}","templated":true}]}}