{"id":1847,"date":"2025-05-13T09:57:13","date_gmt":"2025-05-13T07:57:13","guid":{"rendered":"https:\/\/kastelmeble.radom.pl\/bisparkiet\/?post_type=product&#038;p=1847"},"modified":"2025-05-13T09:57:37","modified_gmt":"2025-05-13T07:57:37","slug":"impregnat-do-drewna-koopmans-impra-25-l","status":"publish","type":"product","link":"https:\/\/kastelmeble.radom.pl\/bisparkiet\/produkt\/impregnat-do-drewna-koopmans-impra-25-l\/","title":{"rendered":"Impregnat do drewna Koopmans Impra 2,5 L"},"content":{"rendered":"<h2>Impregnat do drewna Koopmans Impra 2,5 L<\/h2>\n<p><strong>IMPRA<\/strong><br \/>\n<strong>\u00a0Impregnat pow\u0142okotw\u00f3rczy<\/strong><\/p>\n<p>Impregnat na bazie \u017cywic alkidowych z dodatkiem oleju lnianego.<br \/>\nDoskonale impregnuje, dzi\u0119ki czemu\u00a0 drewno staje si\u0119 odporne na warunki atmosferyczne i dzia\u0142anie wody.<br \/>\nZmodyfikowane \u017cywice alkidowe g\u0142\u0119boko zabezpieczaj\u0105 drewno.<\/p>\n<p><strong>Cechy<\/strong><br \/>\n&#8211; ochrona drewna do 6 lat<br \/>\n&#8211; zmodyfikowane \u017cywice alkidowe<br \/>\n&#8211; nie \u0142uszczy si\u0119<br \/>\n&#8211; \u0142atwa aplikacja<br \/>\n&#8211; wysoka przyczepno\u015b\u0107 do drewna<br \/>\n&#8211; wysoka elastyczno\u015b\u0107 i trwa\u0142o\u015b\u0107 pow\u0142oki<br \/>\n&#8211; reguluje wilgotno\u015b\u0107 drewna<br \/>\n&#8211; odporny na dzia\u0142anie czynnik\u00f3w atmosferycznych<br \/>\n&#8211; podkre\u015bla naturalne pi\u0119kno drewna<br \/>\n&#8211; zapewnia wysok\u0105 ochron\u0119 przed biodegradacj\u0105 w systemie z impregnatem technicznym<\/p>\n<p><strong>Zastosowanie<\/strong><br \/>\n&#8211; architektura ogrodowa (domy, p\u0142oty, pergole, altanki, mostki itp.)<br \/>\n&#8211; meble ogrodowe<br \/>\n&#8211; drewniane elementy fasadowe<br \/>\n&#8211; deska tarasowa modrzewiowa<\/p>\n<p><strong>Opakowania<\/strong><br \/>\n2,5 l \/ 5 l \/ 20 l<\/p>\n<p><strong>Wydajno\u015b\u0107<\/strong><br \/>\n10-15 m\u00b2 \/ 1 l, silnie uzale\u017cniona od gatunku i rodzaju drewna oraz sposobu aplikacji<\/p>\n","protected":false},"excerpt":{"rendered":"<p><strong>Opakowania <\/strong>2,5 l \/ 5 l \/ 20 l<br \/>\n<strong>Wydajno\u015b\u0107 <\/strong>10-15 m\u00b2 \/ 1 l, silnie uzale\u017cniona od gatunku i rodzaju drewna oraz sposobu aplikacji<\/p>\n","protected":false},"featured_media":1865,"comment_status":"open","ping_status":"closed","template":"","meta":[],"product_brand":[],"product_cat":[43,63],"product_tag":[],"class_list":{"0":"post-1847","1":"product","2":"type-product","3":"status-publish","4":"has-post-thumbnail","6":"product_cat-impregnaty-do-drewna","7":"product_cat-lazury-do-drewna","8":"product_shipping_class-lekkie-produkty","10":"first","11":"instock","12":"shipping-taxable","13":"purchasable","14":"product-type-variable","15":"has-default-attributes"},"_links":{"self":[{"href":"https:\/\/kastelmeble.radom.pl\/bisparkiet\/wp-json\/wp\/v2\/product\/1847","targetHints":{"allow":["GET"]}}],"collection":[{"href":"https:\/\/kastelmeble.radom.pl\/bisparkiet\/wp-json\/wp\/v2\/product"}],"about":[{"href":"https:\/\/kastelmeble.radom.pl\/bisparkiet\/wp-json\/wp\/v2\/types\/product"}],"replies":[{"embeddable":true,"href":"https:\/\/kastelmeble.radom.pl\/bisparkiet\/wp-json\/wp\/v2\/comments?post=1847"}],"wp:featuredmedia":[{"embeddable":true,"href":"https:\/\/kastelmeble.radom.pl\/bisparkiet\/wp-json\/wp\/v2\/media\/1865"}],"wp:attachment":[{"href":"https:\/\/kastelmeble.radom.pl\/bisparkiet\/wp-json\/wp\/v2\/media?parent=1847"}],"wp:term":[{"taxonomy":"product_brand","embeddable":true,"href":"https:\/\/kastelmeble.radom.pl\/bisparkiet\/wp-json\/wp\/v2\/product_brand?post=1847"},{"taxonomy":"product_cat","embeddable":true,"href":"https:\/\/kastelmeble.radom.pl\/bisparkiet\/wp-json\/wp\/v2\/product_cat?post=1847"},{"taxonomy":"product_tag","embeddable":true,"href":"https:\/\/kastelmeble.radom.pl\/bisparkiet\/wp-json\/wp\/v2\/product_tag?post=1847"}],"curies":[{"name":"wp","href":"https:\/\/api.w.org\/{rel}","templated":true}]}}