{"id":1754,"date":"2025-05-13T09:56:18","date_gmt":"2025-05-13T07:56:18","guid":{"rendered":"https:\/\/kastelmeble.radom.pl\/bisparkiet\/?post_type=product&#038;p=1754"},"modified":"2025-05-13T09:57:08","modified_gmt":"2025-05-13T07:57:08","slug":"olej-impregnujacy-do-drewna-koopmans-houtolie-075-l","status":"publish","type":"product","link":"https:\/\/kastelmeble.radom.pl\/bisparkiet\/produkt\/olej-impregnujacy-do-drewna-koopmans-houtolie-075-l\/","title":{"rendered":"Olej impregnuj\u0105cy do drewna Koopmans Houtolie 0,75 L"},"content":{"rendered":"<h2>Olej impregnuj\u0105cy do drewna Koopmans Houtolie<\/h2>\n<p>\u015arodek do ochrony drewna na bazie naturalnego oleju lnianego.\u00a0 Produkt znakomicie impregnuje i zabezpiecza drewno, reguluje jego wilgotno\u015b\u0107, u\u0142atwia jego swobodne oddychanie. Zawarto\u015b\u0107 oleju lnianego doskonale podkre\u015bla naturaln\u0105 struktur\u0119 drewna.<br \/>\nZawarty w produktach\u00a0 filtr UV \u015bwietnie chroni drewno przed warunkami zewn\u0119trznymi (s\u0142o\u0144ce, wilgo\u0107, opady atmosferyczne itp.).<\/p>\n<p>Cechy<br \/>\n&#8211; intensywna ochrona<br \/>\n&#8211; g\u0142\u0119boka impregnacja<br \/>\n&#8211; \u0142atwa aplikacja<br \/>\n&#8211; przyjazny dla \u015brodowiska<br \/>\n&#8211; odporny na dzia\u0142anie czynnik\u00f3w atmosferycznych<br \/>\n&#8211; podkre\u015bla naturalne pi\u0119kno drewna<br \/>\n&#8211; zapewnia wysok\u0105 ochron\u0119 przed biodegradacj\u0105 w systemie z impregnatem technicznym<\/p>\n<p>Zastosowanie<br \/>\n&#8211; deska tarasowa<br \/>\n&#8211; architektura ogrodowa (domy, p\u0142oty, pergole, altanki, mostki itp.)<br \/>\n&#8211; meble ogrodowe<br \/>\n&#8211; drewniane elementy fasadowe<\/p>\n<p>Opakowania<br \/>\n0,75 l \/ 2,5 l \/ 5 l \/ 20 l<\/p>\n<p>Wydajno\u015b\u0107<br \/>\n10-15 m\u00b2 \/ 1 l, silnie uzale\u017cniona od gatunku i rodzaju drewna oraz sposobu aplikacji<\/p>\n","protected":false},"excerpt":{"rendered":"<p><strong>Opakowania<\/strong> 0,75 l \/ 2,5 l \/ 5 l \/ 20 l<br \/>\n<strong>Wydajno\u015b\u0107<\/strong> 10-15 m\u00b2 \/ 1 l, silnie uzale\u017cniona od gatunku i rodzaju drewna oraz sposobu aplikacji<\/p>\n","protected":false},"featured_media":1796,"comment_status":"open","ping_status":"closed","template":"","meta":[],"product_brand":[],"product_cat":[43,62],"product_tag":[],"class_list":{"0":"post-1754","1":"product","2":"type-product","3":"status-publish","4":"has-post-thumbnail","6":"product_cat-impregnaty-do-drewna","7":"product_cat-oleje-do-drewna","8":"product_shipping_class-lekkie-produkty","10":"first","11":"instock","12":"shipping-taxable","13":"purchasable","14":"product-type-variable"},"_links":{"self":[{"href":"https:\/\/kastelmeble.radom.pl\/bisparkiet\/wp-json\/wp\/v2\/product\/1754","targetHints":{"allow":["GET"]}}],"collection":[{"href":"https:\/\/kastelmeble.radom.pl\/bisparkiet\/wp-json\/wp\/v2\/product"}],"about":[{"href":"https:\/\/kastelmeble.radom.pl\/bisparkiet\/wp-json\/wp\/v2\/types\/product"}],"replies":[{"embeddable":true,"href":"https:\/\/kastelmeble.radom.pl\/bisparkiet\/wp-json\/wp\/v2\/comments?post=1754"}],"wp:featuredmedia":[{"embeddable":true,"href":"https:\/\/kastelmeble.radom.pl\/bisparkiet\/wp-json\/wp\/v2\/media\/1796"}],"wp:attachment":[{"href":"https:\/\/kastelmeble.radom.pl\/bisparkiet\/wp-json\/wp\/v2\/media?parent=1754"}],"wp:term":[{"taxonomy":"product_brand","embeddable":true,"href":"https:\/\/kastelmeble.radom.pl\/bisparkiet\/wp-json\/wp\/v2\/product_brand?post=1754"},{"taxonomy":"product_cat","embeddable":true,"href":"https:\/\/kastelmeble.radom.pl\/bisparkiet\/wp-json\/wp\/v2\/product_cat?post=1754"},{"taxonomy":"product_tag","embeddable":true,"href":"https:\/\/kastelmeble.radom.pl\/bisparkiet\/wp-json\/wp\/v2\/product_tag?post=1754"}],"curies":[{"name":"wp","href":"https:\/\/api.w.org\/{rel}","templated":true}]}}