{"id":1714,"date":"2025-05-13T09:55:31","date_gmt":"2025-05-13T07:55:31","guid":{"rendered":"https:\/\/kastelmeble.radom.pl\/bisparkiet\/?post_type=product&#038;p=1714"},"modified":"2025-05-13T10:05:20","modified_gmt":"2025-05-13T08:05:20","slug":"deska-elewacyjna-kompozytowa-ultrashield-us09-13x141x2800-mm","status":"publish","type":"product","link":"https:\/\/kastelmeble.radom.pl\/bisparkiet\/produkt\/deska-elewacyjna-kompozytowa-ultrashield-us09-13x141x2800-mm\/","title":{"rendered":"Deska elewacyjna kompozytowa Ultrashield US09 13x141x2800 mm"},"content":{"rendered":"<p>Cena dotyczy 1mb deski\u00a0<strong>elewacyjnej kompozytowej Ultrashield US09 13x141x2800 mm<\/strong><\/p>\n<p><strong>Wyko\u0144czenie:<\/strong>\u00a0struktura drewna<\/p>\n<p>Grubo\u015b\u0107:\u00a013 mm<\/p>\n<p>Szeroko\u015b\u0107:\u00a0141 mm<\/p>\n<p><strong>Dost\u0119pna w d\u0142ugo\u015bciach:<\/strong>\u00a0 2800 mm<\/p>\n<p><strong>Deska dost\u0119pna na magazynie od r\u0119ki w 3 kolorach:<\/strong> Teak, Walnut, Light Gray.<\/p>\n<p>Deski elewacyjne Ultrashield Naturale oraz kompozytowe deski elewacyjne sk\u0142adaj\u0105 si\u0119 z mieszanki: 60% m\u0105czki drzewnej oraz 30% polimer\u00f3w HDPE.<br \/>\nDzi\u0119ki takim proporcjom zawarto\u015bci drewna w materiale, deski elewacyjne maj\u0105 powierzchni\u0119 oraz struktur\u0119 przypominaj\u0105c\u0105 w dotyku naturalne drewno.<\/p>\n<p>Polimery wchodz\u0105ce w sk\u0142ad mieszanki odpowiadaj\u0105 natomiast za odporno\u015b\u0107 na warunki atmosferyczne, trwa\u0142o\u015b\u0107 oraz kolor.<\/p>\n","protected":false},"excerpt":{"rendered":"<div class=\"product-prices\">\n<div class=\"product-price h5 \">\n<p>Cena za metr bie\u017c\u0105cy<\/p>\n<\/div>\n<\/div>\n<div class=\"product-information\">\n<div id=\"product-description-short-65\" class=\"product-desc\">\n<p>Deska <strong>elewacyjna kompozytowa Ultrashield US09 13x141x2800 mm<\/strong><\/p>\n<p><strong>Wyko\u0144czenie:<\/strong>\u00a0struktura drewna<\/p>\n<p>&nbsp;<\/p>\n<\/div>\n<\/div>\n","protected":false},"featured_media":1764,"comment_status":"open","ping_status":"closed","template":"","meta":[],"product_brand":[],"product_cat":[61,55],"product_tag":[],"class_list":{"0":"post-1714","1":"product","2":"type-product","3":"status-publish","4":"has-post-thumbnail","6":"product_cat-deska-kompozytowa","7":"product_cat-elewacje","8":"product_shipping_class-ponadgabarytowe","10":"first","11":"instock","12":"shipping-taxable","13":"purchasable","14":"product-type-variable","15":"has-default-attributes"},"_links":{"self":[{"href":"https:\/\/kastelmeble.radom.pl\/bisparkiet\/wp-json\/wp\/v2\/product\/1714","targetHints":{"allow":["GET"]}}],"collection":[{"href":"https:\/\/kastelmeble.radom.pl\/bisparkiet\/wp-json\/wp\/v2\/product"}],"about":[{"href":"https:\/\/kastelmeble.radom.pl\/bisparkiet\/wp-json\/wp\/v2\/types\/product"}],"replies":[{"embeddable":true,"href":"https:\/\/kastelmeble.radom.pl\/bisparkiet\/wp-json\/wp\/v2\/comments?post=1714"}],"wp:featuredmedia":[{"embeddable":true,"href":"https:\/\/kastelmeble.radom.pl\/bisparkiet\/wp-json\/wp\/v2\/media\/1764"}],"wp:attachment":[{"href":"https:\/\/kastelmeble.radom.pl\/bisparkiet\/wp-json\/wp\/v2\/media?parent=1714"}],"wp:term":[{"taxonomy":"product_brand","embeddable":true,"href":"https:\/\/kastelmeble.radom.pl\/bisparkiet\/wp-json\/wp\/v2\/product_brand?post=1714"},{"taxonomy":"product_cat","embeddable":true,"href":"https:\/\/kastelmeble.radom.pl\/bisparkiet\/wp-json\/wp\/v2\/product_cat?post=1714"},{"taxonomy":"product_tag","embeddable":true,"href":"https:\/\/kastelmeble.radom.pl\/bisparkiet\/wp-json\/wp\/v2\/product_tag?post=1714"}],"curies":[{"name":"wp","href":"https:\/\/api.w.org\/{rel}","templated":true}]}}