{"id":1708,"date":"2025-05-13T09:55:31","date_gmt":"2025-05-13T07:55:31","guid":{"rendered":"https:\/\/kastelmeble.radom.pl\/bisparkiet\/?post_type=product&#038;p=1708"},"modified":"2025-05-13T09:56:12","modified_gmt":"2025-05-13T07:56:12","slug":"deska-elewacyjna-swierk-polbal-22x140-mm","status":"publish","type":"product","link":"https:\/\/kastelmeble.radom.pl\/bisparkiet\/produkt\/deska-elewacyjna-swierk-polbal-22x140-mm\/","title":{"rendered":"Deska elewacyjna \u015awierk P\u00d3\u0141BAL 22&#215;140 mm"},"content":{"rendered":"<div id=\"description\" class=\"tab-pane fade in active\">\n<div class=\"product-description\">\n<p><strong>Cena dotyczy<\/strong> 1m2 <strong>deski<\/strong> elewacyjnej<strong> \u015awierk 24&#215;146 mm<\/strong><\/p>\n<p><strong>Profil:<\/strong>\u00a0P\u00f3\u0142bal<\/p>\n<p><strong>Grubo\u015b\u0107: <\/strong>24 mm<\/p>\n<p><strong>Szeroko\u015b\u0107: <\/strong>146\u00a0mm<\/p>\n<p><strong>Powierzchnia krycia:<\/strong> 133 mm<\/p>\n<p><strong>Klasa:<\/strong>\u00a0AB<\/p>\n<p>Elewacja \u015bwierkowa z\u00a0wysokiej klasy drewna \u015bwierkowego.<br \/>\nDzi\u0119ki wysokiej jako\u015bci obr\u00f3bki elewacja ma bardzo dobre walory techniczne i estetyczne.<\/p>\n<p><strong>Przed zakupem prosimy o kontakt w celu sprawdzenia dost\u0119pno\u015bci oraz ustalenia szczeg\u00f3\u0142\u00f3w transportu.<\/strong><\/p>\n<p><b>Oferujemy r\u00f3wnie\u017c monta\u017c taras\u00f3w i elewacji.<\/b><\/p>\n<p><b>Zadzwo\u0144 lub napisz a my przygotujemy ofert\u0119.<\/b><\/p>\n<\/div>\n<\/div>\n","protected":false},"excerpt":{"rendered":"<div id=\"product-description-short-216\" class=\"product-desc\">\n<p><strong>Cena dotyczy 1m2 deski<\/strong> <strong>elewacyjnej \u015awierk 24&#215;146 mm<\/strong><\/p>\n<p><strong>Profil:<\/strong>\u00a0P\u00f3\u0142bal<\/p>\n<p><strong>Grubo\u015b\u0107: <\/strong>24\u00a0mm<\/p>\n<p><strong>Szeroko\u015b\u0107: <\/strong>146\u00a0mm<\/p>\n<p><strong>Powierzchnia krycia:<\/strong> 133 mm<\/p>\n<p><strong>Klasa:<\/strong> AB<\/p>\n<\/div>\n","protected":false},"featured_media":1744,"comment_status":"open","ping_status":"closed","template":"","meta":[],"product_brand":[],"product_cat":[57,58,55],"product_tag":[],"class_list":{"0":"post-1708","1":"product","2":"type-product","3":"status-publish","4":"has-post-thumbnail","6":"product_cat-deska-iglasta","7":"product_cat-deski-elewacyjne-swierk","8":"product_cat-elewacje","9":"product_shipping_class-ponadgabarytowe","11":"first","12":"instock","13":"shipping-taxable","14":"purchasable","15":"product-type-simple"},"_links":{"self":[{"href":"https:\/\/kastelmeble.radom.pl\/bisparkiet\/wp-json\/wp\/v2\/product\/1708","targetHints":{"allow":["GET"]}}],"collection":[{"href":"https:\/\/kastelmeble.radom.pl\/bisparkiet\/wp-json\/wp\/v2\/product"}],"about":[{"href":"https:\/\/kastelmeble.radom.pl\/bisparkiet\/wp-json\/wp\/v2\/types\/product"}],"replies":[{"embeddable":true,"href":"https:\/\/kastelmeble.radom.pl\/bisparkiet\/wp-json\/wp\/v2\/comments?post=1708"}],"wp:featuredmedia":[{"embeddable":true,"href":"https:\/\/kastelmeble.radom.pl\/bisparkiet\/wp-json\/wp\/v2\/media\/1744"}],"wp:attachment":[{"href":"https:\/\/kastelmeble.radom.pl\/bisparkiet\/wp-json\/wp\/v2\/media?parent=1708"}],"wp:term":[{"taxonomy":"product_brand","embeddable":true,"href":"https:\/\/kastelmeble.radom.pl\/bisparkiet\/wp-json\/wp\/v2\/product_brand?post=1708"},{"taxonomy":"product_cat","embeddable":true,"href":"https:\/\/kastelmeble.radom.pl\/bisparkiet\/wp-json\/wp\/v2\/product_cat?post=1708"},{"taxonomy":"product_tag","embeddable":true,"href":"https:\/\/kastelmeble.radom.pl\/bisparkiet\/wp-json\/wp\/v2\/product_tag?post=1708"}],"curies":[{"name":"wp","href":"https:\/\/api.w.org\/{rel}","templated":true}]}}