{"id":1633,"date":"2025-05-13T09:42:12","date_gmt":"2025-05-13T07:42:12","guid":{"rendered":"https:\/\/kastelmeble.radom.pl\/bisparkiet\/?post_type=product&#038;p=1633"},"modified":"2025-05-13T09:56:03","modified_gmt":"2025-05-13T07:56:03","slug":"deska-elewacyjna-okoume-faza-15x145","status":"publish","type":"product","link":"https:\/\/kastelmeble.radom.pl\/bisparkiet\/produkt\/deska-elewacyjna-okoume-faza-15x145\/","title":{"rendered":"Deska elewacyjna Okoume FAZA 15&#215;145"},"content":{"rendered":"<div id=\"description\" class=\"tab-pane fade in active\">\n<div class=\"product-description\">\n<p><strong>Cena dotyczy 1m2 deski elewacyjnej Okoume 15&#215;145 mm<\/strong><\/p>\n<p><strong>Profil:<\/strong>\u00a0Faza<\/p>\n<p><strong>Grubo\u015b\u0107:<\/strong>\u00a015 mm<\/p>\n<p><strong>Szeroko\u015b\u0107:<\/strong>\u00a0145 mm<\/p>\n<p><strong>Powierzchnia krycia:<\/strong> 135 mm<\/p>\n<p>Gatunek ten jest idealnym drewnem egzotycznym do zastosowania na elewacj\u0119. Ro\u015bnie bardzo szybko w lasach tropikalnych afryki centralnej i jest pozyskiwany w spos\u00f3b legalny i zr\u00f3wnowa\u017cony, dzi\u0119ki czemu jego eksploatacja nie zagra\u017ca \u015brodowisku. Okoume jest drewnem lekkim, stabilnym o bardzo wysokich walorach estetycznych. Naturalne drewno egzotyczne Okoume jest w kolorach jasno r\u00f3\u017cowych, ale doskonale si\u0119 wybarwia na tysi\u0105ce kolor\u00f3w dzi\u0119ki lazurom impregnuj\u0105cym. Elewacje mo\u017ce by\u0107 uk\u0142adana zar\u00f3wno poziomo jak i pionowo,w zale\u017cno\u015bci od gustu klienta. Elewacja Okoume jest dost\u0119pna w profilu FAZA 15x145mm z czego powierzchnia kryj\u0105ca to 135 mm.<\/p>\n<p>Elewacja z drewna egzotycznego Okoume, aby s\u0142u\u017cy\u0142a nam przez lata, powinna by\u0107 zabezpieczana \u015brodkami chemicznymi jak oleje do drewna czy lazury impregnuj\u0105ce.<\/p>\n<p>Klienci wybieraj\u0105 elewacje z drewna egzotycznego g\u0142\u00f3wnie ze wzgl\u0119du na walory estetyczne i ekologiczne, ale r\u00f3wnie\u017c nie bez znaczenia s\u0105 wysokie parametry izolacyjno-cieplne.<\/p>\n<p>&nbsp;<\/p>\n<p>Przed zakupem prosimy o kontakt w celu sprawdzenia dost\u0119pno\u015bci oraz ustalenia szczeg\u00f3\u0142\u00f3w transportu.<\/p>\n<p>Oferujemy r\u00f3wnie\u017c monta\u017c taras\u00f3w i elewacji.<\/p>\n<p>&nbsp;<\/p>\n<p>Zadzwo\u0144 lub napisz a my przygotujemy ofert\u0119.<\/p>\n<\/div>\n<\/div>\n","protected":false},"excerpt":{"rendered":"<p><strong>Cena dotyczy 1m2 deski elewacyjnej Okoume\u00a0<\/strong><\/p>\n<p><strong>Profil:<\/strong>\u00a0Faza<\/p>\n<p><strong>Grubo\u015b\u0107:<\/strong>\u00a015 mm<\/p>\n<p><strong>Szeroko\u015b\u0107:<\/strong>\u00a0145 mm<\/p>\n","protected":false},"featured_media":1739,"comment_status":"open","ping_status":"closed","template":"","meta":[],"product_brand":[],"product_cat":[59,55],"product_tag":[],"class_list":{"0":"post-1633","1":"product","2":"type-product","3":"status-publish","4":"has-post-thumbnail","6":"product_cat-deska-egzotyczna","7":"product_cat-elewacje","8":"product_shipping_class-ponadgabarytowe","10":"first","11":"instock","12":"shipping-taxable","13":"purchasable","14":"product-type-simple"},"_links":{"self":[{"href":"https:\/\/kastelmeble.radom.pl\/bisparkiet\/wp-json\/wp\/v2\/product\/1633","targetHints":{"allow":["GET"]}}],"collection":[{"href":"https:\/\/kastelmeble.radom.pl\/bisparkiet\/wp-json\/wp\/v2\/product"}],"about":[{"href":"https:\/\/kastelmeble.radom.pl\/bisparkiet\/wp-json\/wp\/v2\/types\/product"}],"replies":[{"embeddable":true,"href":"https:\/\/kastelmeble.radom.pl\/bisparkiet\/wp-json\/wp\/v2\/comments?post=1633"}],"wp:featuredmedia":[{"embeddable":true,"href":"https:\/\/kastelmeble.radom.pl\/bisparkiet\/wp-json\/wp\/v2\/media\/1739"}],"wp:attachment":[{"href":"https:\/\/kastelmeble.radom.pl\/bisparkiet\/wp-json\/wp\/v2\/media?parent=1633"}],"wp:term":[{"taxonomy":"product_brand","embeddable":true,"href":"https:\/\/kastelmeble.radom.pl\/bisparkiet\/wp-json\/wp\/v2\/product_brand?post=1633"},{"taxonomy":"product_cat","embeddable":true,"href":"https:\/\/kastelmeble.radom.pl\/bisparkiet\/wp-json\/wp\/v2\/product_cat?post=1633"},{"taxonomy":"product_tag","embeddable":true,"href":"https:\/\/kastelmeble.radom.pl\/bisparkiet\/wp-json\/wp\/v2\/product_tag?post=1633"}],"curies":[{"name":"wp","href":"https:\/\/api.w.org\/{rel}","templated":true}]}}