{"id":1629,"date":"2025-05-13T09:42:12","date_gmt":"2025-05-13T07:42:12","guid":{"rendered":"https:\/\/kastelmeble.radom.pl\/bisparkiet\/?post_type=product&#038;p=1629"},"modified":"2025-05-13T09:56:43","modified_gmt":"2025-05-13T07:56:43","slug":"aquastar-deva-lakier-jednoskladnikowy-poliuretanowy","status":"publish","type":"product","link":"https:\/\/kastelmeble.radom.pl\/bisparkiet\/produkt\/aquastar-deva-lakier-jednoskladnikowy-poliuretanowy\/","title":{"rendered":"AQUASTAR DEVA lakier jednosk\u0142adnikowy poliuretanowy"},"content":{"rendered":"<div id=\"description\" class=\"tab-pane fade in active\">\n<div class=\"product-description\">\n<p><em><strong>AQUASTAR<\/strong>\u00a0 lakier do parkiet\u00f3w poliuretanowy,\u00a0 nadaje si\u0119 do lakierowania parkiet\u00f3w, desek pod\u0142ogowych i wszystkich pod\u0142\u00f3g drewnianych.<\/em><\/p>\n<p>Lakier aquastar mo\u017cna stosowa\u0107 w pomieszczeniach u\u017cyteczno\u015bci publicznej &#8211; szko\u0142y, restauracje, hale sportowe, mieszkania i schody.<br \/>\nLakier poliuretanowy jednosk\u0142adnikowy ma wysok\u0105 odporno\u015b\u0107 na \u015bcieranie, nie powoduje przyciemniania drewna i mo\u017ce by\u0107 stosowany bez podk\u0142adu, bez zapachu, \u0142atwe uk\u0142adanie.<\/p>\n<p><strong>STOPIE\u0143 PO\u0141YSKU:<\/strong>\u00a0 MAT, P\u00d3\u0141MAT,\u00a0 PO\u0141YSK<br \/>\n<strong>POJEMNO\u015a\u0106: <\/strong>5 LITR\u00d3W<\/p>\n<\/div>\n<\/div>\n","protected":false},"excerpt":{"rendered":"<div id=\"product-description-short-150\" class=\"product-desc\">\n<p><em><strong>AQUASTAR<\/strong><\/em>\u00a0 Lakier poliuretanowy jednosk\u0142adnikowy do parkiet\u00f3w<\/p>\n<\/div>\n","protected":false},"featured_media":1736,"comment_status":"open","ping_status":"closed","template":"","meta":[],"product_brand":[],"product_cat":[45,50],"product_tag":[],"class_list":{"0":"post-1629","1":"product","2":"type-product","3":"status-publish","4":"has-post-thumbnail","6":"product_cat-chemia-parkieciarska","7":"product_cat-lakiery-nawierzchniowe","8":"product_shipping_class-lekkie-produkty","10":"first","11":"instock","12":"shipping-taxable","13":"purchasable","14":"product-type-variable","15":"has-default-attributes"},"_links":{"self":[{"href":"https:\/\/kastelmeble.radom.pl\/bisparkiet\/wp-json\/wp\/v2\/product\/1629","targetHints":{"allow":["GET"]}}],"collection":[{"href":"https:\/\/kastelmeble.radom.pl\/bisparkiet\/wp-json\/wp\/v2\/product"}],"about":[{"href":"https:\/\/kastelmeble.radom.pl\/bisparkiet\/wp-json\/wp\/v2\/types\/product"}],"replies":[{"embeddable":true,"href":"https:\/\/kastelmeble.radom.pl\/bisparkiet\/wp-json\/wp\/v2\/comments?post=1629"}],"wp:featuredmedia":[{"embeddable":true,"href":"https:\/\/kastelmeble.radom.pl\/bisparkiet\/wp-json\/wp\/v2\/media\/1736"}],"wp:attachment":[{"href":"https:\/\/kastelmeble.radom.pl\/bisparkiet\/wp-json\/wp\/v2\/media?parent=1629"}],"wp:term":[{"taxonomy":"product_brand","embeddable":true,"href":"https:\/\/kastelmeble.radom.pl\/bisparkiet\/wp-json\/wp\/v2\/product_brand?post=1629"},{"taxonomy":"product_cat","embeddable":true,"href":"https:\/\/kastelmeble.radom.pl\/bisparkiet\/wp-json\/wp\/v2\/product_cat?post=1629"},{"taxonomy":"product_tag","embeddable":true,"href":"https:\/\/kastelmeble.radom.pl\/bisparkiet\/wp-json\/wp\/v2\/product_tag?post=1629"}],"curies":[{"name":"wp","href":"https:\/\/api.w.org\/{rel}","templated":true}]}}