{"id":1628,"date":"2025-05-13T09:42:12","date_gmt":"2025-05-13T07:42:12","guid":{"rendered":"https:\/\/kastelmeble.radom.pl\/bisparkiet\/?post_type=product&#038;p=1628"},"modified":"2025-05-13T09:59:46","modified_gmt":"2025-05-13T07:59:46","slug":"aquadeva-transit-plus-lakier-dwuskladnikowy-poliuretanowy","status":"publish","type":"product","link":"https:\/\/kastelmeble.radom.pl\/bisparkiet\/produkt\/aquadeva-transit-plus-lakier-dwuskladnikowy-poliuretanowy\/","title":{"rendered":"AQUADEVA TRANSIT PLUS lakier dwusk\u0142adnikowy poliuretanowy"},"content":{"rendered":"<div id=\"description\" class=\"tab-pane fade in active\">\n<div class=\"product-description\">\n<p><em><strong>AQUADEVA TRANSIT<\/strong><\/em> lakier dwusk\u0142adnikowy nawierzchniowy, na bazie czystego poliuretanu, kt\u00f3rego woda jest tylko no\u015bnikiem.<\/p>\n<p>Lakier nawierzchniowy Transit przeznaczony jest do lakierowania\u00a0 pod\u0142\u00f3g drewnianych w obiektach u\u017cyteczno\u015bci publicznej (np.: szko\u0142y, restauracje, dyskoteki, biura, hale sportowe) oraz pomieszcze\u0144 mieszkalnych nara\u017conych na intensywne u\u017cywanie. Polakierowana powierzchnia lakierem TRANSIT nie tylko jest odporna na produkty chemiczne u\u017cytku domowego jak r\u00f3wnie\u017c posiada bardzo wysok\u0105 odporno\u015b\u0107 na \u015bcieranie. Lakier dwusk\u0142adnikowy Transit posiada odcie\u0144 jedwabiu, kt\u00f3ry powoduje naturalny i pi\u0119kny wygl\u0105d pod\u0142ogi co jest niemo\u017cliwe w przypadku innych lakier\u00f3w.<\/p>\n<p><strong>STOPIE\u0143 PO\u0141YSKU:<\/strong> MAT. P\u00d3\u0141MAT, PO\u0141YSK<\/p>\n<p><strong>POJEMNO\u015a\u0106:<\/strong> 1,1L i \u00a04,4 L<\/p>\n<\/div>\n<\/div>\n","protected":false},"excerpt":{"rendered":"<div id=\"product-description-short-151\" class=\"product-desc\">\n<p><em><strong>AQUADEVA TRANSIT PLUS<\/strong><\/em>\u00a0 lakier do parkiet\u00f3w poliuretanowy dwusk\u0142adnikowy<\/p>\n<\/div>\n","protected":false},"featured_media":1728,"comment_status":"open","ping_status":"closed","template":"","meta":[],"product_brand":[],"product_cat":[45,50],"product_tag":[],"class_list":{"0":"post-1628","1":"product","2":"type-product","3":"status-publish","4":"has-post-thumbnail","6":"product_cat-chemia-parkieciarska","7":"product_cat-lakiery-nawierzchniowe","8":"product_shipping_class-lekkie-produkty","10":"first","11":"instock","12":"shipping-taxable","13":"purchasable","14":"product-type-variable","15":"has-default-attributes"},"_links":{"self":[{"href":"https:\/\/kastelmeble.radom.pl\/bisparkiet\/wp-json\/wp\/v2\/product\/1628","targetHints":{"allow":["GET"]}}],"collection":[{"href":"https:\/\/kastelmeble.radom.pl\/bisparkiet\/wp-json\/wp\/v2\/product"}],"about":[{"href":"https:\/\/kastelmeble.radom.pl\/bisparkiet\/wp-json\/wp\/v2\/types\/product"}],"replies":[{"embeddable":true,"href":"https:\/\/kastelmeble.radom.pl\/bisparkiet\/wp-json\/wp\/v2\/comments?post=1628"}],"wp:featuredmedia":[{"embeddable":true,"href":"https:\/\/kastelmeble.radom.pl\/bisparkiet\/wp-json\/wp\/v2\/media\/1728"}],"wp:attachment":[{"href":"https:\/\/kastelmeble.radom.pl\/bisparkiet\/wp-json\/wp\/v2\/media?parent=1628"}],"wp:term":[{"taxonomy":"product_brand","embeddable":true,"href":"https:\/\/kastelmeble.radom.pl\/bisparkiet\/wp-json\/wp\/v2\/product_brand?post=1628"},{"taxonomy":"product_cat","embeddable":true,"href":"https:\/\/kastelmeble.radom.pl\/bisparkiet\/wp-json\/wp\/v2\/product_cat?post=1628"},{"taxonomy":"product_tag","embeddable":true,"href":"https:\/\/kastelmeble.radom.pl\/bisparkiet\/wp-json\/wp\/v2\/product_tag?post=1628"}],"curies":[{"name":"wp","href":"https:\/\/api.w.org\/{rel}","templated":true}]}}