{"id":1622,"date":"2025-05-13T09:42:11","date_gmt":"2025-05-13T07:42:11","guid":{"rendered":"https:\/\/kastelmeble.radom.pl\/bisparkiet\/?post_type=product&#038;p=1622"},"modified":"2025-05-13T09:59:46","modified_gmt":"2025-05-13T07:59:46","slug":"szpachla-deva-resiplas-zywica-do-szpachlowania-5l","status":"publish","type":"product","link":"https:\/\/kastelmeble.radom.pl\/bisparkiet\/produkt\/szpachla-deva-resiplas-zywica-do-szpachlowania-5l\/","title":{"rendered":"Szpachla DEVA RESIPLAS \u017cywica do szpachlowania 5L"},"content":{"rendered":"<p><strong>RESIPLAS<\/strong> szpachla do parkietu zmieszana z drobnym py\u0142em drzewnym daje po wyschni\u0119ciu elastyczny kit szpachlowy, kt\u00f3ry s\u0142u\u017cy do wype\u0142niania szczelin, p\u0119kni\u0119\u0107 oraz ubytk\u00f3w powsta\u0142ych w pod\u0142ogach drewnianych, parkietach, mozaikach. \u017bywica do pod\u0142\u00f3g drewnianych, nie kurczy si\u0119 podczas schni\u0119cia oraz jej kolor jest identyczny z kolorem drewna. Po wyschni\u0119ciu mo\u017cna go szlifowa\u0107, lakierowa\u0107, woskowa\u0107 i malowa\u0107.<\/p>\n","protected":false},"excerpt":{"rendered":"<div id=\"product-description-short-152\" class=\"product-desc\">\n<p><strong>RESIPLAS<\/strong> szpachla do parkietu.<\/p>\n<\/div>\n","protected":false},"featured_media":1722,"comment_status":"open","ping_status":"closed","template":"","meta":[],"product_brand":[],"product_cat":[45,52],"product_tag":[],"class_list":{"0":"post-1622","1":"product","2":"type-product","3":"status-publish","4":"has-post-thumbnail","6":"product_cat-chemia-parkieciarska","7":"product_cat-szpachle-i-wypelniacze","8":"product_shipping_class-lekkie-produkty","10":"first","11":"instock","12":"shipping-taxable","13":"purchasable","14":"product-type-variable","15":"has-default-attributes"},"_links":{"self":[{"href":"https:\/\/kastelmeble.radom.pl\/bisparkiet\/wp-json\/wp\/v2\/product\/1622","targetHints":{"allow":["GET"]}}],"collection":[{"href":"https:\/\/kastelmeble.radom.pl\/bisparkiet\/wp-json\/wp\/v2\/product"}],"about":[{"href":"https:\/\/kastelmeble.radom.pl\/bisparkiet\/wp-json\/wp\/v2\/types\/product"}],"replies":[{"embeddable":true,"href":"https:\/\/kastelmeble.radom.pl\/bisparkiet\/wp-json\/wp\/v2\/comments?post=1622"}],"wp:featuredmedia":[{"embeddable":true,"href":"https:\/\/kastelmeble.radom.pl\/bisparkiet\/wp-json\/wp\/v2\/media\/1722"}],"wp:attachment":[{"href":"https:\/\/kastelmeble.radom.pl\/bisparkiet\/wp-json\/wp\/v2\/media?parent=1622"}],"wp:term":[{"taxonomy":"product_brand","embeddable":true,"href":"https:\/\/kastelmeble.radom.pl\/bisparkiet\/wp-json\/wp\/v2\/product_brand?post=1622"},{"taxonomy":"product_cat","embeddable":true,"href":"https:\/\/kastelmeble.radom.pl\/bisparkiet\/wp-json\/wp\/v2\/product_cat?post=1622"},{"taxonomy":"product_tag","embeddable":true,"href":"https:\/\/kastelmeble.radom.pl\/bisparkiet\/wp-json\/wp\/v2\/product_tag?post=1622"}],"curies":[{"name":"wp","href":"https:\/\/api.w.org\/{rel}","templated":true}]}}