{"id":1609,"date":"2025-05-13T09:41:51","date_gmt":"2025-05-13T07:41:51","guid":{"rendered":"https:\/\/kastelmeble.radom.pl\/bisparkiet\/?post_type=product&#038;p=1609"},"modified":"2025-05-13T09:59:46","modified_gmt":"2025-05-13T07:59:46","slug":"lakier-podkladowy-do-drewna-deva-egzofond-5l","status":"publish","type":"product","link":"https:\/\/kastelmeble.radom.pl\/bisparkiet\/produkt\/lakier-podkladowy-do-drewna-deva-egzofond-5l\/","title":{"rendered":"Lakier podk\u0142adowy do drewna Deva Egzofond 5l"},"content":{"rendered":"<p><strong>Deva Egzofond<\/strong><\/p>\n<p>Lakier podk\u0142adowy do drewna, produkt ten jest\u00a0 bezbarwny, lakier podk\u0142adowy egzofond przeznaczony jest do malowania powierzchni drewnianych: pod\u0142\u00f3g, parkiet\u00f3w i boazerii. Dzi\u0119ki na\u0142o\u017ceniu warstwy lakieru podk\u0142adowego ochronimy drewno przed \u015bciemnieniem pod wp\u0142ywem nawierzchniowych lakier\u00f3w chemioutwardzalnych.<\/p>\n<p><strong> SPOS\u00d3B U\u017bYCIA:<\/strong> powierzchnie drewnian\u0105 przed lakierowaniem lakierem podk\u0142adowym nale\u017cy dok\u0142adnie wyszlifowa\u0107 i odpyli\u0107. Lakier deva egzofond nak\u0142ada\u0107 p\u0119dzlem, wa\u0142kiem lub natryskiem pneumatycznym.<\/p>\n<p>W razie potrzeby lakier odpowiednio rozcie\u0144czy\u0107 rozpuszczalnikiem DISOLVENTE-2100 lub nitro og\u00f3lnego stosowania.<br \/>\nWydajno\u015b\u0107: 1l \/ 10m2<br \/>\nSchni\u0119cie: 2-4 h,<br \/>\nIlo\u015b\u0107 warstw: 1.<\/p>\n","protected":false},"excerpt":{"rendered":"<p><strong>Lakier podk\u0142adowy jednosk\u0142adnikowy Deva Egzofond<\/strong><\/p>\n","protected":false},"featured_media":1703,"comment_status":"open","ping_status":"closed","template":"","meta":[],"product_brand":[],"product_cat":[45,51],"product_tag":[],"class_list":{"0":"post-1609","1":"product","2":"type-product","3":"status-publish","4":"has-post-thumbnail","6":"product_cat-chemia-parkieciarska","7":"product_cat-lakiery-podkladowe","8":"product_shipping_class-lekkie-produkty","10":"first","11":"instock","12":"shipping-taxable","13":"purchasable","14":"product-type-variable"},"_links":{"self":[{"href":"https:\/\/kastelmeble.radom.pl\/bisparkiet\/wp-json\/wp\/v2\/product\/1609","targetHints":{"allow":["GET"]}}],"collection":[{"href":"https:\/\/kastelmeble.radom.pl\/bisparkiet\/wp-json\/wp\/v2\/product"}],"about":[{"href":"https:\/\/kastelmeble.radom.pl\/bisparkiet\/wp-json\/wp\/v2\/types\/product"}],"replies":[{"embeddable":true,"href":"https:\/\/kastelmeble.radom.pl\/bisparkiet\/wp-json\/wp\/v2\/comments?post=1609"}],"wp:featuredmedia":[{"embeddable":true,"href":"https:\/\/kastelmeble.radom.pl\/bisparkiet\/wp-json\/wp\/v2\/media\/1703"}],"wp:attachment":[{"href":"https:\/\/kastelmeble.radom.pl\/bisparkiet\/wp-json\/wp\/v2\/media?parent=1609"}],"wp:term":[{"taxonomy":"product_brand","embeddable":true,"href":"https:\/\/kastelmeble.radom.pl\/bisparkiet\/wp-json\/wp\/v2\/product_brand?post=1609"},{"taxonomy":"product_cat","embeddable":true,"href":"https:\/\/kastelmeble.radom.pl\/bisparkiet\/wp-json\/wp\/v2\/product_cat?post=1609"},{"taxonomy":"product_tag","embeddable":true,"href":"https:\/\/kastelmeble.radom.pl\/bisparkiet\/wp-json\/wp\/v2\/product_tag?post=1609"}],"curies":[{"name":"wp","href":"https:\/\/api.w.org\/{rel}","templated":true}]}}