{"id":1608,"date":"2025-05-13T09:41:51","date_gmt":"2025-05-13T07:41:51","guid":{"rendered":"https:\/\/kastelmeble.radom.pl\/bisparkiet\/?post_type=product&#038;p=1608"},"modified":"2025-05-13T10:06:53","modified_gmt":"2025-05-13T08:06:53","slug":"deva-quick-plus-lakier-do-parkietu-ab","status":"publish","type":"product","link":"https:\/\/kastelmeble.radom.pl\/bisparkiet\/produkt\/deva-quick-plus-lakier-do-parkietu-ab\/","title":{"rendered":"Deva QUICK PLUS Lakier do parkietu  A+B"},"content":{"rendered":"<p><strong>Deva Quick Plus<\/strong> <strong>A+B\u00a0<\/strong><\/p>\n<p><strong>Lakier do parkietu dwusk\u0142adnikowy poliuretanowy <\/strong>posiada bardzo wysok\u0105 odporno\u015b\u0107 na \u015bcieranie dlatego te\u017c nadaje si\u0119 do stosowania w obiektach u\u017cyteczno\u015bci publicznej i pomieszczeniach mieszkalnych o intensywnym stopniu u\u017cytkowania. Lakier ten nie reaguje z tlenem i wilgoci\u0105.<\/p>\n<p>Dost\u0119pne wyko\u0144czenie: po\u0142ysk, p\u00f3\u0142mat, mat<\/p>\n<p>Dane techniczne:<\/p>\n<p>&#8211; Lakier 100% poliuretanowy<\/p>\n<p>&#8211; Zu\u017cycie; pierwsza warstwa 1l \/6-8m2, druga\/trzecia warstwa 1l\/8-12 m2<\/p>\n<p>&#8211; Zalecana ilo\u015b\u0107 warstw 2-3<\/p>\n<p>&#8211; Czas schni\u0119cia i utwardzania;<\/p>\n<p>* nak\u0142adanie kolejnych warstw lakieru po sobie po 4 godzinach,<\/p>\n<p>* ostro\u017cne u\u017cytkowanie po 24 godzinach<\/p>\n<p>* pe\u0142ne u\u017cytkowanie po 72 godzinach<\/p>\n<p>&nbsp;<\/p>\n<p>Lakier mieszamy z utwardzaczem w stosunku 1:1.<\/p>\n<p>Pojemno\u015b\u0107 opakowania: 5 l &#8211; A, 5l-B LUB 1L-A,1L-B<\/p>\n<p>&nbsp;<\/p>\n<p>&nbsp;<\/p>\n<p>&nbsp;<\/p>\n<p>&nbsp;<\/p>\n<p>&nbsp;<\/p>\n","protected":false},"excerpt":{"rendered":"<div id=\"product-description-short-182\" class=\"product-desc\">\n<p><strong>Deva QUICK PLUS<\/strong> lakier dwusk\u0142adnikowy do parkietu.<\/p>\n<\/div>\n","protected":false},"featured_media":1702,"comment_status":"open","ping_status":"closed","template":"","meta":[],"product_brand":[],"product_cat":[45,50],"product_tag":[],"class_list":{"0":"post-1608","1":"product","2":"type-product","3":"status-publish","4":"has-post-thumbnail","6":"product_cat-chemia-parkieciarska","7":"product_cat-lakiery-nawierzchniowe","8":"product_shipping_class-lekkie-produkty","10":"first","11":"instock","12":"shipping-taxable","13":"purchasable","14":"product-type-variable","15":"has-default-attributes"},"_links":{"self":[{"href":"https:\/\/kastelmeble.radom.pl\/bisparkiet\/wp-json\/wp\/v2\/product\/1608","targetHints":{"allow":["GET"]}}],"collection":[{"href":"https:\/\/kastelmeble.radom.pl\/bisparkiet\/wp-json\/wp\/v2\/product"}],"about":[{"href":"https:\/\/kastelmeble.radom.pl\/bisparkiet\/wp-json\/wp\/v2\/types\/product"}],"replies":[{"embeddable":true,"href":"https:\/\/kastelmeble.radom.pl\/bisparkiet\/wp-json\/wp\/v2\/comments?post=1608"}],"wp:featuredmedia":[{"embeddable":true,"href":"https:\/\/kastelmeble.radom.pl\/bisparkiet\/wp-json\/wp\/v2\/media\/1702"}],"wp:attachment":[{"href":"https:\/\/kastelmeble.radom.pl\/bisparkiet\/wp-json\/wp\/v2\/media?parent=1608"}],"wp:term":[{"taxonomy":"product_brand","embeddable":true,"href":"https:\/\/kastelmeble.radom.pl\/bisparkiet\/wp-json\/wp\/v2\/product_brand?post=1608"},{"taxonomy":"product_cat","embeddable":true,"href":"https:\/\/kastelmeble.radom.pl\/bisparkiet\/wp-json\/wp\/v2\/product_cat?post=1608"},{"taxonomy":"product_tag","embeddable":true,"href":"https:\/\/kastelmeble.radom.pl\/bisparkiet\/wp-json\/wp\/v2\/product_tag?post=1608"}],"curies":[{"name":"wp","href":"https:\/\/api.w.org\/{rel}","templated":true}]}}