{"id":1607,"date":"2025-05-13T09:41:51","date_gmt":"2025-05-13T07:41:51","guid":{"rendered":"https:\/\/kastelmeble.radom.pl\/bisparkiet\/?post_type=product&#038;p=1607"},"modified":"2025-05-13T10:05:20","modified_gmt":"2025-05-13T08:05:20","slug":"loba-parkettsoap-1l-srodek-do-mycia-podlog","status":"publish","type":"product","link":"https:\/\/kastelmeble.radom.pl\/bisparkiet\/produkt\/loba-parkettsoap-1l-srodek-do-mycia-podlog\/","title":{"rendered":"Loba ParkettSoap 1L \u015brodek do mycia pod\u0142\u00f3g"},"content":{"rendered":"<div id=\"description\" class=\"tab-pane fade in active\">\n<div class=\"product-description\">\n<p>Loba\u00a0ParkettSoap<strong> 1L<\/strong><\/p>\n<p><strong>\u015arodek do codziennego czyszczenia i piel\u0119gnacji olejowanych i woskowanych pod\u0142\u00f3g drewnianych.\u00a0<\/strong><\/p>\n<p>Myd\u0142o do olejowanych i woskowanych wyk\u0142adzin pod\u0142ogowych. Czy\u015bci gruntownie i\u00a0delikatnie, tworz\u0105c jednocze\u015bnie ochronn\u0105 warstw\u0119 myd\u0142a. Usuwa mocne zabrudzenia i resztki wosk\u00f3w. Intensywne czyszczenie umo\u017cliwia \u0142atw\u0105 renowacj\u0119 olejowanych pod\u0142\u00f3g bez szlifowania.<\/p>\n<p>\u2022 Dobry efekt czyszczenia<\/p>\n<p>\u2022 Efekt piel\u0119gnacji dzi\u0119ki ponownemu nat\u0142uszczaniu<\/p>\n<p><strong>Obszar zastosowa\u0144:<\/strong> Nadaje si\u0119 do delikatnego czyszczenia piel\u0119gnacyjnego z nat\u0142uszczaniem olejowanych i woskowanych pod\u0142\u00f3g. Usuwa uporczywe zanieczyszczenia i optymalnie przygotowuje pod\u0142o\u017ce do dodatkowego impregnowania olejami LOBASOL\u00ae HS.<\/p>\n<p>&nbsp;<\/p>\n<p><strong>Zastosowanie: <\/strong><\/p>\n<p><strong>Czyszczenie piel\u0119gnacyjne <\/strong><\/p>\n<p>W celu regularnego czyszczenia piel\u0119gnacyjnego doda\u0107 ok. 50\u2013100\u00a0ml ParkettSoap na wiadro wody (10\u00a0l). Dzi\u0119ki takiemu rozwi\u0105zaniu pod\u0142oga zostaje nawil\u017cona mgie\u0142k\u0105 i\u00a0oczyszczona mopem odpowiednim do wyk\u0142adziny. U\u017cycie zbyt du\u017cej ilo\u015bci wody w po\u0142\u0105czeniu z d\u0142ugim czasem dzia\u0142ania mo\u017ce powodowa\u0107 sp\u0119cznienie parkietu i pod\u0142\u00f3g korkowych, dlatego te\u017c nale\u017cy tego unika\u0107. Regularne polerowanie maszyn\u0105 jednotarczow\u0105 z\u00a0za\u0142o\u017conym bia\u0142ym padem specjalnym LOBATOOL lub r\u0119cznie za pomoc\u0105 szczotki do szorowania i\u00a0szmatki z\u00a0mikrow\u0142\u00f3knami LOBATOOL zwi\u0119ksza odporno\u015b\u0107 warstwy piel\u0119gnacyjnej.<\/p>\n<p><strong>Intensywne czyszczenie <\/strong><\/p>\n<p>Wymiesza\u0107 ParkettSoap z wod\u0105 w stosunku 1:2, pokry\u0107 powierzchni\u0119 przy u\u017cyciu pojemnika do spryskiwania lub mopa. Bezpo\u015brednio po tym wypolerowa\u0107 powierzchni\u0119 maszyn\u0105 jednotarczow\u0105 z zielonym padem specjalnym LOBATOOL. Bezpo\u015brednio po tym odessa\u0107 ciecz z zanieczyszczeniami przy u\u017cyciu odkurzacza lub zebra\u0107 j\u0105 szmatkami albo mopem i przetrze\u0107 czyst\u0105 wod\u0105. Na du\u017cych powierzchniach mo\u017cna pracowa\u0107 odcinkami. Aby unikn\u0105\u0107 p\u0119cznienia drewna, nale\u017cy u\u017cywa\u0107 tylko takiej ilo\u015bci materia\u0142u, kt\u00f3ra jest niezb\u0119dna oraz ograniczy\u0107 czas dzia\u0142ania do niezb\u0119dnego minimum. Poniewa\u017c pod\u0142oga stanie si\u0119 mocno wy\u0142ugowana, po wyschni\u0119ciu przez noc konieczne jest zastosowanie LOBACARE\u00ae ParkettOil Pro lub pierwotnie zastosowanego oleju gruntuj\u0105cego.<\/p>\n<\/div>\n<\/div>\n","protected":false},"excerpt":{"rendered":"<p><strong>\u015arodek do codziennego czyszczenia i piel\u0119gnacji olejowanych i woskowanych pod\u0142\u00f3g drewnianych.\u00a0<\/strong><\/p>\n","protected":false},"featured_media":1701,"comment_status":"open","ping_status":"closed","template":"","meta":[],"product_brand":[],"product_cat":[45,49],"product_tag":[],"class_list":{"0":"post-1607","1":"product","2":"type-product","3":"status-publish","4":"has-post-thumbnail","6":"product_cat-chemia-parkieciarska","7":"product_cat-srodki-do-pielegnacji-podlog","8":"product_shipping_class-lekkie-produkty","10":"first","11":"instock","12":"shipping-taxable","13":"purchasable","14":"product-type-variable"},"_links":{"self":[{"href":"https:\/\/kastelmeble.radom.pl\/bisparkiet\/wp-json\/wp\/v2\/product\/1607","targetHints":{"allow":["GET"]}}],"collection":[{"href":"https:\/\/kastelmeble.radom.pl\/bisparkiet\/wp-json\/wp\/v2\/product"}],"about":[{"href":"https:\/\/kastelmeble.radom.pl\/bisparkiet\/wp-json\/wp\/v2\/types\/product"}],"replies":[{"embeddable":true,"href":"https:\/\/kastelmeble.radom.pl\/bisparkiet\/wp-json\/wp\/v2\/comments?post=1607"}],"wp:featuredmedia":[{"embeddable":true,"href":"https:\/\/kastelmeble.radom.pl\/bisparkiet\/wp-json\/wp\/v2\/media\/1701"}],"wp:attachment":[{"href":"https:\/\/kastelmeble.radom.pl\/bisparkiet\/wp-json\/wp\/v2\/media?parent=1607"}],"wp:term":[{"taxonomy":"product_brand","embeddable":true,"href":"https:\/\/kastelmeble.radom.pl\/bisparkiet\/wp-json\/wp\/v2\/product_brand?post=1607"},{"taxonomy":"product_cat","embeddable":true,"href":"https:\/\/kastelmeble.radom.pl\/bisparkiet\/wp-json\/wp\/v2\/product_cat?post=1607"},{"taxonomy":"product_tag","embeddable":true,"href":"https:\/\/kastelmeble.radom.pl\/bisparkiet\/wp-json\/wp\/v2\/product_tag?post=1607"}],"curies":[{"name":"wp","href":"https:\/\/api.w.org\/{rel}","templated":true}]}}