{"id":955,"date":"2024-12-17T15:15:43","date_gmt":"2024-12-17T15:15:43","guid":{"rendered":"https:\/\/startersites.io\/elementor\/e-bike\/?page_id=955"},"modified":"2025-05-20T12:41:27","modified_gmt":"2025-05-20T10:41:27","slug":"kontakt","status":"publish","type":"page","link":"https:\/\/kastelmeble.radom.pl\/bisparkiet\/kontakt\/","title":{"rendered":"Kontakt"},"content":{"rendered":"\t\t<div data-elementor-type=\"wp-page\" data-elementor-id=\"955\" class=\"elementor elementor-955\" data-elementor-post-type=\"page\">\n\t\t\t\t<div class=\"elementor-element elementor-element-6b83116 e-grid e-con-boxed e-con e-parent\" data-id=\"6b83116\" data-element_type=\"container\" data-settings=\"{&quot;background_background&quot;:&quot;classic&quot;}\">\n\t\t\t\t\t<div class=\"e-con-inner\">\n\t\t<div class=\"elementor-element elementor-element-44b73fd e-con-full e-flex e-con e-child\" data-id=\"44b73fd\" data-element_type=\"container\">\n\t\t\t\t<div class=\"elementor-element elementor-element-bf20c37 elementor-widget elementor-widget-shortcode\" data-id=\"bf20c37\" data-element_type=\"widget\" data-widget_type=\"shortcode.default\">\n\t\t\t\t<div class=\"elementor-widget-container\">\n\t\t\t\t\t\t\t<div class=\"elementor-shortcode\"><\/div>\n\t\t\t\t\t\t<\/div>\n\t\t\t\t<\/div>\n\t\t\t\t<div class=\"elementor-element elementor-element-b6802c1 elementor-widget elementor-widget-heading\" data-id=\"b6802c1\" data-element_type=\"widget\" data-widget_type=\"heading.default\">\n\t\t\t\t<div class=\"elementor-widget-container\">\n\t\t\t\t\t<h1 class=\"elementor-heading-title elementor-size-default\">KONTAKT<\/h1>\t\t\t\t<\/div>\n\t\t\t\t<\/div>\n\t\t\t\t<div class=\"elementor-element elementor-element-c73f1b0 elementor-widget__width-initial elementor-widget elementor-widget-text-editor\" data-id=\"c73f1b0\" data-element_type=\"widget\" data-widget_type=\"text-editor.default\">\n\t\t\t\t<div class=\"elementor-widget-container\">\n\t\t\t\t\t\t\t\t\t<p>BISPARKIET Karol Gierczak<\/p>\t\t\t\t\t\t\t\t<\/div>\n\t\t\t\t<\/div>\n\t\t\t\t<\/div>\n\t\t\t\t\t<\/div>\n\t\t\t\t<\/div>\n\t\t<div class=\"elementor-element elementor-element-448c48e e-grid e-con-boxed e-con e-parent\" data-id=\"448c48e\" data-element_type=\"container\">\n\t\t\t\t\t<div class=\"e-con-inner\">\n\t\t<div class=\"elementor-element elementor-element-6acbb31 e-con-full e-grid e-con e-child\" data-id=\"6acbb31\" data-element_type=\"container\">\n\t\t<div class=\"elementor-element elementor-element-416f4a1 e-con-full e-flex e-con e-child\" data-id=\"416f4a1\" data-element_type=\"container\">\n\t\t\t\t<div class=\"elementor-element elementor-element-064ae90 elementor-widget__width-initial elementor-widget elementor-widget-text-editor\" data-id=\"064ae90\" data-element_type=\"widget\" data-widget_type=\"text-editor.default\">\n\t\t\t\t<div class=\"elementor-widget-container\">\n\t\t\t\t\t\t\t\t\t<p><a href=\"https:\/\/maps.app.goo.gl\/hRawLTYKWUeDCi3Y9\" target=\"_blank\" rel=\"noopener\">Marianowice 15<\/a><br \/>26-652 Zakrzew<br \/>NIP 7962650555<\/p><p><strong>Email:<\/strong>\u00a0 biuro@bisparkiet.pl<br \/><strong>Telefon:<\/strong>\u00a0 +48 881 660 460<\/p><p><strong>ING Bank \u015al\u0105ski<\/strong><strong><br \/><\/strong>Numer konta: 11 1050 1793 1000 0092 3036 8582<\/p>\t\t\t\t\t\t\t\t<\/div>\n\t\t\t\t<\/div>\n\t\t\t\t<\/div>\n\t\t\t\t<\/div>\n\t\t<div class=\"elementor-element elementor-element-3b27ef8 e-con-full contact-form e-flex e-con e-child\" data-id=\"3b27ef8\" data-element_type=\"container\" data-settings=\"{&quot;background_background&quot;:&quot;classic&quot;}\">\n\t\t\t\t<div class=\"elementor-element elementor-element-5b25734 elementor-widget elementor-widget-image\" data-id=\"5b25734\" data-element_type=\"widget\" data-widget_type=\"image.default\">\n\t\t\t\t<div class=\"elementor-widget-container\">\n\t\t\t\t\t\t\t\t\t\t\t\t\t\t\t<img fetchpriority=\"high\" decoding=\"async\" width=\"1024\" height=\"768\" src=\"https:\/\/kastelmeble.radom.pl\/bisparkiet\/wp-content\/uploads\/2025\/05\/20250123_091422-1024x768.webp\" class=\"attachment-large size-large wp-image-3156 not-transparent\" alt=\"Kontakt bisparkiet.pl\" srcset=\"https:\/\/kastelmeble.radom.pl\/bisparkiet\/wp-content\/uploads\/2025\/05\/20250123_091422-1024x768.webp 1024w, https:\/\/kastelmeble.radom.pl\/bisparkiet\/wp-content\/uploads\/2025\/05\/20250123_091422-300x225.webp 300w, https:\/\/kastelmeble.radom.pl\/bisparkiet\/wp-content\/uploads\/2025\/05\/20250123_091422-768x576.webp 768w, https:\/\/kastelmeble.radom.pl\/bisparkiet\/wp-content\/uploads\/2025\/05\/20250123_091422-1536x1152.webp 1536w, https:\/\/kastelmeble.radom.pl\/bisparkiet\/wp-content\/uploads\/2025\/05\/20250123_091422-2048x1536.webp 2048w, https:\/\/kastelmeble.radom.pl\/bisparkiet\/wp-content\/uploads\/2025\/05\/20250123_091422-800x600.webp 800w, https:\/\/kastelmeble.radom.pl\/bisparkiet\/wp-content\/uploads\/2025\/05\/20250123_091422-1000x750.webp 1000w\" sizes=\"(max-width: 1024px) 100vw, 1024px\" data-has-transparency=\"false\" data-dominant-color=\"807a74\" style=\"--dominant-color: #807a74\" \/>\t\t\t\t\t\t\t\t\t\t\t\t\t\t\t<\/div>\n\t\t\t\t<\/div>\n\t\t\t\t<\/div>\n\t\t\t\t\t<\/div>\n\t\t\t\t<\/div>\n\t\t<div class=\"elementor-element elementor-element-8b177a1 e-flex e-con-boxed e-con e-parent\" data-id=\"8b177a1\" data-element_type=\"container\">\n\t\t\t\t\t<div class=\"e-con-inner\">\n\t\t<div class=\"elementor-element elementor-element-62e9892 e-con-full e-flex e-con e-child\" data-id=\"62e9892\" data-element_type=\"container\">\n\t\t\t\t<div class=\"elementor-element elementor-element-b6fb274 elementor-widget elementor-widget-heading\" data-id=\"b6fb274\" data-element_type=\"widget\" data-widget_type=\"heading.default\">\n\t\t\t\t<div class=\"elementor-widget-container\">\n\t\t\t\t\t<h3 class=\"elementor-heading-title elementor-size-default\">Formularz kontaktowy<\/h3>\t\t\t\t<\/div>\n\t\t\t\t<\/div>\n\t\t\t\t<div class=\"elementor-element elementor-element-06975ac elementor-widget elementor-widget-text-editor\" data-id=\"06975ac\" data-element_type=\"widget\" data-widget_type=\"text-editor.default\">\n\t\t\t\t<div class=\"elementor-widget-container\">\n\t\t\t\t\t\t\t\t\t<p>Zapraszamy do kontaktu z nasz\u0105 firm\u0105. Odpowiadamy w ci\u0105gu 24 godzin w dni robocze.<\/p>\t\t\t\t\t\t\t\t<\/div>\n\t\t\t\t<\/div>\n\t\t\t\t<div class=\"elementor-element elementor-element-8e50b0c elementor-align-center elementor-widget elementor-widget-button\" data-id=\"8e50b0c\" data-element_type=\"widget\" data-widget_type=\"button.default\">\n\t\t\t\t<div class=\"elementor-widget-container\">\n\t\t\t\t\t\t\t\t\t<div class=\"elementor-button-wrapper\">\n\t\t\t\t\t<a class=\"elementor-button elementor-button-link elementor-size-sm\" href=\"#\">\n\t\t\t\t\t\t<span class=\"elementor-button-content-wrapper\">\n\t\t\t\t\t\t\t\t\t<span class=\"elementor-button-text\">Wy\u015blij wiadomo\u015b\u0107<\/span>\n\t\t\t\t\t<\/span>\n\t\t\t\t\t<\/a>\n\t\t\t\t<\/div>\n\t\t\t\t\t\t\t\t<\/div>\n\t\t\t\t<\/div>\n\t\t\t\t<\/div>\n\t\t<div class=\"elementor-element elementor-element-54f9f77 e-con-full e-flex e-con e-child\" data-id=\"54f9f77\" data-element_type=\"container\">\n\t\t\t\t<div class=\"elementor-element elementor-element-fa89b64 elementor-widget elementor-widget-heading\" data-id=\"fa89b64\" data-element_type=\"widget\" data-widget_type=\"heading.default\">\n\t\t\t\t<div class=\"elementor-widget-container\">\n\t\t\t\t\t<h3 class=\"elementor-heading-title elementor-size-default\">Godziny otwarcia:<\/h3>\t\t\t\t<\/div>\n\t\t\t\t<\/div>\n\t\t\t\t<div class=\"elementor-element elementor-element-e824ce0 elementor-widget elementor-widget-text-editor\" data-id=\"e824ce0\" data-element_type=\"widget\" data-widget_type=\"text-editor.default\">\n\t\t\t\t<div class=\"elementor-widget-container\">\n\t\t\t\t\t\t\t\t\t<p>poniedzia\u0142ek: 08:00-16:00<br \/>wtorek: 08:00-16:00<br \/>\u015broda: 08:00-16:00<br \/>czwartek: 08:00-16:00<br \/>pi\u0105tek: 08:00-16:00<br \/>sobota: 09:00\u201313:00<br \/>niedziela: zamkni\u0119te<\/p>\t\t\t\t\t\t\t\t<\/div>\n\t\t\t\t<\/div>\n\t\t\t\t<\/div>\n\t\t\t\t\t<\/div>\n\t\t\t\t<\/div>\n\t\t<div class=\"elementor-element elementor-element-eedd1a7 e-flex e-con-boxed e-con e-parent\" data-id=\"eedd1a7\" data-element_type=\"container\">\n\t\t\t\t\t<div class=\"e-con-inner\">\n\t\t\t\t<div class=\"elementor-element elementor-element-6849fd1 elementor-widget elementor-widget-google_maps\" data-id=\"6849fd1\" data-element_type=\"widget\" data-widget_type=\"google_maps.default\">\n\t\t\t\t<div class=\"elementor-widget-container\">\n\t\t\t\t\t\t\t<div class=\"elementor-custom-embed\">\n\t\t\t<iframe loading=\"lazy\"\n\t\t\t\t\tsrc=\"https:\/\/maps.google.com\/maps?q=Bisparkiet&#038;t=m&#038;z=10&#038;output=embed&#038;iwloc=near\"\n\t\t\t\t\ttitle=\"Bisparkiet\"\n\t\t\t\t\taria-label=\"Bisparkiet\"\n\t\t\t><\/iframe>\n\t\t<\/div>\n\t\t\t\t\t\t<\/div>\n\t\t\t\t<\/div>\n\t\t\t\t\t<\/div>\n\t\t\t\t<\/div>\n\t\t<div class=\"elementor-element elementor-element-fcc6c42 e-flex e-con-boxed e-con e-parent\" data-id=\"fcc6c42\" data-element_type=\"container\">\n\t\t\t\t\t<div class=\"e-con-inner\">\n\t\t\t\t<div class=\"elementor-element elementor-element-222ac69 elementor-widget elementor-widget-heading\" data-id=\"222ac69\" data-element_type=\"widget\" data-widget_type=\"heading.default\">\n\t\t\t\t<div class=\"elementor-widget-container\">\n\t\t\t\t\t<h4 class=\"elementor-heading-title elementor-size-default\"> BISparkiet \u2013 ekspert od drewna tarasowego i ogrodowego<\/h4>\t\t\t\t<\/div>\n\t\t\t\t<\/div>\n\t\t\t\t<div class=\"elementor-element elementor-element-81679c1 elementor-widget elementor-widget-text-editor\" data-id=\"81679c1\" data-element_type=\"widget\" data-widget_type=\"text-editor.default\">\n\t\t\t\t<div class=\"elementor-widget-container\">\n\t\t\t\t\t\t\t\t\t<p><strong data-start=\"375\" data-end=\"389\">BISparkiet<\/strong> to og\u00f3lnopolski dostawca i producent, kt\u00f3ry od ponad 10 lat specjalizuje si\u0119 w sprzeda\u017cy i monta\u017cu <strong data-start=\"489\" data-end=\"509\">desek tarasowych<\/strong>, <strong data-start=\"511\" data-end=\"535\">elewacji drewnianych<\/strong>, <strong data-start=\"537\" data-end=\"557\">altan ogrodowych<\/strong> oraz <strong data-start=\"563\" data-end=\"589\">drewna konstrukcyjnego<\/strong>. Oferujemy produkty najwy\u017cszej jako\u015bci, kt\u00f3re \u0142\u0105cz\u0105 trwa\u0142o\u015b\u0107 z nowoczesnym wygl\u0105dem \u2013 idealne do zastosowania na tarasach, elewacjach czy w ogrodzie.<\/p>\t\t\t\t\t\t\t\t<\/div>\n\t\t\t\t<\/div>\n\t\t\t\t\t<\/div>\n\t\t\t\t<\/div>\n\t\t<div class=\"elementor-element elementor-element-f84b8a1 e-flex e-con-boxed e-con e-parent\" data-id=\"f84b8a1\" data-element_type=\"container\">\n\t\t\t\t\t<div class=\"e-con-inner\">\n\t\t\t\t<div class=\"elementor-element elementor-element-4260f0d elementor-widget elementor-widget-heading\" data-id=\"4260f0d\" data-element_type=\"widget\" data-widget_type=\"heading.default\">\n\t\t\t\t<div class=\"elementor-widget-container\">\n\t\t\t\t\t<h4 class=\"elementor-heading-title elementor-size-default\">Dlaczego warto si\u0119 z nami skontaktowa\u0107?<\/h4>\t\t\t\t<\/div>\n\t\t\t\t<\/div>\n\t\t\t\t<div class=\"elementor-element elementor-element-9b2bc44 elementor-widget elementor-widget-text-editor\" data-id=\"9b2bc44\" data-element_type=\"widget\" data-widget_type=\"text-editor.default\">\n\t\t\t\t<div class=\"elementor-widget-container\">\n\t\t\t\t\t\t\t\t\t<p data-start=\"791\" data-end=\"1200\">Planujesz zakup <strong data-start=\"807\" data-end=\"839\">desek tarasowych z modrzewia<\/strong>, <strong data-start=\"841\" data-end=\"856\">termo sosny<\/strong> czy <strong data-start=\"861\" data-end=\"874\">kompozytu<\/strong>? A mo\u017ce interesuj\u0105 Ci\u0119 <strong data-start=\"898\" data-end=\"920\">drewniane elewacje<\/strong> lub <strong data-start=\"925\" data-end=\"945\">altany do ogrodu<\/strong>?<br data-start=\"946\" data-end=\"949\" \/>Zanim podejmiesz decyzj\u0119, skontaktuj si\u0119 z naszym zespo\u0142em. Doradzimy, kt\u00f3ry materia\u0142 b\u0119dzie najlepszy dla Twojej inwestycji \u2013 zar\u00f3wno pod k\u0105tem estetycznym, jak i u\u017cytkowym. Pomo\u017cemy dobra\u0107 <strong data-start=\"1140\" data-end=\"1158\">gatunek drewna<\/strong>, <strong data-start=\"1160\" data-end=\"1169\">kolor<\/strong>, a tak\u017ce <strong data-start=\"1179\" data-end=\"1199\">system monta\u017cowy<\/strong>.<\/p><hr data-start=\"1202\" data-end=\"1205\" \/><h5 data-start=\"1207\" data-end=\"1233\">Nasza oferta obejmuje:<\/h5><ul data-start=\"1234\" data-end=\"1473\"><li data-start=\"1234\" data-end=\"1276\"><p data-start=\"1236\" data-end=\"1276\">deski tarasowe (drewniane i kompozytowe)<\/p><\/li><li data-start=\"1277\" data-end=\"1322\"><p data-start=\"1279\" data-end=\"1322\">elewacje drewniane (nowoczesne i klasyczne)<\/p><\/li><li data-start=\"1323\" data-end=\"1360\"><p data-start=\"1325\" data-end=\"1360\">altany ogrodowe i zabudowy tarasowe<\/p><\/li><li data-start=\"1361\" data-end=\"1416\"><p data-start=\"1363\" data-end=\"1416\">drewno konstrukcyjne C24, legary, elementy do monta\u017cu<\/p><\/li><li data-start=\"1417\" data-end=\"1473\"><p data-start=\"1419\" data-end=\"1473\">chemia i impregnaty do drewna renomowanych producent\u00f3w<\/p><\/li><\/ul><hr data-start=\"1475\" data-end=\"1478\" \/><h5 data-start=\"1480\" data-end=\"1526\">Profesjonalny monta\u017c i wsparcie techniczne<\/h5><p data-start=\"1528\" data-end=\"1767\">Oferujemy nie tylko sprzeda\u017c, ale r\u00f3wnie\u017c <strong data-start=\"1570\" data-end=\"1630\">profesjonalny monta\u017c taras\u00f3w drewnianych i kompozytowych<\/strong>, <strong data-start=\"1632\" data-end=\"1644\">elewacji<\/strong> oraz <strong data-start=\"1650\" data-end=\"1670\">altan ogrodowych<\/strong>. Dzia\u0142amy w ca\u0142ej Polsce \u2013 wsp\u00f3\u0142pracujemy zar\u00f3wno z klientami indywidualnymi, jak i wykonawcami.<\/p><p data-start=\"1769\" data-end=\"2010\">Masz pytania dotycz\u0105ce monta\u017cu, dostawy lub konkretnego produktu? Skontaktuj si\u0119 z nami \u2013 telefonicznie, mailowo lub przez formularz kontaktowy. Nasi doradcy pomog\u0105 Ci na ka\u017cdym etapie realizacji \u2013 od wyboru materia\u0142\u00f3w, a\u017c po ko\u0144cowy monta\u017c.<\/p><hr data-start=\"2012\" data-end=\"2015\" \/><h5 data-start=\"2017\" data-end=\"2041\">Dlaczego BISparkiet?<\/h5><ul data-start=\"2043\" data-end=\"2281\"><li data-start=\"2043\" data-end=\"2087\"><p data-start=\"2045\" data-end=\"2087\">Ponad 10 lat do\u015bwiadczenia w bran\u017cy drewna<\/p><\/li><li data-start=\"2088\" data-end=\"2147\"><p data-start=\"2090\" data-end=\"2147\">W\u0142asna hurtownia i wsp\u00f3\u0142praca z renomowanymi producentami<\/p><\/li><li data-start=\"2148\" data-end=\"2188\"><p data-start=\"2150\" data-end=\"2188\">Szybka wysy\u0142ka na terenie ca\u0142ej Polski<\/p><\/li><li data-start=\"2189\" data-end=\"2233\"><p data-start=\"2191\" data-end=\"2233\">Indywidualne podej\u015bcie i fachowe doradztwo<\/p><\/li><li data-start=\"2234\" data-end=\"2281\"><p data-start=\"2236\" data-end=\"2281\">Kompleksowa obs\u0142uga: projekt, dostawa, monta\u017c<\/p><\/li><\/ul><hr data-start=\"2283\" data-end=\"2286\" \/><h5 data-start=\"2288\" data-end=\"2330\">Masz pytania? Chcesz z\u0142o\u017cy\u0107 zam\u00f3wienie?<\/h5><p data-start=\"2332\" data-end=\"2520\">Zadzwo\u0144 lub napisz \u2013 odpowiemy na wszystkie pytania i przygotujemy indywidualn\u0105 ofert\u0119.<br data-start=\"2419\" data-end=\"2422\" \/><strong data-start=\"2422\" data-end=\"2520\">BISparkiet \u2013 deski tarasowe, elewacje, altany i drewno konstrukcyjne z dostaw\u0105 w ca\u0142ej Polsce.<\/strong><\/p>\t\t\t\t\t\t\t\t<\/div>\n\t\t\t\t<\/div>\n\t\t\t\t\t<\/div>\n\t\t\t\t<\/div>\n\t\t<div class=\"elementor-element elementor-element-1dd1ae2 e-flex e-con-boxed e-con e-parent\" data-id=\"1dd1ae2\" data-element_type=\"container\">\n\t\t\t\t\t<div class=\"e-con-inner\">\n\t\t\t\t\t<\/div>\n\t\t\t\t<\/div>\n\t\t\t\t<\/div>\n\t\t","protected":false},"excerpt":{"rendered":"<p>KONTAKT BISPARKIET Karol Gierczak Marianowice 1526-652 ZakrzewNIP 7962650555 Email:\u00a0 biuro@bisparkiet.plTelefon:\u00a0 +48 881 660 460 ING Bank \u015al\u0105skiNumer konta: 11 1050 1793 1000 0092 3036 8582 Formularz kontaktowy Zapraszamy do kontaktu z nasz\u0105 firm\u0105. Odpowiadamy w ci\u0105gu 24 godzin w dni robocze. Wy\u015blij wiadomo\u015b\u0107 Godziny otwarcia: poniedzia\u0142ek: 08:00-16:00wtorek: 08:00-16:00\u015broda: 08:00-16:00czwartek: 08:00-16:00pi\u0105tek: 08:00-16:00sobota: 09:00\u201313:00niedziela: zamkni\u0119te BISparkiet \u2013 [&hellip;]<\/p>\n","protected":false},"author":1,"featured_media":0,"parent":0,"menu_order":0,"comment_status":"closed","ping_status":"closed","template":"","meta":{"footnotes":""},"class_list":["post-955","page","type-page","status-publish","hentry"],"blocksy_meta":{"has_hero_section":"disabled","vertical_spacing_source":"custom","content_area_spacing":"none","styles_descriptor":{"styles":{"desktop":"","tablet":"","mobile":""},"google_fonts":[],"version":6}},"_links":{"self":[{"href":"https:\/\/kastelmeble.radom.pl\/bisparkiet\/wp-json\/wp\/v2\/pages\/955","targetHints":{"allow":["GET"]}}],"collection":[{"href":"https:\/\/kastelmeble.radom.pl\/bisparkiet\/wp-json\/wp\/v2\/pages"}],"about":[{"href":"https:\/\/kastelmeble.radom.pl\/bisparkiet\/wp-json\/wp\/v2\/types\/page"}],"author":[{"embeddable":true,"href":"https:\/\/kastelmeble.radom.pl\/bisparkiet\/wp-json\/wp\/v2\/users\/1"}],"replies":[{"embeddable":true,"href":"https:\/\/kastelmeble.radom.pl\/bisparkiet\/wp-json\/wp\/v2\/comments?post=955"}],"version-history":[{"count":28,"href":"https:\/\/kastelmeble.radom.pl\/bisparkiet\/wp-json\/wp\/v2\/pages\/955\/revisions"}],"predecessor-version":[{"id":3370,"href":"https:\/\/kastelmeble.radom.pl\/bisparkiet\/wp-json\/wp\/v2\/pages\/955\/revisions\/3370"}],"wp:attachment":[{"href":"https:\/\/kastelmeble.radom.pl\/bisparkiet\/wp-json\/wp\/v2\/media?parent=955"}],"curies":[{"name":"wp","href":"https:\/\/api.w.org\/{rel}","templated":true}]}}