{"id":3282,"date":"2025-05-20T11:24:15","date_gmt":"2025-05-20T09:24:15","guid":{"rendered":"https:\/\/kastelmeble.radom.pl\/bisparkiet\/?page_id=3282"},"modified":"2025-05-20T12:42:04","modified_gmt":"2025-05-20T10:42:04","slug":"blog","status":"publish","type":"page","link":"https:\/\/kastelmeble.radom.pl\/bisparkiet\/blog\/","title":{"rendered":"Blog"},"content":{"rendered":"\t\t<div data-elementor-type=\"wp-page\" data-elementor-id=\"3282\" class=\"elementor elementor-3282\" data-elementor-post-type=\"page\">\n\t\t\t\t<div class=\"elementor-element elementor-element-cd32330 e-flex e-con-boxed e-con e-parent\" data-id=\"cd32330\" data-element_type=\"container\">\n\t\t\t\t\t<div class=\"e-con-inner\">\n\t\t\t\t<div class=\"elementor-element elementor-element-dead357 elementor-widget elementor-widget-heading\" data-id=\"dead357\" data-element_type=\"widget\" data-widget_type=\"heading.default\">\n\t\t\t\t<div class=\"elementor-widget-container\">\n\t\t\t\t\t<h2 class=\"elementor-heading-title elementor-size-default\">Blog BISparkiet \u2013 Drewno, kt\u00f3re inspiruje<\/h2>\t\t\t\t<\/div>\n\t\t\t\t<\/div>\n\t\t\t\t\t<\/div>\n\t\t\t\t<\/div>\n\t\t<div class=\"elementor-element elementor-element-bf0dc2a e-flex e-con-boxed e-con e-parent\" data-id=\"bf0dc2a\" data-element_type=\"container\">\n\t\t\t\t\t<div class=\"e-con-inner\">\n\t\t\t\t<div class=\"elementor-element elementor-element-185d88b elementor-widget elementor-widget-text-editor\" data-id=\"185d88b\" data-element_type=\"widget\" data-widget_type=\"text-editor.default\">\n\t\t\t\t<div class=\"elementor-widget-container\">\n\t\t\t\t\t\t\t\t\t<p><strong data-start=\"213\" data-end=\"269\">Poznaj \u015bwiat taras\u00f3w, elewacji i drewna naturalnego!<\/strong><br data-start=\"269\" data-end=\"272\" \/>Na naszym blogu dzielimy si\u0119 wiedz\u0105, poradami i inspiracjami na temat <strong data-start=\"342\" data-end=\"362\">desek tarasowych<\/strong>, <strong data-start=\"364\" data-end=\"384\">altan ogrodowych<\/strong>, <strong data-start=\"386\" data-end=\"410\">elewacji drewnianych<\/strong>, <strong data-start=\"412\" data-end=\"434\" data-is-only-node=\"\">piel\u0119gnacji drewna<\/strong> oraz nowo\u015bci produktowych.<br data-start=\"461\" data-end=\"464\" \/>Dowiedz si\u0119, jak wybra\u0107 najlepsze materia\u0142y, na co zwr\u00f3ci\u0107 uwag\u0119 przy monta\u017cu, czym si\u0119 r\u00f3\u017cni drewno krajowe od egzotycznego \u2013 i jak stworzy\u0107 pi\u0119kn\u0105, trwa\u0142\u0105 przestrze\u0144 na lata.<\/p>\t\t\t\t\t\t\t\t<\/div>\n\t\t\t\t<\/div>\n\t\t\t\t\t<\/div>\n\t\t\t\t<\/div>\n\t\t<div class=\"elementor-element elementor-element-07e62fe e-flex e-con-boxed e-con e-parent\" data-id=\"07e62fe\" data-element_type=\"container\">\n\t\t\t\t\t<div class=\"e-con-inner\">\n\t\t\t\t<div class=\"elementor-element elementor-element-115d782 elementor-grid-3 elementor-grid-tablet-2 elementor-grid-mobile-1 elementor-posts--thumbnail-top elementor-card-shadow-yes elementor-posts__hover-gradient elementor-widget elementor-widget-posts\" data-id=\"115d782\" data-element_type=\"widget\" data-settings=\"{&quot;pagination_type&quot;:&quot;numbers_and_prev_next&quot;,&quot;cards_columns&quot;:&quot;3&quot;,&quot;cards_columns_tablet&quot;:&quot;2&quot;,&quot;cards_columns_mobile&quot;:&quot;1&quot;,&quot;cards_row_gap&quot;:{&quot;unit&quot;:&quot;px&quot;,&quot;size&quot;:35,&quot;sizes&quot;:[]},&quot;cards_row_gap_tablet&quot;:{&quot;unit&quot;:&quot;px&quot;,&quot;size&quot;:&quot;&quot;,&quot;sizes&quot;:[]},&quot;cards_row_gap_mobile&quot;:{&quot;unit&quot;:&quot;px&quot;,&quot;size&quot;:&quot;&quot;,&quot;sizes&quot;:[]}}\" data-widget_type=\"posts.cards\">\n\t\t\t\t<div class=\"elementor-widget-container\">\n\t\t\t\t\t\t\t<div class=\"elementor-posts-container elementor-posts elementor-posts--skin-cards elementor-grid\">\n\t\t\t\t<article class=\"elementor-post elementor-grid-item post-3302 post type-post status-publish format-standard has-post-thumbnail hentry category-bez-kategorii\">\n\t\t\t<div class=\"elementor-post__card\">\n\t\t\t\t<a class=\"elementor-post__thumbnail__link\" href=\"https:\/\/kastelmeble.radom.pl\/bisparkiet\/zalety-ogrodzenia-ze-sztachet-kompozytowych\/\" tabindex=\"-1\" ><div class=\"elementor-post__thumbnail\"><img fetchpriority=\"high\" decoding=\"async\" width=\"912\" height=\"743\" src=\"https:\/\/kastelmeble.radom.pl\/bisparkiet\/wp-content\/uploads\/2025\/05\/5.webp\" class=\"attachment-2048x2048 size-2048x2048 wp-image-3303 not-transparent\" alt=\"Zalety ogrodzenia ze sztachet kompozytowych.\" srcset=\"https:\/\/kastelmeble.radom.pl\/bisparkiet\/wp-content\/uploads\/2025\/05\/5.webp 912w, https:\/\/kastelmeble.radom.pl\/bisparkiet\/wp-content\/uploads\/2025\/05\/5-300x244.webp 300w, https:\/\/kastelmeble.radom.pl\/bisparkiet\/wp-content\/uploads\/2025\/05\/5-768x626.webp 768w\" sizes=\"(max-width: 912px) 100vw, 912px\" data-has-transparency=\"false\" data-dominant-color=\"aaa0a4\" style=\"--dominant-color: #aaa0a4;\" \/><\/div><\/a>\n\t\t\t\t<div class=\"elementor-post__text\">\n\t\t\t\t<h3 class=\"elementor-post__title\">\n\t\t\t<a href=\"https:\/\/kastelmeble.radom.pl\/bisparkiet\/zalety-ogrodzenia-ze-sztachet-kompozytowych\/\" >\n\t\t\t\tZalety ogrodzenia ze sztachet kompozytowych.\t\t\t<\/a>\n\t\t<\/h3>\n\t\t\t\t<div class=\"elementor-post__excerpt\">\n\t\t\t<p>Wyb\u00f3r odpowiedniego materia\u0142u na ogrodzenie jest kluczowy dla zapewnienia estetyki, trwa\u0142o\u015bci i bezpiecze\u0144stwa posesji. Sztachety kompozytowe staj\u0105 si\u0119 coraz bardziej popularnym wyborem ze wzgl\u0119du na swoje liczne zalety. W tym artykule om\u00f3wimy, dlaczego ogrodzenia wykonane ze sztachet kompozytowych to doskona\u0142a inwestycja dla Twojego domu. Trwa\u0142o\u015b\u0107 i Odporno\u015b\u0107 Odporno\u015b\u0107 na Warunki<\/p>\n\t\t<\/div>\n\t\t\n\t\t<a class=\"elementor-post__read-more\" href=\"https:\/\/kastelmeble.radom.pl\/bisparkiet\/zalety-ogrodzenia-ze-sztachet-kompozytowych\/\" aria-label=\"Read more about Zalety ogrodzenia ze sztachet kompozytowych.\" tabindex=\"-1\" >\n\t\t\tCzytaj wiecej \u00bb\t\t<\/a>\n\n\t\t\t\t<\/div>\n\t\t\t\t\t<\/div>\n\t\t<\/article>\n\t\t\t\t<article class=\"elementor-post elementor-grid-item post-3299 post type-post status-publish format-standard has-post-thumbnail hentry category-bez-kategorii\">\n\t\t\t<div class=\"elementor-post__card\">\n\t\t\t\t<a class=\"elementor-post__thumbnail__link\" href=\"https:\/\/kastelmeble.radom.pl\/bisparkiet\/jakie-deski-wybrac-do-ozdobienia-elewacji\/\" tabindex=\"-1\" ><div class=\"elementor-post__thumbnail\"><img decoding=\"async\" width=\"912\" height=\"743\" src=\"https:\/\/kastelmeble.radom.pl\/bisparkiet\/wp-content\/uploads\/2025\/05\/4.webp\" class=\"attachment-2048x2048 size-2048x2048 wp-image-3300 not-transparent\" alt=\"Jakie deski wybra\u0107 do ozdobienia elewacji?\" srcset=\"https:\/\/kastelmeble.radom.pl\/bisparkiet\/wp-content\/uploads\/2025\/05\/4.webp 912w, https:\/\/kastelmeble.radom.pl\/bisparkiet\/wp-content\/uploads\/2025\/05\/4-300x244.webp 300w, https:\/\/kastelmeble.radom.pl\/bisparkiet\/wp-content\/uploads\/2025\/05\/4-768x626.webp 768w\" sizes=\"(max-width: 912px) 100vw, 912px\" data-has-transparency=\"false\" data-dominant-color=\"cec3bb\" style=\"--dominant-color: #cec3bb;\" \/><\/div><\/a>\n\t\t\t\t<div class=\"elementor-post__text\">\n\t\t\t\t<h3 class=\"elementor-post__title\">\n\t\t\t<a href=\"https:\/\/kastelmeble.radom.pl\/bisparkiet\/jakie-deski-wybrac-do-ozdobienia-elewacji\/\" >\n\t\t\t\tJakie deski wybra\u0107 do ozdobienia elewacji?\t\t\t<\/a>\n\t\t<\/h3>\n\t\t\t\t<div class=\"elementor-post__excerpt\">\n\t\t\t<p>Elewacja budynku to nie tylko jego wizyt\u00f3wka, ale tak\u017ce istotny element ochronny. Wyb\u00f3r odpowiedniego materia\u0142u na elewacj\u0119 wp\u0142ywa na estetyk\u0119, trwa\u0142o\u015b\u0107 i izolacj\u0119 termiczn\u0105 budynku. W tym artykule om\u00f3wimy zalety elewacji wykonanych z deski egzotycznej, deski iglastej, deski kompozytowej oraz desek elewacyjnych thermo jesion i thermo sosna. Przedstawimy r\u00f3wnie\u017c korzy\u015bci<\/p>\n\t\t<\/div>\n\t\t\n\t\t<a class=\"elementor-post__read-more\" href=\"https:\/\/kastelmeble.radom.pl\/bisparkiet\/jakie-deski-wybrac-do-ozdobienia-elewacji\/\" aria-label=\"Read more about Jakie deski wybra\u0107 do ozdobienia elewacji?\" tabindex=\"-1\" >\n\t\t\tCzytaj wiecej \u00bb\t\t<\/a>\n\n\t\t\t\t<\/div>\n\t\t\t\t\t<\/div>\n\t\t<\/article>\n\t\t\t\t<article class=\"elementor-post elementor-grid-item post-3296 post type-post status-publish format-standard has-post-thumbnail hentry category-bez-kategorii\">\n\t\t\t<div class=\"elementor-post__card\">\n\t\t\t\t<a class=\"elementor-post__thumbnail__link\" href=\"https:\/\/kastelmeble.radom.pl\/bisparkiet\/zalety-deski-tarasowej-thermo-sosna-i-jesion\/\" tabindex=\"-1\" ><div class=\"elementor-post__thumbnail\"><img decoding=\"async\" width=\"912\" height=\"743\" src=\"https:\/\/kastelmeble.radom.pl\/bisparkiet\/wp-content\/uploads\/2025\/05\/1.webp\" class=\"attachment-2048x2048 size-2048x2048 wp-image-3297 not-transparent\" alt=\"Zalety deski tarasowej thermo sosna i jesion\" srcset=\"https:\/\/kastelmeble.radom.pl\/bisparkiet\/wp-content\/uploads\/2025\/05\/1.webp 912w, https:\/\/kastelmeble.radom.pl\/bisparkiet\/wp-content\/uploads\/2025\/05\/1-300x244.webp 300w, https:\/\/kastelmeble.radom.pl\/bisparkiet\/wp-content\/uploads\/2025\/05\/1-768x626.webp 768w\" sizes=\"(max-width: 912px) 100vw, 912px\" data-has-transparency=\"false\" data-dominant-color=\"c4b9b4\" style=\"--dominant-color: #c4b9b4;\" \/><\/div><\/a>\n\t\t\t\t<div class=\"elementor-post__text\">\n\t\t\t\t<h3 class=\"elementor-post__title\">\n\t\t\t<a href=\"https:\/\/kastelmeble.radom.pl\/bisparkiet\/zalety-deski-tarasowej-thermo-sosna-i-jesion\/\" >\n\t\t\t\tZalety deski tarasowej thermo sosna i jesion\t\t\t<\/a>\n\t\t<\/h3>\n\t\t\t\t<div class=\"elementor-post__excerpt\">\n\t\t\t<p>Budowa tarasu to wa\u017cna inwestycja, kt\u00f3ra powinna \u0142\u0105czy\u0107 estetyk\u0119 z trwa\u0142o\u015bci\u0105. Deski tarasowe thermo sosna i thermo jesion to doskona\u0142e rozwi\u0105zanie, kt\u00f3re cieszy si\u0119 rosn\u0105c\u0105 popularno\u015bci\u0105. W tym artykule om\u00f3wimy zalety tych dw\u00f3ch rodzaj\u00f3w drewna termicznie modyfikowanego i dlaczego warto je rozwa\u017cy\u0107 przy budowie swojego tarasu. Czym Jest Drewno Thermo?<\/p>\n\t\t<\/div>\n\t\t\n\t\t<a class=\"elementor-post__read-more\" href=\"https:\/\/kastelmeble.radom.pl\/bisparkiet\/zalety-deski-tarasowej-thermo-sosna-i-jesion\/\" aria-label=\"Read more about Zalety deski tarasowej thermo sosna i jesion\" tabindex=\"-1\" >\n\t\t\tCzytaj wiecej \u00bb\t\t<\/a>\n\n\t\t\t\t<\/div>\n\t\t\t\t\t<\/div>\n\t\t<\/article>\n\t\t\t\t<article class=\"elementor-post elementor-grid-item post-3276 post type-post status-publish format-standard has-post-thumbnail hentry category-bez-kategorii\">\n\t\t\t<div class=\"elementor-post__card\">\n\t\t\t\t<a class=\"elementor-post__thumbnail__link\" href=\"https:\/\/kastelmeble.radom.pl\/bisparkiet\/zalety-deski-tarasowej-kompozytowej\/\" tabindex=\"-1\" ><div class=\"elementor-post__thumbnail\"><img loading=\"lazy\" decoding=\"async\" width=\"912\" height=\"743\" src=\"https:\/\/kastelmeble.radom.pl\/bisparkiet\/wp-content\/uploads\/2025\/05\/3.webp\" class=\"attachment-2048x2048 size-2048x2048 wp-image-3277 not-transparent\" alt=\"Zalety deski tarasowej kompozytowej?\" srcset=\"https:\/\/kastelmeble.radom.pl\/bisparkiet\/wp-content\/uploads\/2025\/05\/3.webp 912w, https:\/\/kastelmeble.radom.pl\/bisparkiet\/wp-content\/uploads\/2025\/05\/3-300x244.webp 300w, https:\/\/kastelmeble.radom.pl\/bisparkiet\/wp-content\/uploads\/2025\/05\/3-768x626.webp 768w\" sizes=\"(max-width: 912px) 100vw, 912px\" data-has-transparency=\"false\" data-dominant-color=\"bba999\" style=\"--dominant-color: #bba999;\" \/><\/div><\/a>\n\t\t\t\t<div class=\"elementor-post__text\">\n\t\t\t\t<h3 class=\"elementor-post__title\">\n\t\t\t<a href=\"https:\/\/kastelmeble.radom.pl\/bisparkiet\/zalety-deski-tarasowej-kompozytowej\/\" >\n\t\t\t\tZalety deski tarasowej kompozytowej?\t\t\t<\/a>\n\t\t<\/h3>\n\t\t\t\t<div class=\"elementor-post__excerpt\">\n\t\t\t<p>Budowa tarasu to inwestycja na lata, dlatego wyb\u00f3r odpowiedniego materia\u0142u jest kluczowy. Deski tarasowe kompozytowe staj\u0105 si\u0119 coraz bardziej popularne dzi\u0119ki swoim licznym zaletom. W tym artykule om\u00f3wimy korzy\u015bci p\u0142yn\u0105ce z u\u017cycia deski tarasowej kompozytowej oraz dlaczego warto rozwa\u017cy\u0107 ten materia\u0142 przy budowie swojego tarasu. Trwa\u0142o\u015b\u0107 i Wytrzyma\u0142o\u015b\u0107 Odporno\u015b\u0107 na<\/p>\n\t\t<\/div>\n\t\t\n\t\t<a class=\"elementor-post__read-more\" href=\"https:\/\/kastelmeble.radom.pl\/bisparkiet\/zalety-deski-tarasowej-kompozytowej\/\" aria-label=\"Read more about Zalety deski tarasowej kompozytowej?\" tabindex=\"-1\" >\n\t\t\tCzytaj wiecej \u00bb\t\t<\/a>\n\n\t\t\t\t<\/div>\n\t\t\t\t\t<\/div>\n\t\t<\/article>\n\t\t\t\t<article class=\"elementor-post elementor-grid-item post-3273 post type-post status-publish format-standard has-post-thumbnail hentry category-bez-kategorii\">\n\t\t\t<div class=\"elementor-post__card\">\n\t\t\t\t<a class=\"elementor-post__thumbnail__link\" href=\"https:\/\/kastelmeble.radom.pl\/bisparkiet\/co-wyroznia-tarasy-z-drewna-iglastego\/\" tabindex=\"-1\" ><div class=\"elementor-post__thumbnail\"><img loading=\"lazy\" decoding=\"async\" width=\"912\" height=\"743\" src=\"https:\/\/kastelmeble.radom.pl\/bisparkiet\/wp-content\/uploads\/2025\/05\/2.webp\" class=\"attachment-2048x2048 size-2048x2048 wp-image-3274 not-transparent\" alt=\"Co wyr\u00f3\u017cnia tarasy z drewna iglastego?\" srcset=\"https:\/\/kastelmeble.radom.pl\/bisparkiet\/wp-content\/uploads\/2025\/05\/2.webp 912w, https:\/\/kastelmeble.radom.pl\/bisparkiet\/wp-content\/uploads\/2025\/05\/2-300x244.webp 300w, https:\/\/kastelmeble.radom.pl\/bisparkiet\/wp-content\/uploads\/2025\/05\/2-768x626.webp 768w\" sizes=\"(max-width: 912px) 100vw, 912px\" data-has-transparency=\"false\" data-dominant-color=\"dad2c4\" style=\"--dominant-color: #dad2c4;\" \/><\/div><\/a>\n\t\t\t\t<div class=\"elementor-post__text\">\n\t\t\t\t<h3 class=\"elementor-post__title\">\n\t\t\t<a href=\"https:\/\/kastelmeble.radom.pl\/bisparkiet\/co-wyroznia-tarasy-z-drewna-iglastego\/\" >\n\t\t\t\tCo wyr\u00f3\u017cnia tarasy z drewna iglastego?\t\t\t<\/a>\n\t\t<\/h3>\n\t\t\t\t<div class=\"elementor-post__excerpt\">\n\t\t\t<p>Wyb\u00f3r materia\u0142u na taras ma kluczowe znaczenie dla jego trwa\u0142o\u015bci, wygl\u0105du i funkcjonalno\u015bci. Drewno iglaste, takie jak modrzew syberyjski i \u015bwierk, to popularne opcje, kt\u00f3re oferuj\u0105 wiele zalet. W tym artykule om\u00f3wimy korzy\u015bci wynikaj\u0105ce z u\u017cycia deski tarasowej z drewna iglastego oraz dlaczego warto rozwa\u017cy\u0107 te materia\u0142y przy budowie swojego<\/p>\n\t\t<\/div>\n\t\t\n\t\t<a class=\"elementor-post__read-more\" href=\"https:\/\/kastelmeble.radom.pl\/bisparkiet\/co-wyroznia-tarasy-z-drewna-iglastego\/\" aria-label=\"Read more about Co wyr\u00f3\u017cnia tarasy z drewna iglastego?\" tabindex=\"-1\" >\n\t\t\tCzytaj wiecej \u00bb\t\t<\/a>\n\n\t\t\t\t<\/div>\n\t\t\t\t\t<\/div>\n\t\t<\/article>\n\t\t\t\t<article class=\"elementor-post elementor-grid-item post-3265 post type-post status-publish format-standard has-post-thumbnail hentry category-bez-kategorii\">\n\t\t\t<div class=\"elementor-post__card\">\n\t\t\t\t<a class=\"elementor-post__thumbnail__link\" href=\"https:\/\/kastelmeble.radom.pl\/bisparkiet\/zalety-tarasow-wykonanych-z-deski-egzotycznej\/\" tabindex=\"-1\" ><div class=\"elementor-post__thumbnail\"><img loading=\"lazy\" decoding=\"async\" width=\"912\" height=\"743\" src=\"https:\/\/kastelmeble.radom.pl\/bisparkiet\/wp-content\/uploads\/2025\/05\/merbau-m.webp\" class=\"attachment-2048x2048 size-2048x2048 wp-image-3266 not-transparent\" alt=\"Zalety taras\u00f3w wykonanych z deski egzotycznej\" srcset=\"https:\/\/kastelmeble.radom.pl\/bisparkiet\/wp-content\/uploads\/2025\/05\/merbau-m.webp 912w, https:\/\/kastelmeble.radom.pl\/bisparkiet\/wp-content\/uploads\/2025\/05\/merbau-m-300x244.webp 300w, https:\/\/kastelmeble.radom.pl\/bisparkiet\/wp-content\/uploads\/2025\/05\/merbau-m-768x626.webp 768w\" sizes=\"(max-width: 912px) 100vw, 912px\" data-has-transparency=\"false\" data-dominant-color=\"e0c5c0\" style=\"--dominant-color: #e0c5c0;\" \/><\/div><\/a>\n\t\t\t\t<div class=\"elementor-post__text\">\n\t\t\t\t<h3 class=\"elementor-post__title\">\n\t\t\t<a href=\"https:\/\/kastelmeble.radom.pl\/bisparkiet\/zalety-tarasow-wykonanych-z-deski-egzotycznej\/\" >\n\t\t\t\tZalety taras\u00f3w wykonanych z deski egzotycznej\t\t\t<\/a>\n\t\t<\/h3>\n\t\t\t\t<div class=\"elementor-post__excerpt\">\n\t\t\t<p>Dlaczego Warto Wybra\u0107 Deski Tarasowe Egzotyczne? Wyb\u00f3r materia\u0142u na taras jest kluczowy dla jego trwa\u0142o\u015bci, estetyki i funkcjonalno\u015bci. Deski tarasowe egzotyczne zyskuj\u0105 coraz wi\u0119ksz\u0105 popularno\u015b\u0107 dzi\u0119ki swoim wyj\u0105tkowym w\u0142a\u015bciwo\u015bciom i niezr\u00f3wnanym walorom estetycznym. W tym artykule om\u00f3wimy zalety taras\u00f3w wykonanych z deski tarasowej egzotycznej oraz dlaczego warto zainwestowa\u0107 w ten<\/p>\n\t\t<\/div>\n\t\t\n\t\t<a class=\"elementor-post__read-more\" href=\"https:\/\/kastelmeble.radom.pl\/bisparkiet\/zalety-tarasow-wykonanych-z-deski-egzotycznej\/\" aria-label=\"Read more about Zalety taras\u00f3w wykonanych z deski egzotycznej\" tabindex=\"-1\" >\n\t\t\tCzytaj wiecej \u00bb\t\t<\/a>\n\n\t\t\t\t<\/div>\n\t\t\t\t\t<\/div>\n\t\t<\/article>\n\t\t\t\t<\/div>\n\t\t\n\t\t\t\t\t\t<\/div>\n\t\t\t\t<\/div>\n\t\t\t\t\t<\/div>\n\t\t\t\t<\/div>\n\t\t\t\t<\/div>\n\t\t","protected":false},"excerpt":{"rendered":"<p>Blog BISparkiet \u2013 Drewno, kt\u00f3re inspiruje Poznaj \u015bwiat taras\u00f3w, elewacji i drewna naturalnego!Na naszym blogu dzielimy si\u0119 wiedz\u0105, poradami i inspiracjami na temat desek tarasowych, altan ogrodowych, elewacji drewnianych, piel\u0119gnacji drewna oraz nowo\u015bci produktowych.Dowiedz si\u0119, jak wybra\u0107 najlepsze materia\u0142y, na co zwr\u00f3ci\u0107 uwag\u0119 przy monta\u017cu, czym si\u0119 r\u00f3\u017cni drewno krajowe od egzotycznego \u2013 i jak [&hellip;]<\/p>\n","protected":false},"author":1,"featured_media":0,"parent":0,"menu_order":0,"comment_status":"closed","ping_status":"closed","template":"","meta":{"footnotes":""},"class_list":["post-3282","page","type-page","status-publish","hentry"],"blocksy_meta":[],"_links":{"self":[{"href":"https:\/\/kastelmeble.radom.pl\/bisparkiet\/wp-json\/wp\/v2\/pages\/3282","targetHints":{"allow":["GET"]}}],"collection":[{"href":"https:\/\/kastelmeble.radom.pl\/bisparkiet\/wp-json\/wp\/v2\/pages"}],"about":[{"href":"https:\/\/kastelmeble.radom.pl\/bisparkiet\/wp-json\/wp\/v2\/types\/page"}],"author":[{"embeddable":true,"href":"https:\/\/kastelmeble.radom.pl\/bisparkiet\/wp-json\/wp\/v2\/users\/1"}],"replies":[{"embeddable":true,"href":"https:\/\/kastelmeble.radom.pl\/bisparkiet\/wp-json\/wp\/v2\/comments?post=3282"}],"version-history":[{"count":23,"href":"https:\/\/kastelmeble.radom.pl\/bisparkiet\/wp-json\/wp\/v2\/pages\/3282\/revisions"}],"predecessor-version":[{"id":3488,"href":"https:\/\/kastelmeble.radom.pl\/bisparkiet\/wp-json\/wp\/v2\/pages\/3282\/revisions\/3488"}],"wp:attachment":[{"href":"https:\/\/kastelmeble.radom.pl\/bisparkiet\/wp-json\/wp\/v2\/media?parent=3282"}],"curies":[{"name":"wp","href":"https:\/\/api.w.org\/{rel}","templated":true}]}}